{"id":12,"date":"2023-07-16T15:59:41","date_gmt":"2023-07-16T15:59:41","guid":{"rendered":"https:\/\/nightclubliquor.com\/?page_id=12"},"modified":"2023-07-17T17:40:25","modified_gmt":"2023-07-17T17:40:25","slug":"refund_returns","status":"publish","type":"page","link":"https:\/\/www.nightclubliquor.com\/es\/refund_returns\/","title":{"rendered":"Pol\u00edtica de reembolso y devoluciones"},"content":{"rendered":"<div data-elementor-type=\"wp-page\" data-elementor-id=\"12\" class=\"elementor elementor-12\">\n\t\t\t\t\t\t<section class=\"elementor-section elementor-top-section elementor-element elementor-element-6c84f188 elementor-section-boxed elementor-section-height-default elementor-section-height-default wd-section-disabled\" data-id=\"6c84f188\" data-element_type=\"section\">\n\t\t\t\t\t\t<div class=\"elementor-container elementor-column-gap-default\">\n\t\t\t\t\t<div class=\"elementor-column elementor-col-100 elementor-top-column elementor-element elementor-element-52132d27\" data-id=\"52132d27\" data-element_type=\"column\">\n\t\t\t<div class=\"elementor-widget-wrap elementor-element-populated\">\n\t\t\t\t\t\t<div class=\"elementor-element elementor-element-6b440e7f color-scheme-inherit text-left elementor-widget elementor-widget-text-editor\" data-id=\"6b440e7f\" data-element_type=\"widget\" data-widget_type=\"text-editor.default\">\n\t\t\t\t<div class=\"elementor-widget-container\">\n\t\t\t\t\t\t\t\t\t\n<h3>Descripci\u00f3n general<\/h3>\n\n<p>Nuestra pol\u00edtica de reembolso y devoluciones tiene una duraci\u00f3n de 30 d\u00edas. Si han pasado 30 d\u00edas desde su compra, no podemos ofrecerle un reembolso completo o un cambio.<\/p>\n\n<p>Para ser elegible para una devoluci\u00f3n, su art\u00edculo debe estar sin usar y en las mismas condiciones en que lo recibi\u00f3. Tambi\u00e9n debe estar en el embalaje original.<\/p>\n\n<p>Varios tipos de bienes est\u00e1n exentos de ser devueltos. Los productos perecederos como alimentos, bebidas, co\u00f1ac, whisky, vino tinto, licor de China, flores, peri\u00f3dicos o revistas no pueden devolverse. Tampoco aceptamos productos que sean art\u00edculos \u00edntimos o sanitarios, materiales peligrosos o l\u00edquidos o gases inflamables.<\/p>\n\n<p>Art\u00edculos adicionales no retornables:<\/p>\n\n<ul class=\"wp-block-list\">\n<li>Tarjetas de regalo<\/li>\n<li>Productos de software descargables<\/li>\n<li>Algunos art\u00edculos de salud y cuidado personal<\/li>\n<\/ul>\n\n<p>Para completar su devoluci\u00f3n, requerimos un recibo o comprobante de compra.<\/p>\n\n<p>Por favor, no devuelva su compra al fabricante.<\/p>\n\n<p>Hay ciertas situaciones en las que solo se otorgan reembolsos parciales:<\/p>\n\n<ul class=\"wp-block-list\">\n<li>Libro con evidentes signos de uso.<\/li>\n<li>CD, DVD, cinta VHS, software, videojuego, cinta de casete o disco de vinilo que se haya abierto.<\/li>\n<li>Cualquier art\u00edculo que no est\u00e9 en su estado original, est\u00e9 da\u00f1ado o le falten piezas por causas ajenas a nuestro error.<\/li>\n<li>Cualquier art\u00edculo que se devuelva m\u00e1s de 30 d\u00edas despu\u00e9s de la entrega<\/li>\n<\/ul>\n\n<h2>Reembolsos<\/h2>\n\n<p>Una vez que se reciba e inspeccione su devoluci\u00f3n, le enviaremos un correo electr\u00f3nico para notificarle que hemos recibido su art\u00edculo devuelto. Tambi\u00e9n le notificaremos la aprobaci\u00f3n o rechazo de su reembolso.<\/p>\n\n<p>Si se aprueba, se procesar\u00e1 su reembolso y se aplicar\u00e1 autom\u00e1ticamente un cr\u00e9dito a su tarjeta de cr\u00e9dito o m\u00e9todo de pago original, dentro de una cierta cantidad de d\u00edas.<\/p>\n\n<p><b>Reembolsos atrasados o faltantes<\/b><\/p>\n\n<p>Si a\u00fan no ha recibido un reembolso, primero verifique nuevamente su cuenta relacionada.<\/p>\n\n<p>Luego, comun\u00edquese con la compa\u00f1\u00eda de su tarjeta de cr\u00e9dito, puede tomar alg\u00fan tiempo antes de que se publique oficialmente su reembolso.<\/p>\n\n<p>A continuaci\u00f3n, p\u00f3ngase en contacto con nosotros. A menudo hay alg\u00fan tiempo de procesamiento antes de que se publique un reembolso.<\/p>\n\n<p>Si ha hecho todo esto y a\u00fan no ha recibido su reembolso, comun\u00edquese con nosotros a {direcci\u00f3n de correo electr\u00f3nico}.<\/p>\n\n<p><b>Art\u00edculos a la venta<\/b><\/p>\n\n<p>Solo se pueden reembolsar los art\u00edculos de precio regular. Los art\u00edculos en oferta no se pueden reembolsar.<\/p>\n\n<h2>Intercambios<\/h2>\n\n<p>Solo reemplazamos art\u00edculos si est\u00e1n defectuosos o da\u00f1ados. Si necesita cambiarlo por el mismo art\u00edculo, env\u00edenos un correo electr\u00f3nico a {direcci\u00f3n de correo electr\u00f3nico} y env\u00ede su art\u00edculo a: {direcci\u00f3n f\u00edsica}.<\/p>\n\n<h2>Regalos<\/h2>\n\n<p>Si el art\u00edculo se marc\u00f3 como regalo cuando lo compr\u00f3 y se lo envi\u00f3 directamente, recibir\u00e1 un cr\u00e9dito de regalo por el valor de su devoluci\u00f3n. Una vez que se reciba el art\u00edculo devuelto, se le enviar\u00e1 por correo un certificado de regalo.<\/p>\n\n<p>Si el art\u00edculo no se marc\u00f3 como un regalo cuando se compr\u00f3, o si el obsequio envi\u00f3 el pedido para entreg\u00e1rselo a usted m\u00e1s tarde, le enviaremos un reembolso al obsequio y se enterar\u00e1 de su devoluci\u00f3n.<\/p>\n\n<h2>Env\u00edo y devoluciones<\/h2>\n\n<p>Para devolver su producto, debe enviarlo por correo a: {direcci\u00f3n f\u00edsica}.<\/p>\n\n<p>Usted ser\u00e1 responsable de pagar sus propios costos de env\u00edo para devolver su art\u00edculo. Los gastos de env\u00edo no son reembolsables. Si recibe un reembolso, el costo del env\u00edo de devoluci\u00f3n se deducir\u00e1 de su reembolso.<\/p>\n\n<p>Dependiendo de d\u00f3nde viva, el tiempo que puede tardar en llegarle el producto intercambiado puede variar.<\/p>\n\n<p>Si est\u00e1 devolviendo art\u00edculos m\u00e1s caros, puede considerar usar un servicio de env\u00edo rastreable o comprar un seguro de env\u00edo. No garantizamos que recibiremos su art\u00edculo devuelto.<\/p>\n\n<h2>\u00bfNecesitas ayuda?<\/h2>\n\n<p>Cont\u00e1ctenos en {email} para preguntas relacionadas con reembolsos y devoluciones.<\/p>\n\t\t\t\t\t\t\t\t<\/div>\n\t\t\t\t<\/div>\n\t\t\t\t\t<\/div>\n\t\t<\/div>\n\t\t\t\t\t<\/div>\n\t\t<\/section>\n\t\t\t\t<\/div>","protected":false},"excerpt":{"rendered":"<p>Descripci\u00f3n general Nuestra pol\u00edtica de reembolso y devoluciones tiene una duraci\u00f3n de 30 d\u00edas. Si han pasado 30 d\u00edas desde su compra, no podemos ofrecer<\/p>","protected":false},"author":1,"featured_media":0,"parent":0,"menu_order":0,"comment_status":"closed","ping_status":"closed","template":"","meta":{"footnotes":""},"class_list":["post-12","page","type-page","status-publish","hentry"],"yoast_head":"<!-- This site is optimized with the Yoast SEO Premium plugin v20.13 (Yoast SEO v26.6) - https:\/\/yoast.com\/wordpress\/plugins\/seo\/ -->\n<title>Refund and Returns Policy - Guangzhou Sensnwine-Worldfamouswine|Nightclub liquors suppiler<\/title>\n<meta name=\"robots\" content=\"index, follow, max-snippet:-1, max-image-preview:large, max-video-preview:-1\" \/>\n<link rel=\"canonical\" href=\"https:\/\/www.nightclubliquor.com\/es\/refund_returns\/\" \/>\n<meta property=\"og:locale\" content=\"es_MX\" \/>\n<meta property=\"og:type\" content=\"article\" \/>\n<meta property=\"og:title\" content=\"Refund and Returns Policy\" \/>\n<meta property=\"og:description\" content=\"Overview Our refund and returns policy lasts 30 days. If 30 days have passed since your purchase, we can\u2019t offer\" \/>\n<meta property=\"og:url\" content=\"https:\/\/www.nightclubliquor.com\/es\/refund_returns\/\" \/>\n<meta property=\"og:site_name\" content=\"Guangzhou Sensnwine-Worldfamouswine|Nightclub liquors suppiler\" \/>\n<meta property=\"article:publisher\" content=\"https:\/\/www.facebook.com\/39wine.cn\" \/>\n<meta property=\"article:modified_time\" content=\"2023-07-17T17:40:25+00:00\" \/>\n<meta name=\"twitter:card\" content=\"summary_large_image\" \/>\n<meta name=\"twitter:site\" content=\"@sensnwine\" \/>\n<meta name=\"twitter:label1\" content=\"Tiempo de lectura\" \/>\n\t<meta name=\"twitter:data1\" content=\"3 minutos\" \/>\n<script type=\"application\/ld+json\" class=\"yoast-schema-graph\">{\"@context\":\"https:\/\/schema.org\",\"@graph\":[{\"@type\":\"WebPage\",\"@id\":\"https:\/\/www.nightclubliquor.com\/refund_returns\/\",\"url\":\"https:\/\/www.nightclubliquor.com\/refund_returns\/\",\"name\":\"Refund and Returns Policy - Guangzhou Sensnwine-Worldfamouswine|Nightclub liquors suppiler\",\"isPartOf\":{\"@id\":\"https:\/\/www.nightclubliquor.com\/en-us\/#website\"},\"datePublished\":\"2023-07-16T15:59:41+00:00\",\"dateModified\":\"2023-07-17T17:40:25+00:00\",\"breadcrumb\":{\"@id\":\"https:\/\/www.nightclubliquor.com\/refund_returns\/#breadcrumb\"},\"inLanguage\":\"es\",\"potentialAction\":[{\"@type\":\"ReadAction\",\"target\":[\"https:\/\/www.nightclubliquor.com\/refund_returns\/\"]}]},{\"@type\":\"BreadcrumbList\",\"@id\":\"https:\/\/www.nightclubliquor.com\/refund_returns\/#breadcrumb\",\"itemListElement\":[{\"@type\":\"ListItem\",\"position\":1,\"name\":\"Home\",\"item\":\"https:\/\/www.nightclubliquor.com\/\"},{\"@type\":\"ListItem\",\"position\":2,\"name\":\"Refund and Returns Policy\"}]},{\"@type\":\"WebSite\",\"@id\":\"https:\/\/www.nightclubliquor.com\/en-us\/#website\",\"url\":\"https:\/\/www.nightclubliquor.com\/en-us\/\",\"name\":\"Guangzhou Sensnwine-Worldfamouswine|Nightclub Liquors Wholesale\",\"description\":\"Supply of primary source of nightclub liquors, Cognac, Whisky, Wine, Chinese Liquor\",\"alternateName\":\"Wholesale of famous brands of nightclub liquors\",\"potentialAction\":[{\"@type\":\"SearchAction\",\"target\":{\"@type\":\"EntryPoint\",\"urlTemplate\":\"https:\/\/www.nightclubliquor.com\/en-us\/?s={search_term_string}\"},\"query-input\":{\"@type\":\"PropertyValueSpecification\",\"valueRequired\":true,\"valueName\":\"search_term_string\"}}],\"inLanguage\":\"es\"}]}<\/script>\n<!-- \/ Yoast SEO Premium plugin. -->","yoast_head_json":{"title":"Refund and Returns Policy - Guangzhou Sensnwine-Worldfamouswine|Nightclub liquors suppiler","robots":{"index":"index","follow":"follow","max-snippet":"max-snippet:-1","max-image-preview":"max-image-preview:large","max-video-preview":"max-video-preview:-1"},"canonical":"https:\/\/www.nightclubliquor.com\/es\/refund_returns\/","og_locale":"es_MX","og_type":"article","og_title":"Refund and Returns Policy","og_description":"Overview Our refund and returns policy lasts 30 days. If 30 days have passed since your purchase, we can\u2019t offer","og_url":"https:\/\/www.nightclubliquor.com\/es\/refund_returns\/","og_site_name":"Guangzhou Sensnwine-Worldfamouswine|Nightclub liquors suppiler","article_publisher":"https:\/\/www.facebook.com\/39wine.cn","article_modified_time":"2023-07-17T17:40:25+00:00","twitter_card":"summary_large_image","twitter_site":"@sensnwine","twitter_misc":{"Tiempo de lectura":"3 minutos"},"schema":{"@context":"https:\/\/schema.org","@graph":[{"@type":"WebPage","@id":"https:\/\/www.nightclubliquor.com\/refund_returns\/","url":"https:\/\/www.nightclubliquor.com\/refund_returns\/","name":"Refund and Returns Policy - Guangzhou Sensnwine-Worldfamouswine|Nightclub liquors suppiler","isPartOf":{"@id":"https:\/\/www.nightclubliquor.com\/en-us\/#website"},"datePublished":"2023-07-16T15:59:41+00:00","dateModified":"2023-07-17T17:40:25+00:00","breadcrumb":{"@id":"https:\/\/www.nightclubliquor.com\/refund_returns\/#breadcrumb"},"inLanguage":"es","potentialAction":[{"@type":"ReadAction","target":["https:\/\/www.nightclubliquor.com\/refund_returns\/"]}]},{"@type":"BreadcrumbList","@id":"https:\/\/www.nightclubliquor.com\/refund_returns\/#breadcrumb","itemListElement":[{"@type":"ListItem","position":1,"name":"Home","item":"https:\/\/www.nightclubliquor.com\/"},{"@type":"ListItem","position":2,"name":"Refund and Returns Policy"}]},{"@type":"WebSite","@id":"https:\/\/www.nightclubliquor.com\/en-us\/#website","url":"https:\/\/www.nightclubliquor.com\/en-us\/","name":"Guangzhou Sensnwine-Worldfamouswine|Licores para discotecas al por mayor","description":"Suministro de la fuente principal de licores de clubes nocturnos, co\u00f1ac, whisky, vino, licor chino","alternateName":"Wholesale of famous brands of nightclub liquors","potentialAction":[{"@type":"SearchAction","target":{"@type":"EntryPoint","urlTemplate":"https:\/\/www.nightclubliquor.com\/en-us\/?s={search_term_string}"},"query-input":{"@type":"PropertyValueSpecification","valueRequired":true,"valueName":"search_term_string"}}],"inLanguage":"es"}]}},"_links":{"self":[{"href":"https:\/\/www.nightclubliquor.com\/es\/wp-json\/wp\/v2\/pages\/12","targetHints":{"allow":["GET"]}}],"collection":[{"href":"https:\/\/www.nightclubliquor.com\/es\/wp-json\/wp\/v2\/pages"}],"about":[{"href":"https:\/\/www.nightclubliquor.com\/es\/wp-json\/wp\/v2\/types\/page"}],"author":[{"embeddable":true,"href":"https:\/\/www.nightclubliquor.com\/es\/wp-json\/wp\/v2\/users\/1"}],"replies":[{"embeddable":true,"href":"https:\/\/www.nightclubliquor.com\/es\/wp-json\/wp\/v2\/comments?post=12"}],"version-history":[{"count":3,"href":"https:\/\/www.nightclubliquor.com\/es\/wp-json\/wp\/v2\/pages\/12\/revisions"}],"predecessor-version":[{"id":15640,"href":"https:\/\/www.nightclubliquor.com\/es\/wp-json\/wp\/v2\/pages\/12\/revisions\/15640"}],"wp:attachment":[{"href":"https:\/\/www.nightclubliquor.com\/es\/wp-json\/wp\/v2\/media?parent=12"}],"curies":[{"name":"wp","href":"https:\/\/api.w.org\/{rel}","templated":true}]}}