{"id":15770,"date":"2023-07-18T20:43:50","date_gmt":"2023-07-18T20:43:50","guid":{"rendered":"https:\/\/nightclubliquor.com\/?post_type=product&#038;p=15770"},"modified":"2026-01-21T09:57:46","modified_gmt":"2026-01-21T09:57:46","slug":"hennessy-vsop-cognac-wholesale","status":"publish","type":"product","link":"https:\/\/www.nightclubliquor.com\/es\/producto\/hennessy-vsop-cognac-wholesale\/","title":{"rendered":"Hennessy VSOP Co\u00f1ac al por mayor"},"content":{"rendered":"<div data-elementor-type=\"wp-post\" data-elementor-id=\"15770\" class=\"elementor elementor-15770\">\n\t\t\t\t\t\t<section class=\"elementor-section elementor-top-section elementor-element elementor-element-dbbecba elementor-section-boxed elementor-section-height-default elementor-section-height-default wd-section-disabled\" data-id=\"dbbecba\" data-element_type=\"section\">\n\t\t\t\t\t\t<div class=\"elementor-container elementor-column-gap-default\">\n\t\t\t\t\t<div class=\"elementor-column elementor-col-50 elementor-top-column elementor-element elementor-element-15df2c3\" data-id=\"15df2c3\" data-element_type=\"column\">\n\t\t\t<div class=\"elementor-widget-wrap elementor-element-populated\">\n\t\t\t\t\t\t<div class=\"elementor-element elementor-element-69c4ad4 elementor-widget elementor-widget-wd_text_block\" data-id=\"69c4ad4\" data-element_type=\"widget\" data-widget_type=\"wd_text_block.default\">\n\t\t\t\t<div class=\"elementor-widget-container\">\n\t\t\t\t\t\t\t<div class=\"wd-text-block reset-last-child text-left\">\n\t\t\t\n\t\t\t<h3 style=\"text-align: left;\"><strong>Cantidad m\u00ednima de pedido<\/strong> para enviar: <strong>5<\/strong> <strong>Cajas, no vender al por menor y no enviar en botella.<\/strong><\/h3>\n\t\t\t\t\t<\/div>\n\t\t\t\t\t\t<\/div>\n\t\t\t\t<\/div>\n\t\t\t\t<div class=\"elementor-element elementor-element-11c1ccb elementor-widget elementor-widget-wd_text_block\" data-id=\"11c1ccb\" data-element_type=\"widget\" data-widget_type=\"wd_text_block.default\">\n\t\t\t\t<div class=\"elementor-widget-container\">\n\t\t\t\t\t\t\t<div class=\"wd-text-block reset-last-child text-left\">\n\t\t\t\n\t\t\t<h3 style=\"text-align: left;\">Hennessy VSOP<\/h3><p>Hennessy VSOP transmite todo el saber hacer de los maestros mezcladores de Hennessy que han asegurado el \u00e9xito continuo de este conjunto armonioso durante 200 a\u00f1os. Hennessy VSOP es un co\u00f1ac de extraordinaria consistencia y vitalidad.<\/p>\n\t\t\t\t\t<\/div>\n\t\t\t\t\t\t<\/div>\n\t\t\t\t<\/div>\n\t\t\t\t\t<\/div>\n\t\t<\/div>\n\t\t\t\t<div class=\"elementor-column elementor-col-50 elementor-top-column elementor-element elementor-element-d05ac35\" data-id=\"d05ac35\" data-element_type=\"column\">\n\t\t\t<div class=\"elementor-widget-wrap elementor-element-populated\">\n\t\t\t\t\t\t<div class=\"elementor-element elementor-element-887e006 elementor-widget elementor-widget-wd_image_or_svg\" data-id=\"887e006\" data-element_type=\"widget\" data-widget_type=\"wd_image_or_svg.default\">\n\t\t\t\t<div class=\"elementor-widget-container\">\n\t\t\t\t\t\n\t\t<div class=\"wd-image text-left\">\n\t\t\t\t\t\t\t\t<img fetchpriority=\"high\" decoding=\"async\" width=\"800\" height=\"800\" src=\"https:\/\/www.nightclubliquor.com\/wp-content\/uploads\/2023\/07\/\u8f69\u5c3c\u8bd7vsop\u4e0a\u4f20\u4e3b\u56fe800\u573a\u666f.jpg\" class=\"attachment-full size-full wp-image-15782\" alt=\"\" srcset=\"https:\/\/www.nightclubliquor.com\/wp-content\/uploads\/2023\/07\/\u8f69\u5c3c\u8bd7vsop\u4e0a\u4f20\u4e3b\u56fe800\u573a\u666f.jpg 800w, https:\/\/www.nightclubliquor.com\/wp-content\/uploads\/2023\/07\/\u8f69\u5c3c\u8bd7vsop\u4e0a\u4f20\u4e3b\u56fe800\u573a\u666f-300x300.jpg 300w, https:\/\/www.nightclubliquor.com\/wp-content\/uploads\/2023\/07\/\u8f69\u5c3c\u8bd7vsop\u4e0a\u4f20\u4e3b\u56fe800\u573a\u666f-150x150.jpg 150w, https:\/\/www.nightclubliquor.com\/wp-content\/uploads\/2023\/07\/\u8f69\u5c3c\u8bd7vsop\u4e0a\u4f20\u4e3b\u56fe800\u573a\u666f-768x768.jpg 768w, https:\/\/www.nightclubliquor.com\/wp-content\/uploads\/2023\/07\/\u8f69\u5c3c\u8bd7vsop\u4e0a\u4f20\u4e3b\u56fe800\u573a\u666f-430x430.jpg 430w, https:\/\/www.nightclubliquor.com\/wp-content\/uploads\/2023\/07\/\u8f69\u5c3c\u8bd7vsop\u4e0a\u4f20\u4e3b\u56fe800\u573a\u666f-700x700.jpg 700w\" sizes=\"(max-width: 800px) 100vw, 800px\" \/>\t\t\t\t\t<\/div>\n\n\t\t\t\t\t\t<\/div>\n\t\t\t\t<\/div>\n\t\t\t\t\t<\/div>\n\t\t<\/div>\n\t\t\t\t\t<\/div>\n\t\t<\/section>\n\t\t\t\t<\/div>","protected":false},"excerpt":{"rendered":"<p><strong>Cantidad m\u00ednima de pedido<\/strong> para enviar: <strong>5<\/strong> <strong>Cajas, no vender al por menor y no enviar en botella.<\/strong><\/p>\n<p>Hennessy VSOP transmite todo el saber hacer de los maestros mezcladores de Hennessy que han asegurado el \u00e9xito continuo de este conjunto armonioso durante 200 a\u00f1os. Hennessy VSOP es un co\u00f1ac de extraordinaria consistencia y vitalidad.<\/p>","protected":false},"featured_media":15781,"comment_status":"open","ping_status":"closed","template":"","meta":[],"product_brand":[],"product_cat":[32],"product_tag":[78,77,79],"class_list":{"0":"post-15770","1":"product","2":"type-product","3":"status-publish","4":"has-post-thumbnail","6":"product_cat-cognac","7":"product_tag-hennessy","8":"product_tag-hennessyvsop","9":"product_tag-vsop","10":"product_shipping_class-land-transportation","12":"first","13":"instock","14":"sale","15":"taxable","16":"shipping-taxable","17":"purchasable","18":"product-type-variable"},"yoast_head":"<!-- This site is optimized with the Yoast SEO Premium plugin v20.13 (Yoast SEO v26.6) - https:\/\/yoast.com\/wordpress\/plugins\/seo\/ -->\n<title>Hennessy VSOP Cognac Wholesale - Guangzhou Sensnwine-Worldfamouswine|Nightclub liquors suppiler<\/title>\n<meta name=\"description\" content=\"Hennessy VSOP Cognac Wholesale for nightclub liquors. Hennessy V.S.O.P conveys all the savoir-faire of the Hennessy master blenders who have ensured...\" \/>\n<meta name=\"robots\" content=\"index, follow, max-snippet:-1, max-image-preview:large, max-video-preview:-1\" \/>\n<link rel=\"canonical\" href=\"https:\/\/www.nightclubliquor.com\/es\/producto\/hennessy-vsop-cognac-wholesale\/\" \/>\n<meta property=\"og:locale\" content=\"es_MX\" \/>\n<meta property=\"og:type\" content=\"article\" \/>\n<meta property=\"og:title\" content=\"Hennessy VSOP Cognac Wholesale Guangzhou Sensnwine-Worldfamouswine|Nightclub liquors suppiler\" \/>\n<meta property=\"og:description\" content=\"Hennessy VSOP Cognac Wholesale for nightclub liquors. Hennessy V.S.O.P conveys all the savoir-faire of the Hennessy master blenders who have ensured...\" \/>\n<meta property=\"og:url\" content=\"https:\/\/www.nightclubliquor.com\/es\/producto\/hennessy-vsop-cognac-wholesale\/\" \/>\n<meta property=\"og:site_name\" content=\"Guangzhou Sensnwine-Worldfamouswine|Nightclub liquors suppiler\" \/>\n<meta property=\"article:publisher\" content=\"https:\/\/www.facebook.com\/39wine.cn\" \/>\n<meta property=\"article:modified_time\" content=\"2026-01-21T09:57:46+00:00\" \/>\n<meta property=\"og:image\" content=\"https:\/\/www.nightclubliquor.com\/wp-content\/uploads\/2023\/07\/\u8f69\u5c3c\u8bd7VSOP\u526f\u672c.jpg\" \/>\n\t<meta property=\"og:image:width\" content=\"800\" \/>\n\t<meta property=\"og:image:height\" content=\"800\" \/>\n\t<meta property=\"og:image:type\" content=\"image\/jpeg\" \/>\n<meta name=\"twitter:card\" content=\"summary_large_image\" \/>\n<meta name=\"twitter:title\" content=\"Hennessy VSOP Cognac Wholesale Guangzhou Sensnwine-Worldfamouswine|Nightclub liquors suppiler\" \/>\n<meta name=\"twitter:site\" content=\"@sensnwine\" \/>\n<meta name=\"twitter:label1\" content=\"Tiempo de lectura\" \/>\n\t<meta name=\"twitter:data1\" content=\"1 minuto\" \/>\n<script type=\"application\/ld+json\" class=\"yoast-schema-graph\">{\"@context\":\"https:\/\/schema.org\",\"@graph\":[{\"@type\":\"WebPage\",\"@id\":\"https:\/\/www.nightclubliquor.com\/zh-cn\/product\/hennessy-vsop-cognac-wholesale\/\",\"url\":\"https:\/\/www.nightclubliquor.com\/zh-cn\/product\/hennessy-vsop-cognac-wholesale\/\",\"name\":\"Hennessy VSOP Cognac Wholesale - Guangzhou Sensnwine-Worldfamouswine|Nightclub liquors suppiler\",\"isPartOf\":{\"@id\":\"https:\/\/www.nightclubliquor.com\/en-us\/#website\"},\"primaryImageOfPage\":{\"@id\":\"https:\/\/www.nightclubliquor.com\/zh-cn\/product\/hennessy-vsop-cognac-wholesale\/#primaryimage\"},\"image\":{\"@id\":\"https:\/\/www.nightclubliquor.com\/zh-cn\/product\/hennessy-vsop-cognac-wholesale\/#primaryimage\"},\"thumbnailUrl\":\"https:\/\/www.nightclubliquor.com\/wp-content\/uploads\/2023\/07\/\u8f69\u5c3c\u8bd7VSOP\u526f\u672c.jpg\",\"datePublished\":\"2023-07-18T20:43:50+00:00\",\"dateModified\":\"2026-01-21T09:57:46+00:00\",\"description\":\"Hennessy VSOP Cognac Wholesale for nightclub liquors. Hennessy V.S.O.P conveys all the savoir-faire of the Hennessy master blenders who have ensured...\",\"breadcrumb\":{\"@id\":\"https:\/\/www.nightclubliquor.com\/zh-cn\/product\/hennessy-vsop-cognac-wholesale\/#breadcrumb\"},\"inLanguage\":\"es\",\"potentialAction\":[{\"@type\":\"ReadAction\",\"target\":[\"https:\/\/www.nightclubliquor.com\/zh-cn\/product\/hennessy-vsop-cognac-wholesale\/\"]}]},{\"@type\":\"ImageObject\",\"inLanguage\":\"es\",\"@id\":\"https:\/\/www.nightclubliquor.com\/zh-cn\/product\/hennessy-vsop-cognac-wholesale\/#primaryimage\",\"url\":\"https:\/\/www.nightclubliquor.com\/wp-content\/uploads\/2023\/07\/\u8f69\u5c3c\u8bd7VSOP\u526f\u672c.jpg\",\"contentUrl\":\"https:\/\/www.nightclubliquor.com\/wp-content\/uploads\/2023\/07\/\u8f69\u5c3c\u8bd7VSOP\u526f\u672c.jpg\",\"width\":800,\"height\":800},{\"@type\":\"BreadcrumbList\",\"@id\":\"https:\/\/www.nightclubliquor.com\/zh-cn\/product\/hennessy-vsop-cognac-wholesale\/#breadcrumb\",\"itemListElement\":[{\"@type\":\"ListItem\",\"position\":1,\"name\":\"Home\",\"item\":\"https:\/\/www.nightclubliquor.com\/\"},{\"@type\":\"ListItem\",\"position\":2,\"name\":\"Shop\",\"item\":\"https:\/\/www.nightclubliquor.com\/en-us\/shop\/\"},{\"@type\":\"ListItem\",\"position\":3,\"name\":\"Hennessy VSOP Cognac Wholesale\"}]},{\"@type\":\"WebSite\",\"@id\":\"https:\/\/www.nightclubliquor.com\/en-us\/#website\",\"url\":\"https:\/\/www.nightclubliquor.com\/en-us\/\",\"name\":\"Guangzhou Sensnwine-Worldfamouswine|Nightclub Liquors Wholesale\",\"description\":\"Supply of primary source of nightclub liquors, Cognac, Whisky, Wine, Chinese Liquor\",\"alternateName\":\"Wholesale of famous brands of nightclub liquors\",\"potentialAction\":[{\"@type\":\"SearchAction\",\"target\":{\"@type\":\"EntryPoint\",\"urlTemplate\":\"https:\/\/www.nightclubliquor.com\/en-us\/?s={search_term_string}\"},\"query-input\":{\"@type\":\"PropertyValueSpecification\",\"valueRequired\":true,\"valueName\":\"search_term_string\"}}],\"inLanguage\":\"es\"}]}<\/script>\n<!-- \/ Yoast SEO Premium plugin. -->","yoast_head_json":{"title":"Hennessy VSOP Cognac Wholesale - Guangzhou Sensnwine-Worldfamouswine|Suplidor de licores para clubes nocturnos","description":"Hennessy VSOP Cognac Wholesale for nightclub liquors. Hennessy V.S.O.P conveys all the savoir-faire of the Hennessy master blenders who have ensured...","robots":{"index":"index","follow":"follow","max-snippet":"max-snippet:-1","max-image-preview":"max-image-preview:large","max-video-preview":"max-video-preview:-1"},"canonical":"https:\/\/www.nightclubliquor.com\/es\/producto\/hennessy-vsop-cognac-wholesale\/","og_locale":"es_MX","og_type":"article","og_title":"Hennessy VSOP Cognac Wholesale Guangzhou Sensnwine-Worldfamouswine|Nightclub liquors suppiler","og_description":"Hennessy VSOP Cognac Wholesale for nightclub liquors. Hennessy V.S.O.P conveys all the savoir-faire of the Hennessy master blenders who have ensured...","og_url":"https:\/\/www.nightclubliquor.com\/es\/producto\/hennessy-vsop-cognac-wholesale\/","og_site_name":"Guangzhou Sensnwine-Worldfamouswine|Nightclub liquors suppiler","article_publisher":"https:\/\/www.facebook.com\/39wine.cn","article_modified_time":"2026-01-21T09:57:46+00:00","og_image":[{"width":800,"height":800,"url":"https:\/\/www.nightclubliquor.com\/wp-content\/uploads\/2023\/07\/\u8f69\u5c3c\u8bd7VSOP\u526f\u672c.jpg","type":"image\/jpeg"}],"twitter_card":"summary_large_image","twitter_title":"Hennessy VSOP Cognac Wholesale Guangzhou Sensnwine-Worldfamouswine|Nightclub liquors suppiler","twitter_site":"@sensnwine","twitter_misc":{"Tiempo de lectura":"1 minuto"},"schema":{"@context":"https:\/\/schema.org","@graph":[{"@type":"WebPage","@id":"https:\/\/www.nightclubliquor.com\/zh-cn\/product\/hennessy-vsop-cognac-wholesale\/","url":"https:\/\/www.nightclubliquor.com\/zh-cn\/product\/hennessy-vsop-cognac-wholesale\/","name":"Hennessy VSOP Cognac Wholesale - Guangzhou Sensnwine-Worldfamouswine|Suplidor de licores para clubes nocturnos","isPartOf":{"@id":"https:\/\/www.nightclubliquor.com\/en-us\/#website"},"primaryImageOfPage":{"@id":"https:\/\/www.nightclubliquor.com\/zh-cn\/product\/hennessy-vsop-cognac-wholesale\/#primaryimage"},"image":{"@id":"https:\/\/www.nightclubliquor.com\/zh-cn\/product\/hennessy-vsop-cognac-wholesale\/#primaryimage"},"thumbnailUrl":"https:\/\/www.nightclubliquor.com\/wp-content\/uploads\/2023\/07\/\u8f69\u5c3c\u8bd7VSOP\u526f\u672c.jpg","datePublished":"2023-07-18T20:43:50+00:00","dateModified":"2026-01-21T09:57:46+00:00","description":"Hennessy VSOP Cognac Wholesale for nightclub liquors. Hennessy V.S.O.P conveys all the savoir-faire of the Hennessy master blenders who have ensured...","breadcrumb":{"@id":"https:\/\/www.nightclubliquor.com\/zh-cn\/product\/hennessy-vsop-cognac-wholesale\/#breadcrumb"},"inLanguage":"es","potentialAction":[{"@type":"ReadAction","target":["https:\/\/www.nightclubliquor.com\/zh-cn\/product\/hennessy-vsop-cognac-wholesale\/"]}]},{"@type":"ImageObject","inLanguage":"es","@id":"https:\/\/www.nightclubliquor.com\/zh-cn\/product\/hennessy-vsop-cognac-wholesale\/#primaryimage","url":"https:\/\/www.nightclubliquor.com\/wp-content\/uploads\/2023\/07\/\u8f69\u5c3c\u8bd7VSOP\u526f\u672c.jpg","contentUrl":"https:\/\/www.nightclubliquor.com\/wp-content\/uploads\/2023\/07\/\u8f69\u5c3c\u8bd7VSOP\u526f\u672c.jpg","width":800,"height":800},{"@type":"BreadcrumbList","@id":"https:\/\/www.nightclubliquor.com\/zh-cn\/product\/hennessy-vsop-cognac-wholesale\/#breadcrumb","itemListElement":[{"@type":"ListItem","position":1,"name":"Home","item":"https:\/\/www.nightclubliquor.com\/"},{"@type":"ListItem","position":2,"name":"Shop","item":"https:\/\/www.nightclubliquor.com\/en-us\/shop\/"},{"@type":"ListItem","position":3,"name":"Hennessy VSOP Cognac Wholesale"}]},{"@type":"WebSite","@id":"https:\/\/www.nightclubliquor.com\/en-us\/#website","url":"https:\/\/www.nightclubliquor.com\/en-us\/","name":"Guangzhou Sensnwine-Worldfamouswine|Licores para discotecas al por mayor","description":"Suministro de la fuente principal de licores de clubes nocturnos, co\u00f1ac, whisky, vino, licor chino","alternateName":"Wholesale of famous brands of nightclub liquors","potentialAction":[{"@type":"SearchAction","target":{"@type":"EntryPoint","urlTemplate":"https:\/\/www.nightclubliquor.com\/en-us\/?s={search_term_string}"},"query-input":{"@type":"PropertyValueSpecification","valueRequired":true,"valueName":"search_term_string"}}],"inLanguage":"es"}]}},"_links":{"self":[{"href":"https:\/\/www.nightclubliquor.com\/es\/wp-json\/wp\/v2\/product\/15770","targetHints":{"allow":["GET"]}}],"collection":[{"href":"https:\/\/www.nightclubliquor.com\/es\/wp-json\/wp\/v2\/product"}],"about":[{"href":"https:\/\/www.nightclubliquor.com\/es\/wp-json\/wp\/v2\/types\/product"}],"replies":[{"embeddable":true,"href":"https:\/\/www.nightclubliquor.com\/es\/wp-json\/wp\/v2\/comments?post=15770"}],"version-history":[{"count":26,"href":"https:\/\/www.nightclubliquor.com\/es\/wp-json\/wp\/v2\/product\/15770\/revisions"}],"predecessor-version":[{"id":16263,"href":"https:\/\/www.nightclubliquor.com\/es\/wp-json\/wp\/v2\/product\/15770\/revisions\/16263"}],"wp:featuredmedia":[{"embeddable":true,"href":"https:\/\/www.nightclubliquor.com\/es\/wp-json\/wp\/v2\/media\/15781"}],"wp:attachment":[{"href":"https:\/\/www.nightclubliquor.com\/es\/wp-json\/wp\/v2\/media?parent=15770"}],"wp:term":[{"taxonomy":"product_brand","embeddable":true,"href":"https:\/\/www.nightclubliquor.com\/es\/wp-json\/wp\/v2\/product_brand?post=15770"},{"taxonomy":"product_cat","embeddable":true,"href":"https:\/\/www.nightclubliquor.com\/es\/wp-json\/wp\/v2\/product_cat?post=15770"},{"taxonomy":"product_tag","embeddable":true,"href":"https:\/\/www.nightclubliquor.com\/es\/wp-json\/wp\/v2\/product_tag?post=15770"}],"curies":[{"name":"wp","href":"https:\/\/api.w.org\/{rel}","templated":true}]}}