{"id":16025,"date":"2023-07-25T09:32:27","date_gmt":"2023-07-25T09:32:27","guid":{"rendered":"https:\/\/nightclubliquor.com\/?post_type=product&#038;p=16025"},"modified":"2023-08-13T16:08:57","modified_gmt":"2023-08-13T16:08:57","slug":"remymartin-xo-cognac-wholesale","status":"publish","type":"product","link":"https:\/\/www.nightclubliquor.com\/es\/producto\/remymartin-xo-cognac-wholesale\/","title":{"rendered":"Remy Martin XO Co\u00f1ac al por mayor"},"content":{"rendered":"<div data-elementor-type=\"wp-post\" data-elementor-id=\"16025\" class=\"elementor elementor-16025\">\n\t\t\t\t\t\t<section class=\"elementor-section elementor-top-section elementor-element elementor-element-dbbecba elementor-section-boxed elementor-section-height-default elementor-section-height-default wd-section-disabled\" data-id=\"dbbecba\" data-element_type=\"section\">\n\t\t\t\t\t\t<div class=\"elementor-container elementor-column-gap-default\">\n\t\t\t\t\t<div class=\"elementor-column elementor-col-50 elementor-top-column elementor-element elementor-element-15df2c3\" data-id=\"15df2c3\" data-element_type=\"column\">\n\t\t\t<div class=\"elementor-widget-wrap elementor-element-populated\">\n\t\t\t\t\t\t<div class=\"elementor-element elementor-element-69c4ad4 elementor-widget elementor-widget-wd_text_block\" data-id=\"69c4ad4\" data-element_type=\"widget\" data-widget_type=\"wd_text_block.default\">\n\t\t\t\t<div class=\"elementor-widget-container\">\n\t\t\t\t\t\t\t<div class=\"wd-text-block reset-last-child text-left\">\n\t\t\t\n\t\t\t<h3 style=\"text-align: left;\"><strong>Cantidad m\u00ednima de pedido<\/strong> para enviar: <strong>5<\/strong> <strong>Cajas, no vender al por menor y no enviar en botella.<\/strong><\/h3>\n\t\t\t\t\t<\/div>\n\t\t\t\t\t\t<\/div>\n\t\t\t\t<\/div>\n\t\t\t\t<div class=\"elementor-element elementor-element-ce3bb93 elementor-widget elementor-widget-wd_text_block\" data-id=\"ce3bb93\" data-element_type=\"widget\" data-widget_type=\"wd_text_block.default\">\n\t\t\t\t<div class=\"elementor-widget-container\">\n\t\t\t\t\t\t\t<div class=\"wd-text-block reset-last-child text-left\">\n\t\t\t\n\t\t\t<h3 style=\"text-align: left;\">RemyMartin XO<\/h3><p>DISFRUTA R\u00c9MY MARTIN XO<br \/>SOLO, EN HIELO O MEZCLADO A LA PASADA DE MODA<br \/>Puedes beber R\u00e9my Martin XO solo o con hielo. Seg\u00fan Baptiste Loiseau, Bodeguero de la Casa R\u00e9my Martin, XO tambi\u00e9n expresa todo su potencial como aperitivo, en hielo. Ideal entre los conocedores que compartir\u00e1n su infinita riqueza arom\u00e1tica.<\/p><p>Los delicados aromas de R\u00e9my Martin XO tambi\u00e9n se mezclan perfectamente en un Old Fashioned.<\/p><p>Creado en 1884 por un barman del Pendennis Club, en Louisville, Kentucky, el Old-Fashioned es probablemente uno de los c\u00f3cteles cl\u00e1sicos m\u00e1s legendarios.<\/p><p>Para un maridaje ideal, XO se puede acompa\u00f1ar con un cigarro o chocolate.<\/p>\n\t\t\t\t\t<\/div>\n\t\t\t\t\t\t<\/div>\n\t\t\t\t<\/div>\n\t\t\t\t\t<\/div>\n\t\t<\/div>\n\t\t\t\t<div class=\"elementor-column elementor-col-50 elementor-top-column elementor-element elementor-element-d05ac35\" data-id=\"d05ac35\" data-element_type=\"column\">\n\t\t\t<div class=\"elementor-widget-wrap elementor-element-populated\">\n\t\t\t\t\t\t<div class=\"elementor-element elementor-element-887e006 elementor-widget elementor-widget-wd_image_or_svg\" data-id=\"887e006\" data-element_type=\"widget\" data-widget_type=\"wd_image_or_svg.default\">\n\t\t\t\t<div class=\"elementor-widget-container\">\n\t\t\t\t\t\n\t\t<div class=\"wd-image text-left\">\n\t\t\t\t\t\t\t\t<img fetchpriority=\"high\" decoding=\"async\" width=\"800\" height=\"800\" src=\"https:\/\/nightclubliquor.com\/wp-content\/uploads\/2023\/07\/\u4eba\u5934\u9a6cXO\u4e0a\u4f20\u4e3b\u56fe7.jpg\" class=\"attachment-full size-full wp-image-16034\" alt=\"\" srcset=\"\" sizes=\"(max-width: 800px) 100vw, 800px\" data-srcset=\"\" \/>\t\t\t\t\t<\/div>\n\n\t\t\t\t\t\t<\/div>\n\t\t\t\t<\/div>\n\t\t\t\t\t<\/div>\n\t\t<\/div>\n\t\t\t\t\t<\/div>\n\t\t<\/section>\n\t\t\t\t<\/div>","protected":false},"excerpt":{"rendered":"<p><strong>Cantidad m\u00ednima de pedido<\/strong> para enviar: <strong>5<\/strong> <strong>Cajas, no vender al por menor y no enviar en botella.<\/strong><\/p>\n<p>Puedes beber R\u00e9my Martin XO solo o con hielo. Seg\u00fan Baptiste Loiseau, Bodeguero de la Casa R\u00e9my Martin, XO tambi\u00e9n expresa todo su potencial como aperitivo, en hielo. Ideal entre los conocedores que compartir\u00e1n su infinita riqueza arom\u00e1tica.<\/p>","protected":false},"featured_media":16032,"comment_status":"open","ping_status":"closed","template":"","meta":[],"product_brand":[],"product_cat":[32],"product_tag":[92,96,95,97,98,86],"class_list":{"0":"post-16025","1":"product","2":"type-product","3":"status-publish","4":"has-post-thumbnail","6":"product_cat-cognac","7":"product_tag-extra-old","8":"product_tag-remy-martin","9":"product_tag-remymartin","10":"product_tag-remymartin-xo","11":"product_tag-remymartinxo","12":"product_tag-xo","13":"product_shipping_class-land-transportation","15":"first","16":"instock","17":"sale","18":"taxable","19":"shipping-taxable","20":"purchasable","21":"product-type-variable"},"yoast_head":"<!-- This site is optimized with the Yoast SEO Premium plugin v20.13 (Yoast SEO v26.6) - https:\/\/yoast.com\/wordpress\/plugins\/seo\/ -->\n<title>Remy Martin XO Cognac Wholesale - Guangzhou Sensnwine-Worldfamouswine|Nightclub liquors suppiler<\/title>\n<meta name=\"description\" content=\"Remy Martin XO Cognac Wholesale for nightclub liquors. You can drink R\u00e9my Martin XO neat or on ice. According to Baptiste Loiseau, Cellar Master of the...\" \/>\n<meta name=\"robots\" content=\"index, follow, max-snippet:-1, max-image-preview:large, max-video-preview:-1\" \/>\n<link rel=\"canonical\" href=\"https:\/\/www.nightclubliquor.com\/es\/producto\/remymartin-xo-cognac-wholesale\/\" \/>\n<meta property=\"og:locale\" content=\"es_MX\" \/>\n<meta property=\"og:type\" content=\"article\" \/>\n<meta property=\"og:title\" content=\"Remy Martin XO Cognac Wholesale Guangzhou Sensnwine-Worldfamouswine|Nightclub liquors suppiler\" \/>\n<meta property=\"og:description\" content=\"Remy Martin XO Cognac Wholesale for nightclub liquors. You can drink R\u00e9my Martin XO neat or on ice. According to Baptiste Loiseau, Cellar Master of the...\" \/>\n<meta property=\"og:url\" content=\"https:\/\/www.nightclubliquor.com\/es\/producto\/remymartin-xo-cognac-wholesale\/\" \/>\n<meta property=\"og:site_name\" content=\"Guangzhou Sensnwine-Worldfamouswine|Nightclub liquors suppiler\" \/>\n<meta property=\"article:publisher\" content=\"https:\/\/www.facebook.com\/39wine.cn\" \/>\n<meta property=\"article:modified_time\" content=\"2023-08-13T16:08:57+00:00\" \/>\n<meta property=\"og:image\" content=\"https:\/\/www.nightclubliquor.com\/wp-content\/uploads\/2023\/07\/\u4eba\u5934\u9a6cXO\u4e0a\u4f20\u4e3b\u56fe5.jpg\" \/>\n\t<meta property=\"og:image:width\" content=\"800\" \/>\n\t<meta property=\"og:image:height\" content=\"800\" \/>\n\t<meta property=\"og:image:type\" content=\"image\/jpeg\" \/>\n<meta name=\"twitter:card\" content=\"summary_large_image\" \/>\n<meta name=\"twitter:title\" content=\"Remy Martin XO Cognac Wholesale Guangzhou Sensnwine-Worldfamouswine|Nightclub liquors suppiler\" \/>\n<meta name=\"twitter:site\" content=\"@sensnwine\" \/>\n<meta name=\"twitter:label1\" content=\"Tiempo de lectura\" \/>\n\t<meta name=\"twitter:data1\" content=\"1 minuto\" \/>\n<script type=\"application\/ld+json\" class=\"yoast-schema-graph\">{\"@context\":\"https:\/\/schema.org\",\"@graph\":[{\"@type\":\"WebPage\",\"@id\":\"https:\/\/www.nightclubliquor.com\/product\/remymartin-xo-cognac-wholesale\/\",\"url\":\"https:\/\/www.nightclubliquor.com\/product\/remymartin-xo-cognac-wholesale\/\",\"name\":\"Remy Martin XO Cognac Wholesale - Guangzhou Sensnwine-Worldfamouswine|Nightclub liquors suppiler\",\"isPartOf\":{\"@id\":\"https:\/\/www.nightclubliquor.com\/en-us\/#website\"},\"primaryImageOfPage\":{\"@id\":\"https:\/\/www.nightclubliquor.com\/product\/remymartin-xo-cognac-wholesale\/#primaryimage\"},\"image\":{\"@id\":\"https:\/\/www.nightclubliquor.com\/product\/remymartin-xo-cognac-wholesale\/#primaryimage\"},\"thumbnailUrl\":\"https:\/\/www.nightclubliquor.com\/wp-content\/uploads\/2023\/07\/\u4eba\u5934\u9a6cXO\u4e0a\u4f20\u4e3b\u56fe5.jpg\",\"datePublished\":\"2023-07-25T09:32:27+00:00\",\"dateModified\":\"2023-08-13T16:08:57+00:00\",\"description\":\"Remy Martin XO Cognac Wholesale for nightclub liquors. You can drink R\u00e9my Martin XO neat or on ice. According to Baptiste Loiseau, Cellar Master of the...\",\"breadcrumb\":{\"@id\":\"https:\/\/www.nightclubliquor.com\/product\/remymartin-xo-cognac-wholesale\/#breadcrumb\"},\"inLanguage\":\"es\",\"potentialAction\":[{\"@type\":\"ReadAction\",\"target\":[\"https:\/\/www.nightclubliquor.com\/product\/remymartin-xo-cognac-wholesale\/\"]}]},{\"@type\":\"ImageObject\",\"inLanguage\":\"es\",\"@id\":\"https:\/\/www.nightclubliquor.com\/product\/remymartin-xo-cognac-wholesale\/#primaryimage\",\"url\":\"https:\/\/www.nightclubliquor.com\/wp-content\/uploads\/2023\/07\/\u4eba\u5934\u9a6cXO\u4e0a\u4f20\u4e3b\u56fe5.jpg\",\"contentUrl\":\"https:\/\/www.nightclubliquor.com\/wp-content\/uploads\/2023\/07\/\u4eba\u5934\u9a6cXO\u4e0a\u4f20\u4e3b\u56fe5.jpg\",\"width\":800,\"height\":800,\"caption\":\"remymartin xo cognac wholesale for nightclubs liquors\"},{\"@type\":\"BreadcrumbList\",\"@id\":\"https:\/\/www.nightclubliquor.com\/product\/remymartin-xo-cognac-wholesale\/#breadcrumb\",\"itemListElement\":[{\"@type\":\"ListItem\",\"position\":1,\"name\":\"Home\",\"item\":\"https:\/\/www.nightclubliquor.com\/\"},{\"@type\":\"ListItem\",\"position\":2,\"name\":\"Shop\",\"item\":\"https:\/\/www.nightclubliquor.com\/en-us\/shop\/\"},{\"@type\":\"ListItem\",\"position\":3,\"name\":\"Remy Martin XO Cognac Wholesale\"}]},{\"@type\":\"WebSite\",\"@id\":\"https:\/\/www.nightclubliquor.com\/en-us\/#website\",\"url\":\"https:\/\/www.nightclubliquor.com\/en-us\/\",\"name\":\"Guangzhou Sensnwine-Worldfamouswine|Nightclub Liquors Wholesale\",\"description\":\"Supply of primary source of nightclub liquors, Cognac, Whisky, Wine, Chinese Liquor\",\"alternateName\":\"Wholesale of famous brands of nightclub liquors\",\"potentialAction\":[{\"@type\":\"SearchAction\",\"target\":{\"@type\":\"EntryPoint\",\"urlTemplate\":\"https:\/\/www.nightclubliquor.com\/en-us\/?s={search_term_string}\"},\"query-input\":{\"@type\":\"PropertyValueSpecification\",\"valueRequired\":true,\"valueName\":\"search_term_string\"}}],\"inLanguage\":\"es\"}]}<\/script>\n<!-- \/ Yoast SEO Premium plugin. -->","yoast_head_json":{"title":"Remy Martin XO Cognac Wholesale - Guangzhou Sensnwine-Worldfamouswine|Nightclub liquors suppiler","description":"Remy Martin XO Cognac Wholesale for nightclub liquors. You can drink R\u00e9my Martin XO neat or on ice. According to Baptiste Loiseau, Cellar Master of the...","robots":{"index":"index","follow":"follow","max-snippet":"max-snippet:-1","max-image-preview":"max-image-preview:large","max-video-preview":"max-video-preview:-1"},"canonical":"https:\/\/www.nightclubliquor.com\/es\/producto\/remymartin-xo-cognac-wholesale\/","og_locale":"es_MX","og_type":"article","og_title":"Remy Martin XO Cognac Wholesale Guangzhou Sensnwine-Worldfamouswine|Nightclub liquors suppiler","og_description":"Remy Martin XO Cognac Wholesale for nightclub liquors. You can drink R\u00e9my Martin XO neat or on ice. According to Baptiste Loiseau, Cellar Master of the...","og_url":"https:\/\/www.nightclubliquor.com\/es\/producto\/remymartin-xo-cognac-wholesale\/","og_site_name":"Guangzhou Sensnwine-Worldfamouswine|Nightclub liquors suppiler","article_publisher":"https:\/\/www.facebook.com\/39wine.cn","article_modified_time":"2023-08-13T16:08:57+00:00","og_image":[{"width":800,"height":800,"url":"https:\/\/www.nightclubliquor.com\/wp-content\/uploads\/2023\/07\/\u4eba\u5934\u9a6cXO\u4e0a\u4f20\u4e3b\u56fe5.jpg","type":"image\/jpeg"}],"twitter_card":"summary_large_image","twitter_title":"Remy Martin XO Cognac Wholesale Guangzhou Sensnwine-Worldfamouswine|Nightclub liquors suppiler","twitter_site":"@sensnwine","twitter_misc":{"Tiempo de lectura":"1 minuto"},"schema":{"@context":"https:\/\/schema.org","@graph":[{"@type":"WebPage","@id":"https:\/\/www.nightclubliquor.com\/product\/remymartin-xo-cognac-wholesale\/","url":"https:\/\/www.nightclubliquor.com\/product\/remymartin-xo-cognac-wholesale\/","name":"Remy Martin XO Cognac Wholesale - Guangzhou Sensnwine-Worldfamouswine|Nightclub liquors suppiler","isPartOf":{"@id":"https:\/\/www.nightclubliquor.com\/en-us\/#website"},"primaryImageOfPage":{"@id":"https:\/\/www.nightclubliquor.com\/product\/remymartin-xo-cognac-wholesale\/#primaryimage"},"image":{"@id":"https:\/\/www.nightclubliquor.com\/product\/remymartin-xo-cognac-wholesale\/#primaryimage"},"thumbnailUrl":"https:\/\/www.nightclubliquor.com\/wp-content\/uploads\/2023\/07\/\u4eba\u5934\u9a6cXO\u4e0a\u4f20\u4e3b\u56fe5.jpg","datePublished":"2023-07-25T09:32:27+00:00","dateModified":"2023-08-13T16:08:57+00:00","description":"Remy Martin XO Cognac Wholesale for nightclub liquors. You can drink R\u00e9my Martin XO neat or on ice. According to Baptiste Loiseau, Cellar Master of the...","breadcrumb":{"@id":"https:\/\/www.nightclubliquor.com\/product\/remymartin-xo-cognac-wholesale\/#breadcrumb"},"inLanguage":"es","potentialAction":[{"@type":"ReadAction","target":["https:\/\/www.nightclubliquor.com\/product\/remymartin-xo-cognac-wholesale\/"]}]},{"@type":"ImageObject","inLanguage":"es","@id":"https:\/\/www.nightclubliquor.com\/product\/remymartin-xo-cognac-wholesale\/#primaryimage","url":"https:\/\/www.nightclubliquor.com\/wp-content\/uploads\/2023\/07\/\u4eba\u5934\u9a6cXO\u4e0a\u4f20\u4e3b\u56fe5.jpg","contentUrl":"https:\/\/www.nightclubliquor.com\/wp-content\/uploads\/2023\/07\/\u4eba\u5934\u9a6cXO\u4e0a\u4f20\u4e3b\u56fe5.jpg","width":800,"height":800,"caption":"remymartin xo cognac wholesale for nightclubs liquors"},{"@type":"BreadcrumbList","@id":"https:\/\/www.nightclubliquor.com\/product\/remymartin-xo-cognac-wholesale\/#breadcrumb","itemListElement":[{"@type":"ListItem","position":1,"name":"Home","item":"https:\/\/www.nightclubliquor.com\/"},{"@type":"ListItem","position":2,"name":"Shop","item":"https:\/\/www.nightclubliquor.com\/en-us\/shop\/"},{"@type":"ListItem","position":3,"name":"Remy Martin XO Cognac Wholesale"}]},{"@type":"WebSite","@id":"https:\/\/www.nightclubliquor.com\/en-us\/#website","url":"https:\/\/www.nightclubliquor.com\/en-us\/","name":"Guangzhou Sensnwine-Worldfamouswine|Licores para discotecas al por mayor","description":"Suministro de la fuente principal de licores de clubes nocturnos, co\u00f1ac, whisky, vino, licor chino","alternateName":"Wholesale of famous brands of nightclub liquors","potentialAction":[{"@type":"SearchAction","target":{"@type":"EntryPoint","urlTemplate":"https:\/\/www.nightclubliquor.com\/en-us\/?s={search_term_string}"},"query-input":{"@type":"PropertyValueSpecification","valueRequired":true,"valueName":"search_term_string"}}],"inLanguage":"es"}]}},"_links":{"self":[{"href":"https:\/\/www.nightclubliquor.com\/es\/wp-json\/wp\/v2\/product\/16025","targetHints":{"allow":["GET"]}}],"collection":[{"href":"https:\/\/www.nightclubliquor.com\/es\/wp-json\/wp\/v2\/product"}],"about":[{"href":"https:\/\/www.nightclubliquor.com\/es\/wp-json\/wp\/v2\/types\/product"}],"replies":[{"embeddable":true,"href":"https:\/\/www.nightclubliquor.com\/es\/wp-json\/wp\/v2\/comments?post=16025"}],"version-history":[{"count":10,"href":"https:\/\/www.nightclubliquor.com\/es\/wp-json\/wp\/v2\/product\/16025\/revisions"}],"predecessor-version":[{"id":16239,"href":"https:\/\/www.nightclubliquor.com\/es\/wp-json\/wp\/v2\/product\/16025\/revisions\/16239"}],"wp:featuredmedia":[{"embeddable":true,"href":"https:\/\/www.nightclubliquor.com\/es\/wp-json\/wp\/v2\/media\/16032"}],"wp:attachment":[{"href":"https:\/\/www.nightclubliquor.com\/es\/wp-json\/wp\/v2\/media?parent=16025"}],"wp:term":[{"taxonomy":"product_brand","embeddable":true,"href":"https:\/\/www.nightclubliquor.com\/es\/wp-json\/wp\/v2\/product_brand?post=16025"},{"taxonomy":"product_cat","embeddable":true,"href":"https:\/\/www.nightclubliquor.com\/es\/wp-json\/wp\/v2\/product_cat?post=16025"},{"taxonomy":"product_tag","embeddable":true,"href":"https:\/\/www.nightclubliquor.com\/es\/wp-json\/wp\/v2\/product_tag?post=16025"}],"curies":[{"name":"wp","href":"https:\/\/api.w.org\/{rel}","templated":true}]}}