{"id":16075,"date":"2023-07-25T10:27:07","date_gmt":"2023-07-25T10:27:07","guid":{"rendered":"https:\/\/nightclubliquor.com\/?post_type=product&#038;p=16075"},"modified":"2023-08-13T16:05:35","modified_gmt":"2023-08-13T16:05:35","slug":"remymartin-louisxiii-cognac-wholesale","status":"publish","type":"product","link":"https:\/\/www.nightclubliquor.com\/es\/producto\/remymartin-louisxiii-cognac-wholesale\/","title":{"rendered":"RemyMartin Luis XIII Co\u00f1ac Mayorista"},"content":{"rendered":"<div data-elementor-type=\"wp-post\" data-elementor-id=\"16075\" class=\"elementor elementor-16075\">\n\t\t\t\t\t\t<section class=\"elementor-section elementor-top-section elementor-element elementor-element-dbbecba elementor-section-boxed elementor-section-height-default elementor-section-height-default wd-section-disabled\" data-id=\"dbbecba\" data-element_type=\"section\">\n\t\t\t\t\t\t<div class=\"elementor-container elementor-column-gap-default\">\n\t\t\t\t\t<div class=\"elementor-column elementor-col-50 elementor-top-column elementor-element elementor-element-15df2c3\" data-id=\"15df2c3\" data-element_type=\"column\">\n\t\t\t<div class=\"elementor-widget-wrap elementor-element-populated\">\n\t\t\t\t\t\t<div class=\"elementor-element elementor-element-0da22e8 elementor-widget elementor-widget-wd_text_block\" data-id=\"0da22e8\" data-element_type=\"widget\" data-widget_type=\"wd_text_block.default\">\n\t\t\t\t<div class=\"elementor-widget-container\">\n\t\t\t\t\t\t\t<div class=\"wd-text-block reset-last-child text-left\">\n\t\t\t\n\t\t\t<h3 style=\"text-align: left;\"><strong>Cantidad m\u00ednima de pedido<\/strong> para enviar: <strong>5<\/strong> <strong>Cajas, no vender al por menor y no enviar en botella.<\/strong><\/h3>\n\t\t\t\t\t<\/div>\n\t\t\t\t\t\t<\/div>\n\t\t\t\t<\/div>\n\t\t\t\t<div class=\"elementor-element elementor-element-b8681f9 elementor-widget elementor-widget-wd_text_block\" data-id=\"b8681f9\" data-element_type=\"widget\" data-widget_type=\"wd_text_block.default\">\n\t\t\t\t<div class=\"elementor-widget-container\">\n\t\t\t\t\t\t\t<div class=\"wd-text-block reset-last-child text-left\">\n\t\t\t\n\t\t\t<h3 style=\"text-align: left;\">Co\u00f1ac LOUIS XIII 70cl<\/h3><p><br \/>Los aguardientes m\u00e1s finos y preciosos, elaborados con uvas cultivadas en Grande Champagne, el principal cru de la regi\u00f3n de Cognac, se envejecen cuidadosamente durante d\u00e9cadas para crear el co\u00f1ac dentro de cada decantador LOUIS XIII Classic. La procedencia y el tiempo son la esencia misma de LOUIS XIII. Cada gota representa una artesan\u00eda finamente afinada que se transmite de una generaci\u00f3n de Cellar Master a la siguiente.<\/p><p>Los aguardientes se envejecen lentamente en viejos tier\u00e7ons de Limousin. Cada sorbo es una muestra del tiempo.<\/p>\n\t\t\t\t\t<\/div>\n\t\t\t\t\t\t<\/div>\n\t\t\t\t<\/div>\n\t\t\t\t\t<\/div>\n\t\t<\/div>\n\t\t\t\t<div class=\"elementor-column elementor-col-50 elementor-top-column elementor-element elementor-element-d05ac35\" data-id=\"d05ac35\" data-element_type=\"column\">\n\t\t\t<div class=\"elementor-widget-wrap elementor-element-populated\">\n\t\t\t\t\t\t<div class=\"elementor-element elementor-element-887e006 elementor-widget elementor-widget-wd_image_or_svg\" data-id=\"887e006\" data-element_type=\"widget\" data-widget_type=\"wd_image_or_svg.default\">\n\t\t\t\t<div class=\"elementor-widget-container\">\n\t\t\t\t\t\n\t\t<div class=\"wd-image text-left\">\n\t\t\t\t\t\t\t\t<img fetchpriority=\"high\" decoding=\"async\" width=\"800\" height=\"1065\" src=\"https:\/\/www.nightclubliquor.com\/wp-content\/uploads\/2023\/07\/Louis-XIII6.jpg\" class=\"attachment-full size-full wp-image-16084\" alt=\"\" srcset=\"https:\/\/www.nightclubliquor.com\/wp-content\/uploads\/2023\/07\/Louis-XIII6.jpg 800w, https:\/\/www.nightclubliquor.com\/wp-content\/uploads\/2023\/07\/Louis-XIII6-225x300.jpg 225w, https:\/\/www.nightclubliquor.com\/wp-content\/uploads\/2023\/07\/Louis-XIII6-601x800.jpg 601w, https:\/\/www.nightclubliquor.com\/wp-content\/uploads\/2023\/07\/Louis-XIII6-768x1022.jpg 768w, https:\/\/www.nightclubliquor.com\/wp-content\/uploads\/2023\/07\/Louis-XIII6-9x12.jpg 9w, https:\/\/www.nightclubliquor.com\/wp-content\/uploads\/2023\/07\/Louis-XIII6-430x572.jpg 430w, https:\/\/www.nightclubliquor.com\/wp-content\/uploads\/2023\/07\/Louis-XIII6-700x932.jpg 700w, https:\/\/www.nightclubliquor.com\/wp-content\/uploads\/2023\/07\/Louis-XIII6-150x200.jpg 150w\" sizes=\"(max-width: 800px) 100vw, 800px\" \/>\t\t\t\t\t<\/div>\n\n\t\t\t\t\t\t<\/div>\n\t\t\t\t<\/div>\n\t\t\t\t\t<\/div>\n\t\t<\/div>\n\t\t\t\t\t<\/div>\n\t\t<\/section>\n\t\t\t\t<\/div>","protected":false},"excerpt":{"rendered":"<p><strong>Cantidad m\u00ednima de pedido<\/strong> para enviar: <strong>5<\/strong> <strong>Cajas, no vender al por menor y no enviar en botella.<\/strong><\/p>\n<p>RemyMartin louisxiii cognac 70cl Las mejores y m\u00e1s preciadas aguas de vida, elaboradas con uvas cultivadas en Grande Champagne, el principal cru de la regi\u00f3n de Cognac, se envejecen cuidadosamente durante d\u00e9cadas para crear el co\u00f1ac dentro de cada decantador LOUIS XIII Classic. cognac 70cl Las mejores y m\u00e1s preciadas aguas de vida, elaboradas con uvas cultivadas en Grande Champagne, el principal cru de la regi\u00f3n de Cognac, se envejecen cuidadosamente durante d\u00e9cadas para crear el co\u00f1ac dentro de cada decantador LOUIS XIII Classic.<\/p>","protected":false},"featured_media":16081,"comment_status":"open","ping_status":"closed","template":"","meta":[],"product_brand":[],"product_cat":[32],"product_tag":[101,96,95,100],"class_list":{"0":"post-16075","1":"product","2":"type-product","3":"status-publish","4":"has-post-thumbnail","6":"product_cat-cognac","7":"product_tag-louisxiii-cognac","8":"product_tag-remy-martin","9":"product_tag-remymartin","10":"product_tag-remymartin-louisxiii-cognac","11":"product_shipping_class-land-transportation","13":"first","14":"instock","15":"sale","16":"taxable","17":"shipping-taxable","18":"purchasable","19":"product-type-variable"},"yoast_head":"<!-- This site is optimized with the Yoast SEO Premium plugin v20.13 (Yoast SEO v26.6) - https:\/\/yoast.com\/wordpress\/plugins\/seo\/ -->\n<title>RemyMartin Louis XIII Cognac Wholesale - Guangzhou Sensnwine-Worldfamouswine|Nightclub liquors suppiler<\/title>\n<meta name=\"description\" content=\"LOUIS XIII Cognac Wholesale for nightclub liquors. louisxiii cognac 70clThe finest and most precious eaux-de-vie, made using grapes grown in Grande Champagne \u2013 the premier cru of the Cognac region \u2013 are carefully aged for decades to create the cognac inside every LOUIS XIII Classic decanter.\" \/>\n<meta name=\"robots\" content=\"index, follow, max-snippet:-1, max-image-preview:large, max-video-preview:-1\" \/>\n<link rel=\"canonical\" href=\"https:\/\/www.nightclubliquor.com\/es\/producto\/remymartin-louisxiii-cognac-wholesale\/\" \/>\n<meta property=\"og:locale\" content=\"es_MX\" \/>\n<meta property=\"og:type\" content=\"article\" \/>\n<meta property=\"og:title\" content=\"RemyMartin Louis XIII Cognac Wholesale Guangzhou Sensnwine-Worldfamouswine|Nightclub liquors suppiler\" \/>\n<meta property=\"og:description\" content=\"LOUIS XIII Cognac Wholesale for nightclub liquors. louisxiii cognac 70clThe finest and most precious eaux-de-vie, made using grapes grown in Grande Champagne \u2013 the premier cru of the Cognac region \u2013 are carefully aged for decades to create the cognac inside every LOUIS XIII Classic decanter.\" \/>\n<meta property=\"og:url\" content=\"https:\/\/www.nightclubliquor.com\/es\/producto\/remymartin-louisxiii-cognac-wholesale\/\" \/>\n<meta property=\"og:site_name\" content=\"Guangzhou Sensnwine-Worldfamouswine|Nightclub liquors suppiler\" \/>\n<meta property=\"article:publisher\" content=\"https:\/\/www.facebook.com\/39wine.cn\" \/>\n<meta property=\"article:modified_time\" content=\"2023-08-13T16:05:35+00:00\" \/>\n<meta property=\"og:image\" content=\"https:\/\/www.nightclubliquor.com\/wp-content\/uploads\/2023\/07\/\u8def\u6613\u5341\u4e09\u526f\u672c.jpg\" \/>\n\t<meta property=\"og:image:width\" content=\"800\" \/>\n\t<meta property=\"og:image:height\" content=\"800\" \/>\n\t<meta property=\"og:image:type\" content=\"image\/jpeg\" \/>\n<meta name=\"twitter:card\" content=\"summary_large_image\" \/>\n<meta name=\"twitter:title\" content=\"RemyMartin Louis XIII Cognac Wholesale Guangzhou Sensnwine-Worldfamouswine|Nightclub liquors suppiler\" \/>\n<meta name=\"twitter:site\" content=\"@sensnwine\" \/>\n<meta name=\"twitter:label1\" content=\"Tiempo de lectura\" \/>\n\t<meta name=\"twitter:data1\" content=\"1 minuto\" \/>\n<script type=\"application\/ld+json\" class=\"yoast-schema-graph\">{\"@context\":\"https:\/\/schema.org\",\"@graph\":[{\"@type\":\"WebPage\",\"@id\":\"https:\/\/www.nightclubliquor.com\/product\/remymartin-louisxiii-cognac-wholesale\/\",\"url\":\"https:\/\/www.nightclubliquor.com\/product\/remymartin-louisxiii-cognac-wholesale\/\",\"name\":\"RemyMartin Louis XIII Cognac Wholesale - Guangzhou Sensnwine-Worldfamouswine|Nightclub liquors suppiler\",\"isPartOf\":{\"@id\":\"https:\/\/www.nightclubliquor.com\/en-us\/#website\"},\"primaryImageOfPage\":{\"@id\":\"https:\/\/www.nightclubliquor.com\/product\/remymartin-louisxiii-cognac-wholesale\/#primaryimage\"},\"image\":{\"@id\":\"https:\/\/www.nightclubliquor.com\/product\/remymartin-louisxiii-cognac-wholesale\/#primaryimage\"},\"thumbnailUrl\":\"https:\/\/www.nightclubliquor.com\/wp-content\/uploads\/2023\/07\/\u8def\u6613\u5341\u4e09\u526f\u672c.jpg\",\"datePublished\":\"2023-07-25T10:27:07+00:00\",\"dateModified\":\"2023-08-13T16:05:35+00:00\",\"description\":\"LOUIS XIII Cognac Wholesale for nightclub liquors. louisxiii cognac 70clThe finest and most precious eaux-de-vie, made using grapes grown in Grande Champagne \u2013 the premier cru of the Cognac region \u2013 are carefully aged for decades to create the cognac inside every LOUIS XIII Classic decanter.\",\"breadcrumb\":{\"@id\":\"https:\/\/www.nightclubliquor.com\/product\/remymartin-louisxiii-cognac-wholesale\/#breadcrumb\"},\"inLanguage\":\"es\",\"potentialAction\":[{\"@type\":\"ReadAction\",\"target\":[\"https:\/\/www.nightclubliquor.com\/product\/remymartin-louisxiii-cognac-wholesale\/\"]}]},{\"@type\":\"ImageObject\",\"inLanguage\":\"es\",\"@id\":\"https:\/\/www.nightclubliquor.com\/product\/remymartin-louisxiii-cognac-wholesale\/#primaryimage\",\"url\":\"https:\/\/www.nightclubliquor.com\/wp-content\/uploads\/2023\/07\/\u8def\u6613\u5341\u4e09\u526f\u672c.jpg\",\"contentUrl\":\"https:\/\/www.nightclubliquor.com\/wp-content\/uploads\/2023\/07\/\u8def\u6613\u5341\u4e09\u526f\u672c.jpg\",\"width\":800,\"height\":800,\"caption\":\"RemyMartin louisxiii cognac wholesale for nightclubs supplier\"},{\"@type\":\"BreadcrumbList\",\"@id\":\"https:\/\/www.nightclubliquor.com\/product\/remymartin-louisxiii-cognac-wholesale\/#breadcrumb\",\"itemListElement\":[{\"@type\":\"ListItem\",\"position\":1,\"name\":\"Home\",\"item\":\"https:\/\/www.nightclubliquor.com\/\"},{\"@type\":\"ListItem\",\"position\":2,\"name\":\"Shop\",\"item\":\"https:\/\/www.nightclubliquor.com\/en-us\/shop\/\"},{\"@type\":\"ListItem\",\"position\":3,\"name\":\"RemyMartin Louis XIII Cognac Wholesale\"}]},{\"@type\":\"WebSite\",\"@id\":\"https:\/\/www.nightclubliquor.com\/en-us\/#website\",\"url\":\"https:\/\/www.nightclubliquor.com\/en-us\/\",\"name\":\"Guangzhou Sensnwine-Worldfamouswine|Nightclub Liquors Wholesale\",\"description\":\"Supply of primary source of nightclub liquors, Cognac, Whisky, Wine, Chinese Liquor\",\"alternateName\":\"Wholesale of famous brands of nightclub liquors\",\"potentialAction\":[{\"@type\":\"SearchAction\",\"target\":{\"@type\":\"EntryPoint\",\"urlTemplate\":\"https:\/\/www.nightclubliquor.com\/en-us\/?s={search_term_string}\"},\"query-input\":{\"@type\":\"PropertyValueSpecification\",\"valueRequired\":true,\"valueName\":\"search_term_string\"}}],\"inLanguage\":\"es\"}]}<\/script>\n<!-- \/ Yoast SEO Premium plugin. -->","yoast_head_json":{"title":"RemyMartin Louis XIII Cognac Wholesale - Guangzhou Sensnwine-Worldfamouswine|Nightclub liquors suppiler","description":"LOUIS XIII Cognac Wholesale for nightclub liquors. louisxiii cognac 70clThe finest and most precious eaux-de-vie, made using grapes grown in Grande Champagne \u2013 the premier cru of the Cognac region \u2013 are carefully aged for decades to create the cognac inside every LOUIS XIII Classic decanter.","robots":{"index":"index","follow":"follow","max-snippet":"max-snippet:-1","max-image-preview":"max-image-preview:large","max-video-preview":"max-video-preview:-1"},"canonical":"https:\/\/www.nightclubliquor.com\/es\/producto\/remymartin-louisxiii-cognac-wholesale\/","og_locale":"es_MX","og_type":"article","og_title":"RemyMartin Louis XIII Cognac Wholesale Guangzhou Sensnwine-Worldfamouswine|Nightclub liquors suppiler","og_description":"LOUIS XIII Cognac Wholesale for nightclub liquors. louisxiii cognac 70clThe finest and most precious eaux-de-vie, made using grapes grown in Grande Champagne \u2013 the premier cru of the Cognac region \u2013 are carefully aged for decades to create the cognac inside every LOUIS XIII Classic decanter.","og_url":"https:\/\/www.nightclubliquor.com\/es\/producto\/remymartin-louisxiii-cognac-wholesale\/","og_site_name":"Guangzhou Sensnwine-Worldfamouswine|Nightclub liquors suppiler","article_publisher":"https:\/\/www.facebook.com\/39wine.cn","article_modified_time":"2023-08-13T16:05:35+00:00","og_image":[{"width":800,"height":800,"url":"https:\/\/www.nightclubliquor.com\/wp-content\/uploads\/2023\/07\/\u8def\u6613\u5341\u4e09\u526f\u672c.jpg","type":"image\/jpeg"}],"twitter_card":"summary_large_image","twitter_title":"RemyMartin Louis XIII Cognac Wholesale Guangzhou Sensnwine-Worldfamouswine|Nightclub liquors suppiler","twitter_site":"@sensnwine","twitter_misc":{"Tiempo de lectura":"1 minuto"},"schema":{"@context":"https:\/\/schema.org","@graph":[{"@type":"WebPage","@id":"https:\/\/www.nightclubliquor.com\/product\/remymartin-louisxiii-cognac-wholesale\/","url":"https:\/\/www.nightclubliquor.com\/product\/remymartin-louisxiii-cognac-wholesale\/","name":"RemyMartin Louis XIII Cognac Wholesale - Guangzhou Sensnwine-Worldfamouswine|Nightclub liquors suppiler","isPartOf":{"@id":"https:\/\/www.nightclubliquor.com\/en-us\/#website"},"primaryImageOfPage":{"@id":"https:\/\/www.nightclubliquor.com\/product\/remymartin-louisxiii-cognac-wholesale\/#primaryimage"},"image":{"@id":"https:\/\/www.nightclubliquor.com\/product\/remymartin-louisxiii-cognac-wholesale\/#primaryimage"},"thumbnailUrl":"https:\/\/www.nightclubliquor.com\/wp-content\/uploads\/2023\/07\/\u8def\u6613\u5341\u4e09\u526f\u672c.jpg","datePublished":"2023-07-25T10:27:07+00:00","dateModified":"2023-08-13T16:05:35+00:00","description":"LOUIS XIII Cognac Wholesale for nightclub liquors. louisxiii cognac 70clThe finest and most precious eaux-de-vie, made using grapes grown in Grande Champagne \u2013 the premier cru of the Cognac region \u2013 are carefully aged for decades to create the cognac inside every LOUIS XIII Classic decanter.","breadcrumb":{"@id":"https:\/\/www.nightclubliquor.com\/product\/remymartin-louisxiii-cognac-wholesale\/#breadcrumb"},"inLanguage":"es","potentialAction":[{"@type":"ReadAction","target":["https:\/\/www.nightclubliquor.com\/product\/remymartin-louisxiii-cognac-wholesale\/"]}]},{"@type":"ImageObject","inLanguage":"es","@id":"https:\/\/www.nightclubliquor.com\/product\/remymartin-louisxiii-cognac-wholesale\/#primaryimage","url":"https:\/\/www.nightclubliquor.com\/wp-content\/uploads\/2023\/07\/\u8def\u6613\u5341\u4e09\u526f\u672c.jpg","contentUrl":"https:\/\/www.nightclubliquor.com\/wp-content\/uploads\/2023\/07\/\u8def\u6613\u5341\u4e09\u526f\u672c.jpg","width":800,"height":800,"caption":"RemyMartin louisxiii cognac wholesale for nightclubs supplier"},{"@type":"BreadcrumbList","@id":"https:\/\/www.nightclubliquor.com\/product\/remymartin-louisxiii-cognac-wholesale\/#breadcrumb","itemListElement":[{"@type":"ListItem","position":1,"name":"Home","item":"https:\/\/www.nightclubliquor.com\/"},{"@type":"ListItem","position":2,"name":"Shop","item":"https:\/\/www.nightclubliquor.com\/en-us\/shop\/"},{"@type":"ListItem","position":3,"name":"RemyMartin Louis XIII Cognac Wholesale"}]},{"@type":"WebSite","@id":"https:\/\/www.nightclubliquor.com\/en-us\/#website","url":"https:\/\/www.nightclubliquor.com\/en-us\/","name":"Guangzhou Sensnwine-Worldfamouswine|Licores para discotecas al por mayor","description":"Suministro de la fuente principal de licores de clubes nocturnos, co\u00f1ac, whisky, vino, licor chino","alternateName":"Wholesale of famous brands of nightclub liquors","potentialAction":[{"@type":"SearchAction","target":{"@type":"EntryPoint","urlTemplate":"https:\/\/www.nightclubliquor.com\/en-us\/?s={search_term_string}"},"query-input":{"@type":"PropertyValueSpecification","valueRequired":true,"valueName":"search_term_string"}}],"inLanguage":"es"}]}},"_links":{"self":[{"href":"https:\/\/www.nightclubliquor.com\/es\/wp-json\/wp\/v2\/product\/16075","targetHints":{"allow":["GET"]}}],"collection":[{"href":"https:\/\/www.nightclubliquor.com\/es\/wp-json\/wp\/v2\/product"}],"about":[{"href":"https:\/\/www.nightclubliquor.com\/es\/wp-json\/wp\/v2\/types\/product"}],"replies":[{"embeddable":true,"href":"https:\/\/www.nightclubliquor.com\/es\/wp-json\/wp\/v2\/comments?post=16075"}],"version-history":[{"count":8,"href":"https:\/\/www.nightclubliquor.com\/es\/wp-json\/wp\/v2\/product\/16075\/revisions"}],"predecessor-version":[{"id":16227,"href":"https:\/\/www.nightclubliquor.com\/es\/wp-json\/wp\/v2\/product\/16075\/revisions\/16227"}],"wp:featuredmedia":[{"embeddable":true,"href":"https:\/\/www.nightclubliquor.com\/es\/wp-json\/wp\/v2\/media\/16081"}],"wp:attachment":[{"href":"https:\/\/www.nightclubliquor.com\/es\/wp-json\/wp\/v2\/media?parent=16075"}],"wp:term":[{"taxonomy":"product_brand","embeddable":true,"href":"https:\/\/www.nightclubliquor.com\/es\/wp-json\/wp\/v2\/product_brand?post=16075"},{"taxonomy":"product_cat","embeddable":true,"href":"https:\/\/www.nightclubliquor.com\/es\/wp-json\/wp\/v2\/product_cat?post=16075"},{"taxonomy":"product_tag","embeddable":true,"href":"https:\/\/www.nightclubliquor.com\/es\/wp-json\/wp\/v2\/product_tag?post=16075"}],"curies":[{"name":"wp","href":"https:\/\/api.w.org\/{rel}","templated":true}]}}