{"id":16093,"date":"2023-07-25T18:43:10","date_gmt":"2023-07-25T18:43:10","guid":{"rendered":"https:\/\/nightclubliquor.com\/?post_type=product&#038;p=16093"},"modified":"2023-08-13T16:04:38","modified_gmt":"2023-08-13T16:04:38","slug":"kweichow-moutai-flying-fairy-liquor-wholesale","status":"publish","type":"product","link":"https:\/\/www.nightclubliquor.com\/es\/producto\/kweichow-moutai-flying-fairy-liquor-wholesale\/","title":{"rendered":"Kweichow Moutai Flying Fairy 53% (500ml) al por mayor"},"content":{"rendered":"<div data-elementor-type=\"wp-post\" data-elementor-id=\"16093\" class=\"elementor elementor-16093\">\n\t\t\t\t\t\t<section class=\"elementor-section elementor-top-section elementor-element elementor-element-dbbecba elementor-section-boxed elementor-section-height-default elementor-section-height-default wd-section-disabled\" data-id=\"dbbecba\" data-element_type=\"section\">\n\t\t\t\t\t\t<div class=\"elementor-container elementor-column-gap-default\">\n\t\t\t\t\t<div class=\"elementor-column elementor-col-50 elementor-top-column elementor-element elementor-element-15df2c3\" data-id=\"15df2c3\" data-element_type=\"column\">\n\t\t\t<div class=\"elementor-widget-wrap elementor-element-populated\">\n\t\t\t\t\t\t<div class=\"elementor-element elementor-element-69c4ad4 elementor-widget elementor-widget-wd_text_block\" data-id=\"69c4ad4\" data-element_type=\"widget\" data-widget_type=\"wd_text_block.default\">\n\t\t\t\t<div class=\"elementor-widget-container\">\n\t\t\t\t\t\t\t<div class=\"wd-text-block reset-last-child text-left\">\n\t\t\t\n\t\t\t<h3 style=\"text-align: left;\"><strong>Cantidad m\u00ednima de pedido<\/strong> para enviar: <strong>12<\/strong> <strong>Cajas, no vender al por menor y no enviar en botella.<\/strong><\/h3>\n\t\t\t\t\t<\/div>\n\t\t\t\t\t\t<\/div>\n\t\t\t\t<\/div>\n\t\t\t\t<div class=\"elementor-element elementor-element-11c1ccb elementor-widget elementor-widget-wd_text_block\" data-id=\"11c1ccb\" data-element_type=\"widget\" data-widget_type=\"wd_text_block.default\">\n\t\t\t\t<div class=\"elementor-widget-container\">\n\t\t\t\t\t\t\t<div class=\"wd-text-block reset-last-child text-left\">\n\t\t\t\n\t\t\t<h1 style=\"text-align: left;\"><strong>Monta\u00f1a Kweichow<\/strong><\/h1><p><strong>La historia de Moutai<\/strong><br \/>Un licor chino con 2000 a\u00f1os de historia<br \/>La historia de este licor chino tradicional se remonta a m\u00e1s de 2000 a\u00f1os con una evoluci\u00f3n significativa durante la dinast\u00eda Qing (1644-1912) cuando los destiladores chinos introdujeron t\u00e9cnicas avanzadas y \u00fanicas para procesar este tipo distintivo de licor.<\/p><p>Maotai se convirti\u00f3 en el primer licor chino producido a gran escala. El gobierno comunista consolid\u00f3 muchas destiler\u00edas locales en una empresa estatal, Kweichow Moutai (el nombre es una antigua romanizaci\u00f3n de &quot;Guizhou Maotai&quot;).<\/p><p>Esta empresa est\u00e1 ubicada en la provincia de Guizhou, en el suroeste de China, donde la destiler\u00eda de licores tiene una tradici\u00f3n muy larga.<\/p>\n\t\t\t\t\t<\/div>\n\t\t\t\t\t\t<\/div>\n\t\t\t\t<\/div>\n\t\t\t\t<div class=\"elementor-element elementor-element-141ddd0 elementor-widget elementor-widget-wd_text_block\" data-id=\"141ddd0\" data-element_type=\"widget\" data-widget_type=\"wd_text_block.default\">\n\t\t\t\t<div class=\"elementor-widget-container\">\n\t\t\t\t\t\t\t<div class=\"wd-text-block reset-last-child text-left\">\n\t\t\t\n\t\t\t<p><strong>El esp\u00edritu superior de China<\/strong><br \/>Desde su premio de oro en 1915 en la Exposici\u00f3n Panam\u00e1-Pac\u00edfico en San Francisco, Moutai comparte el t\u00edtulo de los 3 mejores licores destilados del mundo con el brandy Cognac de Francia y el Whisky de las Tierras Altas de Escocia. Sin embargo, es el \u00fanico de los 3 que destila levadura durante su proceso de destilaci\u00f3n (7 veces) y el \u00fanico que utiliza material de grano s\u00f3lido en el proceso de fermentaci\u00f3n, lo que hace que este licor sea a\u00fan m\u00e1s especial y \u00fanico.<\/p><p>Con raz\u00f3n, esta bebida espirituosa ganadora de m\u00faltiples premios y de alta gama fue nombrada el licor superior de China en 1951, dos a\u00f1os despu\u00e9s de la fundaci\u00f3n de la Rep\u00fablica Popular China. Se ha convertido en el mejor regalo para personas especiales y diversas celebraciones. Es la \u00fanica bebida alcoh\u00f3lica presentada como regalo oficial por las embajadas chinas en pa\u00edses extranjeros y se usa en muchas ocasiones oficiales con jefes de estado extranjeros.<\/p>\n\t\t\t\t\t<\/div>\n\t\t\t\t\t\t<\/div>\n\t\t\t\t<\/div>\n\t\t\t\t\t<\/div>\n\t\t<\/div>\n\t\t\t\t<div class=\"elementor-column elementor-col-50 elementor-top-column elementor-element elementor-element-d05ac35\" data-id=\"d05ac35\" data-element_type=\"column\">\n\t\t\t<div class=\"elementor-widget-wrap elementor-element-populated\">\n\t\t\t\t\t\t<div class=\"elementor-element elementor-element-3328355 elementor-widget elementor-widget-wd_image_or_svg\" data-id=\"3328355\" data-element_type=\"widget\" data-widget_type=\"wd_image_or_svg.default\">\n\t\t\t\t<div class=\"elementor-widget-container\">\n\t\t\t\t\t\n\t\t<div class=\"wd-image text-left\">\n\t\t\t\t\t\t\t\t<img fetchpriority=\"high\" decoding=\"async\" width=\"800\" height=\"800\" src=\"https:\/\/nightclubliquor.com\/wp-content\/uploads\/2023\/07\/\u98de\u5929\u8305\u53f053\u5ea605.jpg\" class=\"attachment-full size-full wp-image-16105\" alt=\"\" srcset=\"\" sizes=\"(max-width: 800px) 100vw, 800px\" data-srcset=\"\" \/>\t\t\t\t\t<\/div>\n\n\t\t\t\t\t\t<\/div>\n\t\t\t\t<\/div>\n\t\t\t\t<div class=\"elementor-element elementor-element-09a27b1 elementor-widget elementor-widget-wd_text_block\" data-id=\"09a27b1\" data-element_type=\"widget\" data-widget_type=\"wd_text_block.default\">\n\t\t\t\t<div class=\"elementor-widget-container\">\n\t\t\t\t\t\t\t<div class=\"wd-text-block reset-last-child text-left\">\n\t\t\t\n\t\t\t<h3 style=\"text-align: left;\">\u00a1Todos los que aman una experiencia extraordinaria en la vida deber\u00edan probar este licor premium, saboreando y disfrutando del licor hist\u00f3rico y m\u00e1s popular de China!<\/h3>\n\t\t\t\t\t<\/div>\n\t\t\t\t\t\t<\/div>\n\t\t\t\t<\/div>\n\t\t\t\t\t<\/div>\n\t\t<\/div>\n\t\t\t\t\t<\/div>\n\t\t<\/section>\n\t\t\t\t<\/div>","protected":false},"excerpt":{"rendered":"<h3><strong>Cantidad m\u00ednima de pedido<\/strong> para enviar: <strong>Cajas, no vender al por menor y no enviar en botella.<\/strong><\/h3>\n<p>El licor conocido m\u00e1s antiguo del mundo, el grano chino baijiu Moutai es el tesoro nacional de China, una bebida alcoh\u00f3lica 53% que es tan compleja como pura, \u00a1con m\u00e1s de 150 notas de cata en 1 solo vaso!<\/p>\n<p>&nbsp;<\/p>","protected":false},"featured_media":16099,"comment_status":"open","ping_status":"closed","template":"","meta":[],"product_brand":[],"product_cat":[29],"product_tag":[105,104,103],"class_list":{"0":"post-16093","1":"product","2":"type-product","3":"status-publish","4":"has-post-thumbnail","6":"product_cat-chinese-liquor","7":"product_tag-kwei-chow-moutai","8":"product_tag-kweichow-moutai","9":"product_tag-kweichow-moutai-flying-fairy","10":"product_shipping_class-land-transportation","12":"first","13":"instock","14":"sale","15":"featured","16":"taxable","17":"shipping-taxable","18":"product-type-variable","19":"has-default-attributes"},"yoast_head":"<!-- This site is optimized with the Yoast SEO Premium plugin v20.13 (Yoast SEO v26.6) - https:\/\/yoast.com\/wordpress\/plugins\/seo\/ -->\n<title>Kweichow Moutai Flying Fairy 53% (500ml) Wholesale - Guangzhou Sensnwine-Worldfamouswine|Nightclub liquors suppiler<\/title>\n<meta name=\"description\" content=\"Kweichow Moutai Flying Fairy Liquor is the world\u2019s most mysterious spirit is waiting for you to be discovered and tasted from China\u2026\" \/>\n<meta name=\"robots\" content=\"index, follow, max-snippet:-1, max-image-preview:large, max-video-preview:-1\" \/>\n<link rel=\"canonical\" href=\"https:\/\/www.nightclubliquor.com\/es\/producto\/kweichow-moutai-flying-fairy-liquor-wholesale\/\" \/>\n<meta property=\"og:locale\" content=\"es_MX\" \/>\n<meta property=\"og:type\" content=\"article\" \/>\n<meta property=\"og:title\" content=\"Kweichow Moutai Flying Fairy 53% (500ml) Wholesale\" \/>\n<meta property=\"og:description\" content=\"Kweichow Moutai Flying Fairy Liquor is the world\u2019s most mysterious spirit is waiting for you to be discovered and tasted from China\u2026\" \/>\n<meta property=\"og:url\" content=\"https:\/\/www.nightclubliquor.com\/es\/producto\/kweichow-moutai-flying-fairy-liquor-wholesale\/\" \/>\n<meta property=\"og:site_name\" content=\"Guangzhou Sensnwine-Worldfamouswine|Nightclub liquors suppiler\" \/>\n<meta property=\"article:publisher\" content=\"https:\/\/www.facebook.com\/39wine.cn\" \/>\n<meta property=\"article:modified_time\" content=\"2023-08-13T16:04:38+00:00\" \/>\n<meta property=\"og:image\" content=\"https:\/\/www.nightclubliquor.com\/wp-content\/uploads\/2023\/07\/kweichow-moutai-500ml.webp\" \/>\n\t<meta property=\"og:image:width\" content=\"720\" \/>\n\t<meta property=\"og:image:height\" content=\"720\" \/>\n\t<meta property=\"og:image:type\" content=\"image\/webp\" \/>\n<meta name=\"twitter:card\" content=\"summary_large_image\" \/>\n<meta name=\"twitter:title\" content=\"Kweichow Moutai Flying Fairy 53% (500ml) Wholesale Guangzhou Sensnwine-Worldfamouswine|Nightclub liquors suppiler\" \/>\n<meta name=\"twitter:site\" content=\"@sensnwine\" \/>\n<meta name=\"twitter:label1\" content=\"Tiempo de lectura\" \/>\n\t<meta name=\"twitter:data1\" content=\"2 minutos\" \/>\n<script type=\"application\/ld+json\" class=\"yoast-schema-graph\">{\"@context\":\"https:\/\/schema.org\",\"@graph\":[{\"@type\":\"WebPage\",\"@id\":\"https:\/\/www.nightclubliquor.com\/zh-cn\/product\/kweichow-moutai-flying-fairy-liquor-wholesale\/\",\"url\":\"https:\/\/www.nightclubliquor.com\/zh-cn\/product\/kweichow-moutai-flying-fairy-liquor-wholesale\/\",\"name\":\"Kweichow Moutai Flying Fairy 53% (500ml) Wholesale - Guangzhou Sensnwine-Worldfamouswine|Nightclub liquors suppiler\",\"isPartOf\":{\"@id\":\"https:\/\/www.nightclubliquor.com\/en-us\/#website\"},\"primaryImageOfPage\":{\"@id\":\"https:\/\/www.nightclubliquor.com\/zh-cn\/product\/kweichow-moutai-flying-fairy-liquor-wholesale\/#primaryimage\"},\"image\":{\"@id\":\"https:\/\/www.nightclubliquor.com\/zh-cn\/product\/kweichow-moutai-flying-fairy-liquor-wholesale\/#primaryimage\"},\"thumbnailUrl\":\"https:\/\/www.nightclubliquor.com\/wp-content\/uploads\/2023\/07\/kweichow-moutai-500ml.webp\",\"datePublished\":\"2023-07-25T18:43:10+00:00\",\"dateModified\":\"2023-08-13T16:04:38+00:00\",\"description\":\"Kweichow Moutai Flying Fairy Liquor is the world\u2019s most mysterious spirit is waiting for you to be discovered and tasted from China\u2026\",\"breadcrumb\":{\"@id\":\"https:\/\/www.nightclubliquor.com\/zh-cn\/product\/kweichow-moutai-flying-fairy-liquor-wholesale\/#breadcrumb\"},\"inLanguage\":\"es\",\"potentialAction\":[{\"@type\":\"ReadAction\",\"target\":[\"https:\/\/www.nightclubliquor.com\/zh-cn\/product\/kweichow-moutai-flying-fairy-liquor-wholesale\/\"]}]},{\"@type\":\"ImageObject\",\"inLanguage\":\"es\",\"@id\":\"https:\/\/www.nightclubliquor.com\/zh-cn\/product\/kweichow-moutai-flying-fairy-liquor-wholesale\/#primaryimage\",\"url\":\"https:\/\/www.nightclubliquor.com\/wp-content\/uploads\/2023\/07\/kweichow-moutai-500ml.webp\",\"contentUrl\":\"https:\/\/www.nightclubliquor.com\/wp-content\/uploads\/2023\/07\/kweichow-moutai-500ml.webp\",\"width\":720,\"height\":720,\"caption\":\"Kweichow Moutai Flying Fairy 53% 500ml\"},{\"@type\":\"BreadcrumbList\",\"@id\":\"https:\/\/www.nightclubliquor.com\/zh-cn\/product\/kweichow-moutai-flying-fairy-liquor-wholesale\/#breadcrumb\",\"itemListElement\":[{\"@type\":\"ListItem\",\"position\":1,\"name\":\"Home\",\"item\":\"https:\/\/www.nightclubliquor.com\/\"},{\"@type\":\"ListItem\",\"position\":2,\"name\":\"Shop\",\"item\":\"https:\/\/www.nightclubliquor.com\/en-us\/shop\/\"},{\"@type\":\"ListItem\",\"position\":3,\"name\":\"Kweichow Moutai Flying Fairy 53% (500ml) Wholesale\"}]},{\"@type\":\"WebSite\",\"@id\":\"https:\/\/www.nightclubliquor.com\/en-us\/#website\",\"url\":\"https:\/\/www.nightclubliquor.com\/en-us\/\",\"name\":\"Guangzhou Sensnwine-Worldfamouswine|Nightclub Liquors Wholesale\",\"description\":\"Supply of primary source of nightclub liquors, Cognac, Whisky, Wine, Chinese Liquor\",\"alternateName\":\"Wholesale of famous brands of nightclub liquors\",\"potentialAction\":[{\"@type\":\"SearchAction\",\"target\":{\"@type\":\"EntryPoint\",\"urlTemplate\":\"https:\/\/www.nightclubliquor.com\/en-us\/?s={search_term_string}\"},\"query-input\":{\"@type\":\"PropertyValueSpecification\",\"valueRequired\":true,\"valueName\":\"search_term_string\"}}],\"inLanguage\":\"es\"}]}<\/script>\n<!-- \/ Yoast SEO Premium plugin. -->","yoast_head_json":{"title":"Kweichow Moutai Flying Fairy 53% (500ml) Wholesale - Guangzhou Sensnwine-Worldfamouswine|Nightclub liquors suppiler","description":"Kweichow Moutai Flying Fairy Liquor is the world\u2019s most mysterious spirit is waiting for you to be discovered and tasted from China\u2026","robots":{"index":"index","follow":"follow","max-snippet":"max-snippet:-1","max-image-preview":"max-image-preview:large","max-video-preview":"max-video-preview:-1"},"canonical":"https:\/\/www.nightclubliquor.com\/es\/producto\/kweichow-moutai-flying-fairy-liquor-wholesale\/","og_locale":"es_MX","og_type":"article","og_title":"Kweichow Moutai Flying Fairy 53% (500ml) Wholesale","og_description":"Kweichow Moutai Flying Fairy Liquor is the world\u2019s most mysterious spirit is waiting for you to be discovered and tasted from China\u2026","og_url":"https:\/\/www.nightclubliquor.com\/es\/producto\/kweichow-moutai-flying-fairy-liquor-wholesale\/","og_site_name":"Guangzhou Sensnwine-Worldfamouswine|Nightclub liquors suppiler","article_publisher":"https:\/\/www.facebook.com\/39wine.cn","article_modified_time":"2023-08-13T16:04:38+00:00","og_image":[{"width":720,"height":720,"url":"https:\/\/www.nightclubliquor.com\/wp-content\/uploads\/2023\/07\/kweichow-moutai-500ml.webp","type":"image\/webp"}],"twitter_card":"summary_large_image","twitter_title":"Kweichow Moutai Flying Fairy 53% (500ml) Wholesale Guangzhou Sensnwine-Worldfamouswine|Nightclub liquors suppiler","twitter_site":"@sensnwine","twitter_misc":{"Tiempo de lectura":"2 minutos"},"schema":{"@context":"https:\/\/schema.org","@graph":[{"@type":"WebPage","@id":"https:\/\/www.nightclubliquor.com\/zh-cn\/product\/kweichow-moutai-flying-fairy-liquor-wholesale\/","url":"https:\/\/www.nightclubliquor.com\/zh-cn\/product\/kweichow-moutai-flying-fairy-liquor-wholesale\/","name":"Kweichow Moutai Flying Fairy 53% (500ml) Wholesale - Guangzhou Sensnwine-Worldfamouswine|Nightclub liquors suppiler","isPartOf":{"@id":"https:\/\/www.nightclubliquor.com\/en-us\/#website"},"primaryImageOfPage":{"@id":"https:\/\/www.nightclubliquor.com\/zh-cn\/product\/kweichow-moutai-flying-fairy-liquor-wholesale\/#primaryimage"},"image":{"@id":"https:\/\/www.nightclubliquor.com\/zh-cn\/product\/kweichow-moutai-flying-fairy-liquor-wholesale\/#primaryimage"},"thumbnailUrl":"https:\/\/www.nightclubliquor.com\/wp-content\/uploads\/2023\/07\/kweichow-moutai-500ml.webp","datePublished":"2023-07-25T18:43:10+00:00","dateModified":"2023-08-13T16:04:38+00:00","description":"Kweichow Moutai Flying Fairy Liquor is the world\u2019s most mysterious spirit is waiting for you to be discovered and tasted from China\u2026","breadcrumb":{"@id":"https:\/\/www.nightclubliquor.com\/zh-cn\/product\/kweichow-moutai-flying-fairy-liquor-wholesale\/#breadcrumb"},"inLanguage":"es","potentialAction":[{"@type":"ReadAction","target":["https:\/\/www.nightclubliquor.com\/zh-cn\/product\/kweichow-moutai-flying-fairy-liquor-wholesale\/"]}]},{"@type":"ImageObject","inLanguage":"es","@id":"https:\/\/www.nightclubliquor.com\/zh-cn\/product\/kweichow-moutai-flying-fairy-liquor-wholesale\/#primaryimage","url":"https:\/\/www.nightclubliquor.com\/wp-content\/uploads\/2023\/07\/kweichow-moutai-500ml.webp","contentUrl":"https:\/\/www.nightclubliquor.com\/wp-content\/uploads\/2023\/07\/kweichow-moutai-500ml.webp","width":720,"height":720,"caption":"Kweichow Moutai Flying Fairy 53% 500ml"},{"@type":"BreadcrumbList","@id":"https:\/\/www.nightclubliquor.com\/zh-cn\/product\/kweichow-moutai-flying-fairy-liquor-wholesale\/#breadcrumb","itemListElement":[{"@type":"ListItem","position":1,"name":"Home","item":"https:\/\/www.nightclubliquor.com\/"},{"@type":"ListItem","position":2,"name":"Shop","item":"https:\/\/www.nightclubliquor.com\/en-us\/shop\/"},{"@type":"ListItem","position":3,"name":"Kweichow Moutai Flying Fairy 53% (500ml) Wholesale"}]},{"@type":"WebSite","@id":"https:\/\/www.nightclubliquor.com\/en-us\/#website","url":"https:\/\/www.nightclubliquor.com\/en-us\/","name":"Guangzhou Sensnwine-Worldfamouswine|Licores para discotecas al por mayor","description":"Suministro de la fuente principal de licores de clubes nocturnos, co\u00f1ac, whisky, vino, licor chino","alternateName":"Wholesale of famous brands of nightclub liquors","potentialAction":[{"@type":"SearchAction","target":{"@type":"EntryPoint","urlTemplate":"https:\/\/www.nightclubliquor.com\/en-us\/?s={search_term_string}"},"query-input":{"@type":"PropertyValueSpecification","valueRequired":true,"valueName":"search_term_string"}}],"inLanguage":"es"}]}},"_links":{"self":[{"href":"https:\/\/www.nightclubliquor.com\/es\/wp-json\/wp\/v2\/product\/16093","targetHints":{"allow":["GET"]}}],"collection":[{"href":"https:\/\/www.nightclubliquor.com\/es\/wp-json\/wp\/v2\/product"}],"about":[{"href":"https:\/\/www.nightclubliquor.com\/es\/wp-json\/wp\/v2\/types\/product"}],"replies":[{"embeddable":true,"href":"https:\/\/www.nightclubliquor.com\/es\/wp-json\/wp\/v2\/comments?post=16093"}],"version-history":[{"count":16,"href":"https:\/\/www.nightclubliquor.com\/es\/wp-json\/wp\/v2\/product\/16093\/revisions"}],"predecessor-version":[{"id":16223,"href":"https:\/\/www.nightclubliquor.com\/es\/wp-json\/wp\/v2\/product\/16093\/revisions\/16223"}],"wp:featuredmedia":[{"embeddable":true,"href":"https:\/\/www.nightclubliquor.com\/es\/wp-json\/wp\/v2\/media\/16099"}],"wp:attachment":[{"href":"https:\/\/www.nightclubliquor.com\/es\/wp-json\/wp\/v2\/media?parent=16093"}],"wp:term":[{"taxonomy":"product_brand","embeddable":true,"href":"https:\/\/www.nightclubliquor.com\/es\/wp-json\/wp\/v2\/product_brand?post=16093"},{"taxonomy":"product_cat","embeddable":true,"href":"https:\/\/www.nightclubliquor.com\/es\/wp-json\/wp\/v2\/product_cat?post=16093"},{"taxonomy":"product_tag","embeddable":true,"href":"https:\/\/www.nightclubliquor.com\/es\/wp-json\/wp\/v2\/product_tag?post=16093"}],"curies":[{"name":"wp","href":"https:\/\/api.w.org\/{rel}","templated":true}]}}