{"id":16118,"date":"2023-07-26T08:10:11","date_gmt":"2023-07-26T08:10:11","guid":{"rendered":"https:\/\/nightclubliquor.com\/?post_type=product&#038;p=16118"},"modified":"2023-08-13T16:33:56","modified_gmt":"2023-08-13T16:33:56","slug":"yamazaki-18-year-old-whisky-wholesale","status":"publish","type":"product","link":"https:\/\/www.nightclubliquor.com\/es\/producto\/yamazaki-18-year-old-whisky-wholesale\/","title":{"rendered":"Yamazaki 18 A\u00f1os Japon\u00e9s hisky Mayorista- 70cl 43%"},"content":{"rendered":"<div data-elementor-type=\"wp-post\" data-elementor-id=\"16118\" class=\"elementor elementor-16118\">\n\t\t\t\t\t\t<section class=\"elementor-section elementor-top-section elementor-element elementor-element-dbbecba elementor-section-boxed elementor-section-height-default elementor-section-height-default wd-section-disabled\" data-id=\"dbbecba\" data-element_type=\"section\">\n\t\t\t\t\t\t<div class=\"elementor-container elementor-column-gap-default\">\n\t\t\t\t\t<div class=\"elementor-column elementor-col-50 elementor-top-column elementor-element elementor-element-15df2c3\" data-id=\"15df2c3\" data-element_type=\"column\">\n\t\t\t<div class=\"elementor-widget-wrap elementor-element-populated\">\n\t\t\t\t\t\t<div class=\"elementor-element elementor-element-69c4ad4 elementor-widget elementor-widget-wd_text_block\" data-id=\"69c4ad4\" data-element_type=\"widget\" data-widget_type=\"wd_text_block.default\">\n\t\t\t\t<div class=\"elementor-widget-container\">\n\t\t\t\t\t\t\t<div class=\"wd-text-block reset-last-child text-left\">\n\t\t\t\n\t\t\t<h3 style=\"text-align: left;\"><strong>Cantidad m\u00ednima de pedido<\/strong> para enviar: <strong>5<\/strong> <strong>Cajas, no vender al por menor y no enviar en botella.<\/strong><\/h3>\n\t\t\t\t\t<\/div>\n\t\t\t\t\t\t<\/div>\n\t\t\t\t<\/div>\n\t\t\t\t<div class=\"elementor-element elementor-element-11c1ccb elementor-widget elementor-widget-wd_text_block\" data-id=\"11c1ccb\" data-element_type=\"widget\" data-widget_type=\"wd_text_block.default\">\n\t\t\t\t<div class=\"elementor-widget-container\">\n\t\t\t\t\t\t\t<div class=\"wd-text-block reset-last-child text-left\">\n\t\t\t\n\t\t\t<h1>Whisky japon\u00e9s Yamazaki 18 a\u00f1os - 70cl 43%<\/h1><p>El conocido whisky japon\u00e9s de malta \u00fanica de 18 a\u00f1os, un maravilloso ejemplo de lo que es capaz de hacer el whisky japon\u00e9s.<br \/>Siendo uno de los productos m\u00e1s populares de Suntory, sabes que tienes calidad cuando tienes Yamazaki.<br \/>Yamazaki es el single malt insignia de Suntory. La sorprendente, delicada pero profunda experiencia de un single malt japon\u00e9s naci\u00f3 en Yamazaki.<br \/>El whisky japon\u00e9s de pura malta Yamazaki de House of Suntory de 18 a\u00f1os ha sido envejecido en las mejores barricas de jerez de Suntory.<br \/>Hoy en d\u00eda, Yamazaki no solo es el single malt n\u00famero 1 en Jap\u00f3n, sino que tambi\u00e9n se disfruta en todo el mundo.<\/p><p>\u201cEchar el agua caliente en el whisky,<br \/>La fragancia sube de repente<br \/>A la luz de una ma\u00f1ana blanca y fr\u00eda.\u201d<\/p>\n\t\t\t\t\t<\/div>\n\t\t\t\t\t\t<\/div>\n\t\t\t\t<\/div>\n\t\t\t\t\t<\/div>\n\t\t<\/div>\n\t\t\t\t<div class=\"elementor-column elementor-col-50 elementor-top-column elementor-element elementor-element-d05ac35\" data-id=\"d05ac35\" data-element_type=\"column\">\n\t\t\t<div class=\"elementor-widget-wrap elementor-element-populated\">\n\t\t\t\t\t\t<div class=\"elementor-element elementor-element-3328355 elementor-widget elementor-widget-wd_image_or_svg\" data-id=\"3328355\" data-element_type=\"widget\" data-widget_type=\"wd_image_or_svg.default\">\n\t\t\t\t<div class=\"elementor-widget-container\">\n\t\t\t\t\t\n\t\t<div class=\"wd-image text-left\">\n\t\t\t\t\t\t\t\t<img fetchpriority=\"high\" decoding=\"async\" width=\"745\" height=\"709\" src=\"https:\/\/www.nightclubliquor.com\/wp-content\/uploads\/2023\/07\/yamazaki-18-1.jpg\" class=\"attachment-full size-full wp-image-16125\" alt=\"\" srcset=\"https:\/\/www.nightclubliquor.com\/wp-content\/uploads\/2023\/07\/yamazaki-18-1.jpg 745w, https:\/\/www.nightclubliquor.com\/wp-content\/uploads\/2023\/07\/yamazaki-18-1-315x300.jpg 315w, https:\/\/www.nightclubliquor.com\/wp-content\/uploads\/2023\/07\/yamazaki-18-1-13x12.jpg 13w, https:\/\/www.nightclubliquor.com\/wp-content\/uploads\/2023\/07\/yamazaki-18-1-430x409.jpg 430w, https:\/\/www.nightclubliquor.com\/wp-content\/uploads\/2023\/07\/yamazaki-18-1-700x666.jpg 700w, https:\/\/www.nightclubliquor.com\/wp-content\/uploads\/2023\/07\/yamazaki-18-1-150x143.jpg 150w\" sizes=\"(max-width: 745px) 100vw, 745px\" \/>\t\t\t\t\t<\/div>\n\n\t\t\t\t\t\t<\/div>\n\t\t\t\t<\/div>\n\t\t\t\t\t<\/div>\n\t\t<\/div>\n\t\t\t\t\t<\/div>\n\t\t<\/section>\n\t\t\t\t<\/div>","protected":false},"excerpt":{"rendered":"<h3><strong>Cantidad m\u00ednima de pedido<\/strong> para enviar: <strong>Cajas, no vender al por menor y no enviar en botella.<\/strong><\/h3>\n<p>El whisky japon\u00e9s de pura malta Yamazaki de House of Suntory de 18 a\u00f1os ha sido envejecido en las mejores barricas de jerez de Suntory.<br \/>\nHoy en d\u00eda, Yamazaki no solo es el single malt n\u00famero 1 en Jap\u00f3n, sino que tambi\u00e9n se disfruta en todo el mundo.<\/p>\n<p>&nbsp;<\/p>","protected":false},"featured_media":16121,"comment_status":"open","ping_status":"closed","template":"","meta":[],"product_brand":[],"product_cat":[20],"product_tag":[107,106,110,109,108],"class_list":{"0":"post-16118","1":"product","2":"type-product","3":"status-publish","4":"has-post-thumbnail","6":"product_cat-whisky","7":"product_tag-suntory","8":"product_tag-suntory-yamazaki-18","9":"product_tag-whisky","10":"product_tag-yamazaki","11":"product_tag-yamazaki-18","12":"product_shipping_class-land-transportation","14":"first","15":"instock","16":"sale","17":"featured","18":"taxable","19":"shipping-taxable","20":"purchasable","21":"product-type-variable"},"yoast_head":"<!-- This site is optimized with the Yoast SEO Premium plugin v20.13 (Yoast SEO v26.6) - https:\/\/yoast.com\/wordpress\/plugins\/seo\/ -->\n<title>Yamazaki 18 Year Old Japanese hisky Wholesale- 70cl 43% - Guangzhou Sensnwine-Worldfamouswine|Nightclub liquors suppiler<\/title>\n<meta name=\"description\" content=\"Wholesale with 70cl 43%. The House of Suntory Yamazaki 18 Year Old single malt Japanese whisky has been aged in the finest Sherry casks by Suntory....\" \/>\n<meta name=\"robots\" content=\"index, follow, max-snippet:-1, max-image-preview:large, max-video-preview:-1\" \/>\n<link rel=\"canonical\" href=\"https:\/\/www.nightclubliquor.com\/es\/producto\/yamazaki-18-year-old-whisky-wholesale\/\" \/>\n<meta property=\"og:locale\" content=\"es_MX\" \/>\n<meta property=\"og:type\" content=\"article\" \/>\n<meta property=\"og:title\" content=\"Yamazaki 18 Year Old Japanese hisky Wholesale- 70cl 43% Guangzhou Sensnwine-Worldfamouswine|Nightclub liquors suppiler\" \/>\n<meta property=\"og:description\" content=\"The House of Suntory Yamazaki 18 Year Old single malt Japanese whisky has been aged in the finest Sherry casks by Suntory.Today, Yamazaki is not only the no 1. Single malt in Japan but it is also enjoyed worldwide.\" \/>\n<meta property=\"og:url\" content=\"https:\/\/www.nightclubliquor.com\/es\/producto\/yamazaki-18-year-old-whisky-wholesale\/\" \/>\n<meta property=\"og:site_name\" content=\"Guangzhou Sensnwine-Worldfamouswine|Nightclub liquors suppiler\" \/>\n<meta property=\"article:publisher\" content=\"https:\/\/www.facebook.com\/39wine.cn\" \/>\n<meta property=\"article:modified_time\" content=\"2023-08-13T16:33:56+00:00\" \/>\n<meta property=\"og:image\" content=\"https:\/\/www.nightclubliquor.com\/wp-content\/uploads\/2023\/07\/\u5c71\u5d0e18\u5e742.jpg\" \/>\n\t<meta property=\"og:image:width\" content=\"1000\" \/>\n\t<meta property=\"og:image:height\" content=\"1000\" \/>\n\t<meta property=\"og:image:type\" content=\"image\/jpeg\" \/>\n<meta name=\"twitter:card\" content=\"summary_large_image\" \/>\n<meta name=\"twitter:title\" content=\"Yamazaki 18 Year Old Japanese hisky Wholesale- 70cl 43% Guangzhou Sensnwine-Worldfamouswine|Nightclub liquors suppiler\" \/>\n<meta name=\"twitter:description\" content=\"The House of Suntory Yamazaki 18 Year Old single malt Japanese whisky has been aged in the finest Sherry casks by Suntory.Today, Yamazaki is not only the no 1. Single malt in Japan but it is also enjoyed worldwide.\" \/>\n<meta name=\"twitter:site\" content=\"@sensnwine\" \/>\n<meta name=\"twitter:label1\" content=\"Tiempo de lectura\" \/>\n\t<meta name=\"twitter:data1\" content=\"1 minuto\" \/>\n<script type=\"application\/ld+json\" class=\"yoast-schema-graph\">{\"@context\":\"https:\/\/schema.org\",\"@graph\":[{\"@type\":\"WebPage\",\"@id\":\"https:\/\/www.nightclubliquor.com\/product\/yamazaki-18-year-old-whisky-wholesale\/\",\"url\":\"https:\/\/www.nightclubliquor.com\/product\/yamazaki-18-year-old-whisky-wholesale\/\",\"name\":\"Yamazaki 18 Year Old Japanese hisky Wholesale- 70cl 43% - Guangzhou Sensnwine-Worldfamouswine|Nightclub liquors suppiler\",\"isPartOf\":{\"@id\":\"https:\/\/www.nightclubliquor.com\/en-us\/#website\"},\"primaryImageOfPage\":{\"@id\":\"https:\/\/www.nightclubliquor.com\/product\/yamazaki-18-year-old-whisky-wholesale\/#primaryimage\"},\"image\":{\"@id\":\"https:\/\/www.nightclubliquor.com\/product\/yamazaki-18-year-old-whisky-wholesale\/#primaryimage\"},\"thumbnailUrl\":\"https:\/\/www.nightclubliquor.com\/wp-content\/uploads\/2023\/07\/\u5c71\u5d0e18\u5e742.jpg\",\"datePublished\":\"2023-07-26T08:10:11+00:00\",\"dateModified\":\"2023-08-13T16:33:56+00:00\",\"description\":\"Wholesale with 70cl 43%. The House of Suntory Yamazaki 18 Year Old single malt Japanese whisky has been aged in the finest Sherry casks by Suntory....\",\"breadcrumb\":{\"@id\":\"https:\/\/www.nightclubliquor.com\/product\/yamazaki-18-year-old-whisky-wholesale\/#breadcrumb\"},\"inLanguage\":\"es\",\"potentialAction\":[{\"@type\":\"ReadAction\",\"target\":[\"https:\/\/www.nightclubliquor.com\/product\/yamazaki-18-year-old-whisky-wholesale\/\"]}]},{\"@type\":\"ImageObject\",\"inLanguage\":\"es\",\"@id\":\"https:\/\/www.nightclubliquor.com\/product\/yamazaki-18-year-old-whisky-wholesale\/#primaryimage\",\"url\":\"https:\/\/www.nightclubliquor.com\/wp-content\/uploads\/2023\/07\/\u5c71\u5d0e18\u5e742.jpg\",\"contentUrl\":\"https:\/\/www.nightclubliquor.com\/wp-content\/uploads\/2023\/07\/\u5c71\u5d0e18\u5e742.jpg\",\"width\":1000,\"height\":1000,\"caption\":\"wholesale of yamazaki 18 year old japanese single malt whisky\"},{\"@type\":\"BreadcrumbList\",\"@id\":\"https:\/\/www.nightclubliquor.com\/product\/yamazaki-18-year-old-whisky-wholesale\/#breadcrumb\",\"itemListElement\":[{\"@type\":\"ListItem\",\"position\":1,\"name\":\"Home\",\"item\":\"https:\/\/www.nightclubliquor.com\/\"},{\"@type\":\"ListItem\",\"position\":2,\"name\":\"Shop\",\"item\":\"https:\/\/www.nightclubliquor.com\/en-us\/shop\/\"},{\"@type\":\"ListItem\",\"position\":3,\"name\":\"Yamazaki 18 Year Old Japanese hisky Wholesale- 70cl 43%\"}]},{\"@type\":\"WebSite\",\"@id\":\"https:\/\/www.nightclubliquor.com\/en-us\/#website\",\"url\":\"https:\/\/www.nightclubliquor.com\/en-us\/\",\"name\":\"Guangzhou Sensnwine-Worldfamouswine|Nightclub Liquors Wholesale\",\"description\":\"Supply of primary source of nightclub liquors, Cognac, Whisky, Wine, Chinese Liquor\",\"alternateName\":\"Wholesale of famous brands of nightclub liquors\",\"potentialAction\":[{\"@type\":\"SearchAction\",\"target\":{\"@type\":\"EntryPoint\",\"urlTemplate\":\"https:\/\/www.nightclubliquor.com\/en-us\/?s={search_term_string}\"},\"query-input\":{\"@type\":\"PropertyValueSpecification\",\"valueRequired\":true,\"valueName\":\"search_term_string\"}}],\"inLanguage\":\"es\"}]}<\/script>\n<!-- \/ Yoast SEO Premium plugin. -->","yoast_head_json":{"title":"Yamazaki 18 Year Old Japanese hisky Wholesale- 70cl 43% - Guangzhou Sensnwine-Worldfamouswine|Nightclub liquors suppiler","description":"Wholesale with 70cl 43%. The House of Suntory Yamazaki 18 Year Old single malt Japanese whisky has been aged in the finest Sherry casks by Suntory....","robots":{"index":"index","follow":"follow","max-snippet":"max-snippet:-1","max-image-preview":"max-image-preview:large","max-video-preview":"max-video-preview:-1"},"canonical":"https:\/\/www.nightclubliquor.com\/es\/producto\/yamazaki-18-year-old-whisky-wholesale\/","og_locale":"es_MX","og_type":"article","og_title":"Yamazaki 18 Year Old Japanese hisky Wholesale- 70cl 43% Guangzhou Sensnwine-Worldfamouswine|Nightclub liquors suppiler","og_description":"The House of Suntory Yamazaki 18 Year Old single malt Japanese whisky has been aged in the finest Sherry casks by Suntory.Today, Yamazaki is not only the no 1. Single malt in Japan but it is also enjoyed worldwide.","og_url":"https:\/\/www.nightclubliquor.com\/es\/producto\/yamazaki-18-year-old-whisky-wholesale\/","og_site_name":"Guangzhou Sensnwine-Worldfamouswine|Nightclub liquors suppiler","article_publisher":"https:\/\/www.facebook.com\/39wine.cn","article_modified_time":"2023-08-13T16:33:56+00:00","og_image":[{"width":1000,"height":1000,"url":"https:\/\/www.nightclubliquor.com\/wp-content\/uploads\/2023\/07\/\u5c71\u5d0e18\u5e742.jpg","type":"image\/jpeg"}],"twitter_card":"summary_large_image","twitter_title":"Yamazaki 18 Year Old Japanese hisky Wholesale- 70cl 43% Guangzhou Sensnwine-Worldfamouswine|Nightclub liquors suppiler","twitter_description":"The House of Suntory Yamazaki 18 Year Old single malt Japanese whisky has been aged in the finest Sherry casks by Suntory.Today, Yamazaki is not only the no 1. Single malt in Japan but it is also enjoyed worldwide.","twitter_site":"@sensnwine","twitter_misc":{"Tiempo de lectura":"1 minuto"},"schema":{"@context":"https:\/\/schema.org","@graph":[{"@type":"WebPage","@id":"https:\/\/www.nightclubliquor.com\/product\/yamazaki-18-year-old-whisky-wholesale\/","url":"https:\/\/www.nightclubliquor.com\/product\/yamazaki-18-year-old-whisky-wholesale\/","name":"Yamazaki 18 Year Old Japanese hisky Wholesale- 70cl 43% - Guangzhou Sensnwine-Worldfamouswine|Nightclub liquors suppiler","isPartOf":{"@id":"https:\/\/www.nightclubliquor.com\/en-us\/#website"},"primaryImageOfPage":{"@id":"https:\/\/www.nightclubliquor.com\/product\/yamazaki-18-year-old-whisky-wholesale\/#primaryimage"},"image":{"@id":"https:\/\/www.nightclubliquor.com\/product\/yamazaki-18-year-old-whisky-wholesale\/#primaryimage"},"thumbnailUrl":"https:\/\/www.nightclubliquor.com\/wp-content\/uploads\/2023\/07\/\u5c71\u5d0e18\u5e742.jpg","datePublished":"2023-07-26T08:10:11+00:00","dateModified":"2023-08-13T16:33:56+00:00","description":"Wholesale with 70cl 43%. The House of Suntory Yamazaki 18 Year Old single malt Japanese whisky has been aged in the finest Sherry casks by Suntory....","breadcrumb":{"@id":"https:\/\/www.nightclubliquor.com\/product\/yamazaki-18-year-old-whisky-wholesale\/#breadcrumb"},"inLanguage":"es","potentialAction":[{"@type":"ReadAction","target":["https:\/\/www.nightclubliquor.com\/product\/yamazaki-18-year-old-whisky-wholesale\/"]}]},{"@type":"ImageObject","inLanguage":"es","@id":"https:\/\/www.nightclubliquor.com\/product\/yamazaki-18-year-old-whisky-wholesale\/#primaryimage","url":"https:\/\/www.nightclubliquor.com\/wp-content\/uploads\/2023\/07\/\u5c71\u5d0e18\u5e742.jpg","contentUrl":"https:\/\/www.nightclubliquor.com\/wp-content\/uploads\/2023\/07\/\u5c71\u5d0e18\u5e742.jpg","width":1000,"height":1000,"caption":"wholesale of yamazaki 18 year old japanese single malt whisky"},{"@type":"BreadcrumbList","@id":"https:\/\/www.nightclubliquor.com\/product\/yamazaki-18-year-old-whisky-wholesale\/#breadcrumb","itemListElement":[{"@type":"ListItem","position":1,"name":"Home","item":"https:\/\/www.nightclubliquor.com\/"},{"@type":"ListItem","position":2,"name":"Shop","item":"https:\/\/www.nightclubliquor.com\/en-us\/shop\/"},{"@type":"ListItem","position":3,"name":"Yamazaki 18 Year Old Japanese hisky Wholesale- 70cl 43%"}]},{"@type":"WebSite","@id":"https:\/\/www.nightclubliquor.com\/en-us\/#website","url":"https:\/\/www.nightclubliquor.com\/en-us\/","name":"Guangzhou Sensnwine-Worldfamouswine|Licores para discotecas al por mayor","description":"Suministro de la fuente principal de licores de clubes nocturnos, co\u00f1ac, whisky, vino, licor chino","alternateName":"Wholesale of famous brands of nightclub liquors","potentialAction":[{"@type":"SearchAction","target":{"@type":"EntryPoint","urlTemplate":"https:\/\/www.nightclubliquor.com\/en-us\/?s={search_term_string}"},"query-input":{"@type":"PropertyValueSpecification","valueRequired":true,"valueName":"search_term_string"}}],"inLanguage":"es"}]}},"_links":{"self":[{"href":"https:\/\/www.nightclubliquor.com\/es\/wp-json\/wp\/v2\/product\/16118","targetHints":{"allow":["GET"]}}],"collection":[{"href":"https:\/\/www.nightclubliquor.com\/es\/wp-json\/wp\/v2\/product"}],"about":[{"href":"https:\/\/www.nightclubliquor.com\/es\/wp-json\/wp\/v2\/types\/product"}],"replies":[{"embeddable":true,"href":"https:\/\/www.nightclubliquor.com\/es\/wp-json\/wp\/v2\/comments?post=16118"}],"version-history":[{"count":17,"href":"https:\/\/www.nightclubliquor.com\/es\/wp-json\/wp\/v2\/product\/16118\/revisions"}],"predecessor-version":[{"id":16274,"href":"https:\/\/www.nightclubliquor.com\/es\/wp-json\/wp\/v2\/product\/16118\/revisions\/16274"}],"wp:featuredmedia":[{"embeddable":true,"href":"https:\/\/www.nightclubliquor.com\/es\/wp-json\/wp\/v2\/media\/16121"}],"wp:attachment":[{"href":"https:\/\/www.nightclubliquor.com\/es\/wp-json\/wp\/v2\/media?parent=16118"}],"wp:term":[{"taxonomy":"product_brand","embeddable":true,"href":"https:\/\/www.nightclubliquor.com\/es\/wp-json\/wp\/v2\/product_brand?post=16118"},{"taxonomy":"product_cat","embeddable":true,"href":"https:\/\/www.nightclubliquor.com\/es\/wp-json\/wp\/v2\/product_cat?post=16118"},{"taxonomy":"product_tag","embeddable":true,"href":"https:\/\/www.nightclubliquor.com\/es\/wp-json\/wp\/v2\/product_tag?post=16118"}],"curies":[{"name":"wp","href":"https:\/\/api.w.org\/{rel}","templated":true}]}}