{"id":15955,"date":"2023-07-23T19:21:39","date_gmt":"2023-07-23T19:21:39","guid":{"rendered":"https:\/\/nightclubliquor.com\/?post_type=product&#038;p=15955"},"modified":"2025-12-11T20:33:51","modified_gmt":"2025-12-11T20:33:51","slug":"martell-noblige-cognac-wholesale","status":"publish","type":"product","link":"https:\/\/www.nightclubliquor.com\/fr\/produit\/martell-noblige-cognac-wholesale\/","title":{"rendered":"Martell Noblige Cognac Grossiste Fournisseur"},"content":{"rendered":"<div data-elementor-type=\"wp-post\" data-elementor-id=\"15955\" class=\"elementor elementor-15955\">\n\t\t\t\t\t\t<section class=\"elementor-section elementor-top-section elementor-element elementor-element-dbbecba elementor-section-boxed elementor-section-height-default elementor-section-height-default wd-section-disabled\" data-id=\"dbbecba\" data-element_type=\"section\">\n\t\t\t\t\t\t<div class=\"elementor-container elementor-column-gap-default\">\n\t\t\t\t\t<div class=\"elementor-column elementor-col-50 elementor-top-column elementor-element elementor-element-15df2c3\" data-id=\"15df2c3\" data-element_type=\"column\">\n\t\t\t<div class=\"elementor-widget-wrap elementor-element-populated\">\n\t\t\t\t\t\t<div class=\"elementor-element elementor-element-69c4ad4 elementor-widget elementor-widget-wd_text_block\" data-id=\"69c4ad4\" data-element_type=\"widget\" data-widget_type=\"wd_text_block.default\">\n\t\t\t\t<div class=\"elementor-widget-container\">\n\t\t\t\t\t\t\t<div class=\"wd-text-block reset-last-child text-left\">\n\t\t\t\n\t\t\t<h3 style=\"text-align: left;\"><strong>Quantit\u00e9 minimum d&#039;achat<\/strong> pour exp\u00e9dition: <strong>5<\/strong> <strong>Bo\u00eetes, ne pas vendre au d\u00e9tail et ne pas exp\u00e9dier par bouteille.<\/strong><\/h3>\n\t\t\t\t\t<\/div>\n\t\t\t\t\t\t<\/div>\n\t\t\t\t<\/div>\n\t\t\t\t<div class=\"elementor-element elementor-element-11c1ccb elementor-widget elementor-widget-wd_text_block\" data-id=\"11c1ccb\" data-element_type=\"widget\" data-widget_type=\"wd_text_block.default\">\n\t\t\t\t<div class=\"elementor-widget-container\">\n\t\t\t\t\t\t\t<div class=\"wd-text-block reset-last-child text-left\">\n\t\t\t\n\t\t\t<h1 style=\"text-align: left;\"><strong>Martell Noblige<\/strong><\/h1><h2 class=\"sectionTitle_px8j8 sang_1jFHj bold_oQRNx h2_pEflj\">D\u00e9couverte de produits<\/h2><div class=\"attribute_PWwex\"><h3 class=\"attributeTitle_1TSPJ attributeTitle_KgBiQ sang_1jFHj mongoose_3S35Z bold_oQRNx\">La couleur<\/h3><div class=\"s_2Mn1z apercu_2yhAJ\"><div class=\"textParser_1yehu white\"><p class=\"apercu_2yhAJ light_710mr text_1kC9R\">Or fonc\u00e9 aux reflets cuivr\u00e9s.<\/p><\/div><\/div><\/div><div class=\"attribute_PWwex\"><h3 class=\"attributeTitle_1TSPJ attributeTitle_KgBiQ sang_1jFHj mongoose_3S35Z bold_oQRNx\">L&#039;ar\u00f4me<\/h3><div class=\"s_2Mn1z apercu_2yhAJ\"><div class=\"textParser_1yehu white\"><p class=\"apercu_2yhAJ light_710mr text_1kC9R\">Notes de fruits abondantes de poire et de pruneau, notes exotiques de gousse de vanille et de raisin caram\u00e9lis\u00e9, et un caract\u00e8re bois\u00e9 distinctif avec des notes de myrrhe, de c\u00e8dre et de ch\u00eane \u00e0 grain fin.<\/p><\/div><\/div><\/div><div class=\"attribute_PWwex\"><h3 class=\"attributeTitle_1TSPJ attributeTitle_KgBiQ sang_1jFHj mongoose_3S35Z bold_oQRNx\">Le go\u00fbt<\/h3><div class=\"s_2Mn1z apercu_2yhAJ\"><div class=\"textParser_1yehu white\"><p class=\"apercu_2yhAJ light_710mr text_1kC9R\">Un mariage \u00e9l\u00e9gamment structur\u00e9 de force et d&#039;onctuosit\u00e9 avec une bonne longueur.<\/p><\/div><\/div><\/div><div class=\"attribute_PWwex\"><div class=\"s_2Mn1z apercu_2yhAJ\"><div class=\"textParser_1yehu white\"><blockquote class=\"apercu_2yhAJ s_2Mn1z\"><p>Un cognac superbement \u00e9l\u00e9gant dont le nom fait r\u00e9f\u00e9rence \u00e0 l&#039;ancien dicton fran\u00e7ais &quot;noblesse oblige&quot;. Le design contemporain de la bouteille porte des indices forts d&#039;\u00e9l\u00e9gance et de sophistication.<\/p><\/blockquote><\/div><\/div><\/div>\n\t\t\t\t\t<\/div>\n\t\t\t\t\t\t<\/div>\n\t\t\t\t<\/div>\n\t\t\t\t\t<\/div>\n\t\t<\/div>\n\t\t\t\t<div class=\"elementor-column elementor-col-50 elementor-top-column elementor-element elementor-element-d05ac35\" data-id=\"d05ac35\" data-element_type=\"column\">\n\t\t\t<div class=\"elementor-widget-wrap elementor-element-populated\">\n\t\t\t\t\t\t<div class=\"elementor-element elementor-element-887e006 elementor-widget elementor-widget-wd_image_or_svg\" data-id=\"887e006\" data-element_type=\"widget\" data-widget_type=\"wd_image_or_svg.default\">\n\t\t\t\t<div class=\"elementor-widget-container\">\n\t\t\t\t\t\n\t\t<div class=\"wd-image text-left\">\n\t\t\t\t\t\t\t\t<img fetchpriority=\"high\" decoding=\"async\" width=\"800\" height=\"800\" src=\"https:\/\/www.nightclubliquor.com\/wp-content\/uploads\/2023\/07\/Martell-Noblige.jpg\" class=\"attachment-full size-full wp-image-15966\" alt=\"\" srcset=\"https:\/\/www.nightclubliquor.com\/wp-content\/uploads\/2023\/07\/Martell-Noblige.jpg 800w, https:\/\/www.nightclubliquor.com\/wp-content\/uploads\/2023\/07\/Martell-Noblige-300x300.jpg 300w, https:\/\/www.nightclubliquor.com\/wp-content\/uploads\/2023\/07\/Martell-Noblige-150x150.jpg 150w, https:\/\/www.nightclubliquor.com\/wp-content\/uploads\/2023\/07\/Martell-Noblige-768x768.jpg 768w, https:\/\/www.nightclubliquor.com\/wp-content\/uploads\/2023\/07\/Martell-Noblige-12x12.jpg 12w, https:\/\/www.nightclubliquor.com\/wp-content\/uploads\/2023\/07\/Martell-Noblige-430x430.jpg 430w, https:\/\/www.nightclubliquor.com\/wp-content\/uploads\/2023\/07\/Martell-Noblige-700x700.jpg 700w\" sizes=\"(max-width: 800px) 100vw, 800px\" \/>\t\t\t\t\t<\/div>\n\n\t\t\t\t\t\t<\/div>\n\t\t\t\t<\/div>\n\t\t\t\t\t<\/div>\n\t\t<\/div>\n\t\t\t\t\t<\/div>\n\t\t<\/section>\n\t\t\t\t<\/div>","protected":false},"excerpt":{"rendered":"<p><strong>Quantit\u00e9 minimum d&#039;achat<\/strong> pour exp\u00e9dition: <strong>5<\/strong> <strong>Bo\u00eetes, ne pas vendre au d\u00e9tail et ne pas exp\u00e9dier par bouteille.<\/strong><\/p>\n<p>\u00c9l\u00e9gant et sophistiqu\u00e9. Le cognac Martell Noblige est l&#039;alliance parfaite de la force et de l&#039;onctuosit\u00e9.<\/p>\n<p>&nbsp;<\/p>","protected":false},"featured_media":15995,"comment_status":"open","ping_status":"closed","template":"","meta":[],"product_brand":[],"product_cat":[32],"product_tag":[84,122,120,121],"class_list":{"0":"post-15955","1":"product","2":"type-product","3":"status-publish","4":"has-post-thumbnail","6":"product_cat-cognac","7":"product_tag-martell","8":"product_tag-martell-noblige","9":"product_tag-martellnoblige","10":"product_tag-noblige","11":"product_shipping_class-land-transportation","13":"first","14":"instock","15":"sale","16":"featured","17":"taxable","18":"shipping-taxable","19":"purchasable","20":"product-type-variable"},"yoast_head":"<!-- This site is optimized with the Yoast SEO Premium plugin v20.13 (Yoast SEO v26.6) - https:\/\/yoast.com\/wordpress\/plugins\/seo\/ -->\n<title>Martell Noblige Cognac Wholesale Supplier - Guangzhou Sensnwine-Worldfamouswine|Nightclub liquors suppiler<\/title>\n<meta name=\"description\" content=\"Martell Noblige Cognac Wholesale for nightclub liquors. Elegant and sophisticated. The Martell Noblige cognac is the perfect combination of strength...\" \/>\n<meta name=\"robots\" content=\"index, follow, max-snippet:-1, max-image-preview:large, max-video-preview:-1\" \/>\n<link rel=\"canonical\" href=\"https:\/\/www.nightclubliquor.com\/fr\/produit\/martell-noblige-cognac-wholesale\/\" \/>\n<meta property=\"og:locale\" content=\"fr_CA\" \/>\n<meta property=\"og:type\" content=\"article\" \/>\n<meta property=\"og:title\" content=\"Martell Noblige Cognac Wholesale Supplier\" \/>\n<meta property=\"og:description\" content=\"Martell Noblige Cognac Wholesale for nightclub liquors. Elegant and sophisticated. The Martell Noblige cognac is the perfect combination of strength...\" \/>\n<meta property=\"og:url\" content=\"https:\/\/www.nightclubliquor.com\/fr\/produit\/martell-noblige-cognac-wholesale\/\" \/>\n<meta property=\"og:site_name\" content=\"Guangzhou Sensnwine-Worldfamouswine|Nightclub liquors suppiler\" \/>\n<meta property=\"article:publisher\" content=\"https:\/\/www.facebook.com\/39wine.cn\" \/>\n<meta property=\"article:modified_time\" content=\"2025-12-11T20:33:51+00:00\" \/>\n<meta property=\"og:image\" content=\"https:\/\/www.nightclubliquor.com\/wp-content\/uploads\/2023\/07\/\u9a6c\u7239\u5229\u540d\u58eb800-1.png\" \/>\n\t<meta property=\"og:image:width\" content=\"800\" \/>\n\t<meta property=\"og:image:height\" content=\"800\" \/>\n\t<meta property=\"og:image:type\" content=\"image\/png\" \/>\n<meta name=\"twitter:card\" content=\"summary_large_image\" \/>\n<meta name=\"twitter:site\" content=\"@sensnwine\" \/>\n<meta name=\"twitter:label1\" content=\"Estimation du temps de lecture\" \/>\n\t<meta name=\"twitter:data1\" content=\"1 minute\" \/>\n<script type=\"application\/ld+json\" class=\"yoast-schema-graph\">{\"@context\":\"https:\/\/schema.org\",\"@graph\":[{\"@type\":\"WebPage\",\"@id\":\"https:\/\/www.nightclubliquor.com\/zh-cn\/product\/martell-noblige-cognac-wholesale\/\",\"url\":\"https:\/\/www.nightclubliquor.com\/zh-cn\/product\/martell-noblige-cognac-wholesale\/\",\"name\":\"Martell Noblige Cognac Wholesale Supplier - Guangzhou Sensnwine-Worldfamouswine|Nightclub liquors suppiler\",\"isPartOf\":{\"@id\":\"https:\/\/www.nightclubliquor.com\/en-us\/#website\"},\"primaryImageOfPage\":{\"@id\":\"https:\/\/www.nightclubliquor.com\/zh-cn\/product\/martell-noblige-cognac-wholesale\/#primaryimage\"},\"image\":{\"@id\":\"https:\/\/www.nightclubliquor.com\/zh-cn\/product\/martell-noblige-cognac-wholesale\/#primaryimage\"},\"thumbnailUrl\":\"https:\/\/www.nightclubliquor.com\/wp-content\/uploads\/2023\/07\/\u9a6c\u7239\u5229\u540d\u58eb800-1.png\",\"datePublished\":\"2023-07-23T19:21:39+00:00\",\"dateModified\":\"2025-12-11T20:33:51+00:00\",\"description\":\"Martell Noblige Cognac Wholesale for nightclub liquors. Elegant and sophisticated. The Martell Noblige cognac is the perfect combination of strength...\",\"breadcrumb\":{\"@id\":\"https:\/\/www.nightclubliquor.com\/zh-cn\/product\/martell-noblige-cognac-wholesale\/#breadcrumb\"},\"inLanguage\":\"fr-CA\",\"potentialAction\":[{\"@type\":\"ReadAction\",\"target\":[\"https:\/\/www.nightclubliquor.com\/zh-cn\/product\/martell-noblige-cognac-wholesale\/\"]}]},{\"@type\":\"ImageObject\",\"inLanguage\":\"fr-CA\",\"@id\":\"https:\/\/www.nightclubliquor.com\/zh-cn\/product\/martell-noblige-cognac-wholesale\/#primaryimage\",\"url\":\"https:\/\/www.nightclubliquor.com\/wp-content\/uploads\/2023\/07\/\u9a6c\u7239\u5229\u540d\u58eb800-1.png\",\"contentUrl\":\"https:\/\/www.nightclubliquor.com\/wp-content\/uploads\/2023\/07\/\u9a6c\u7239\u5229\u540d\u58eb800-1.png\",\"width\":800,\"height\":800},{\"@type\":\"BreadcrumbList\",\"@id\":\"https:\/\/www.nightclubliquor.com\/zh-cn\/product\/martell-noblige-cognac-wholesale\/#breadcrumb\",\"itemListElement\":[{\"@type\":\"ListItem\",\"position\":1,\"name\":\"Home\",\"item\":\"https:\/\/www.nightclubliquor.com\/\"},{\"@type\":\"ListItem\",\"position\":2,\"name\":\"Shop\",\"item\":\"https:\/\/www.nightclubliquor.com\/en-us\/shop\/\"},{\"@type\":\"ListItem\",\"position\":3,\"name\":\"Martell Noblige Cognac Wholesale Supplier\"}]},{\"@type\":\"WebSite\",\"@id\":\"https:\/\/www.nightclubliquor.com\/en-us\/#website\",\"url\":\"https:\/\/www.nightclubliquor.com\/en-us\/\",\"name\":\"Guangzhou Sensnwine-Worldfamouswine|Nightclub Liquors Wholesale\",\"description\":\"Supply of primary source of nightclub liquors, Cognac, Whisky, Wine, Chinese Liquor\",\"alternateName\":\"Wholesale of famous brands of nightclub liquors\",\"potentialAction\":[{\"@type\":\"SearchAction\",\"target\":{\"@type\":\"EntryPoint\",\"urlTemplate\":\"https:\/\/www.nightclubliquor.com\/en-us\/?s={search_term_string}\"},\"query-input\":{\"@type\":\"PropertyValueSpecification\",\"valueRequired\":true,\"valueName\":\"search_term_string\"}}],\"inLanguage\":\"fr-CA\"}]}<\/script>\n<!-- \/ Yoast SEO Premium plugin. -->","yoast_head_json":{"title":"Martell Noblige Cognac Wholesale Supplier - Guangzhou Sensnwine-Worldfamouswine|Nightclub liquors suppiler","description":"Martell Noblige Cognac Vente en gros de liqueurs de bo\u00eetes de nuit. \u00c9l\u00e9gant et sophistiqu\u00e9. Le cognac Martell Noblige est l&#039;alliance parfaite de la force et de l&#039;onctuosit\u00e9.","robots":{"index":"index","follow":"follow","max-snippet":"max-snippet:-1","max-image-preview":"max-image-preview:large","max-video-preview":"max-video-preview:-1"},"canonical":"https:\/\/www.nightclubliquor.com\/fr\/produit\/martell-noblige-cognac-wholesale\/","og_locale":"fr_CA","og_type":"article","og_title":"Martell Noblige Cognac Wholesale Supplier","og_description":"Martell Noblige Cognac Wholesale for nightclub liquors. Elegant and sophisticated. The Martell Noblige cognac is the perfect combination of strength...","og_url":"https:\/\/www.nightclubliquor.com\/fr\/produit\/martell-noblige-cognac-wholesale\/","og_site_name":"Guangzhou Sensnwine-Worldfamouswine|Nightclub liquors suppiler","article_publisher":"https:\/\/www.facebook.com\/39wine.cn","article_modified_time":"2025-12-11T20:33:51+00:00","og_image":[{"width":800,"height":800,"url":"https:\/\/www.nightclubliquor.com\/wp-content\/uploads\/2023\/07\/\u9a6c\u7239\u5229\u540d\u58eb800-1.png","type":"image\/png"}],"twitter_card":"summary_large_image","twitter_site":"@sensnwine","twitter_misc":{"Estimation du temps de lecture":"1 minute"},"schema":{"@context":"https:\/\/schema.org","@graph":[{"@type":"WebPage","@id":"https:\/\/www.nightclubliquor.com\/zh-cn\/product\/martell-noblige-cognac-wholesale\/","url":"https:\/\/www.nightclubliquor.com\/zh-cn\/product\/martell-noblige-cognac-wholesale\/","name":"Martell Noblige Cognac Wholesale Supplier - Guangzhou Sensnwine-Worldfamouswine|Nightclub liquors suppiler","isPartOf":{"@id":"https:\/\/www.nightclubliquor.com\/en-us\/#website"},"primaryImageOfPage":{"@id":"https:\/\/www.nightclubliquor.com\/zh-cn\/product\/martell-noblige-cognac-wholesale\/#primaryimage"},"image":{"@id":"https:\/\/www.nightclubliquor.com\/zh-cn\/product\/martell-noblige-cognac-wholesale\/#primaryimage"},"thumbnailUrl":"https:\/\/www.nightclubliquor.com\/wp-content\/uploads\/2023\/07\/\u9a6c\u7239\u5229\u540d\u58eb800-1.png","datePublished":"2023-07-23T19:21:39+00:00","dateModified":"2025-12-11T20:33:51+00:00","description":"Martell Noblige Cognac Vente en gros de liqueurs de bo\u00eetes de nuit. \u00c9l\u00e9gant et sophistiqu\u00e9. Le cognac Martell Noblige est l&#039;alliance parfaite de la force et de l&#039;onctuosit\u00e9.","breadcrumb":{"@id":"https:\/\/www.nightclubliquor.com\/zh-cn\/product\/martell-noblige-cognac-wholesale\/#breadcrumb"},"inLanguage":"fr-CA","potentialAction":[{"@type":"ReadAction","target":["https:\/\/www.nightclubliquor.com\/zh-cn\/product\/martell-noblige-cognac-wholesale\/"]}]},{"@type":"ImageObject","inLanguage":"fr-CA","@id":"https:\/\/www.nightclubliquor.com\/zh-cn\/product\/martell-noblige-cognac-wholesale\/#primaryimage","url":"https:\/\/www.nightclubliquor.com\/wp-content\/uploads\/2023\/07\/\u9a6c\u7239\u5229\u540d\u58eb800-1.png","contentUrl":"https:\/\/www.nightclubliquor.com\/wp-content\/uploads\/2023\/07\/\u9a6c\u7239\u5229\u540d\u58eb800-1.png","width":800,"height":800},{"@type":"BreadcrumbList","@id":"https:\/\/www.nightclubliquor.com\/zh-cn\/product\/martell-noblige-cognac-wholesale\/#breadcrumb","itemListElement":[{"@type":"ListItem","position":1,"name":"Home","item":"https:\/\/www.nightclubliquor.com\/"},{"@type":"ListItem","position":2,"name":"Shop","item":"https:\/\/www.nightclubliquor.com\/en-us\/shop\/"},{"@type":"ListItem","position":3,"name":"Martell Noblige Cognac Wholesale Supplier"}]},{"@type":"WebSite","@id":"https:\/\/www.nightclubliquor.com\/en-us\/#website","url":"https:\/\/www.nightclubliquor.com\/en-us\/","name":"Guangzhou Sensnwine-Worldfamouswine|Nightclub Liquors Wholesale","description":"Fourniture de la principale source d&#039;alcools de bo\u00eete de nuit, Cognac, Whisky, Vin, Liqueur chinoise","alternateName":"Wholesale of famous brands of nightclub liquors","potentialAction":[{"@type":"SearchAction","target":{"@type":"EntryPoint","urlTemplate":"https:\/\/www.nightclubliquor.com\/en-us\/?s={search_term_string}"},"query-input":{"@type":"PropertyValueSpecification","valueRequired":true,"valueName":"search_term_string"}}],"inLanguage":"fr-CA"}]}},"_links":{"self":[{"href":"https:\/\/www.nightclubliquor.com\/fr\/wp-json\/wp\/v2\/product\/15955","targetHints":{"allow":["GET"]}}],"collection":[{"href":"https:\/\/www.nightclubliquor.com\/fr\/wp-json\/wp\/v2\/product"}],"about":[{"href":"https:\/\/www.nightclubliquor.com\/fr\/wp-json\/wp\/v2\/types\/product"}],"replies":[{"embeddable":true,"href":"https:\/\/www.nightclubliquor.com\/fr\/wp-json\/wp\/v2\/comments?post=15955"}],"version-history":[{"count":16,"href":"https:\/\/www.nightclubliquor.com\/fr\/wp-json\/wp\/v2\/product\/15955\/revisions"}],"predecessor-version":[{"id":16287,"href":"https:\/\/www.nightclubliquor.com\/fr\/wp-json\/wp\/v2\/product\/15955\/revisions\/16287"}],"wp:featuredmedia":[{"embeddable":true,"href":"https:\/\/www.nightclubliquor.com\/fr\/wp-json\/wp\/v2\/media\/15995"}],"wp:attachment":[{"href":"https:\/\/www.nightclubliquor.com\/fr\/wp-json\/wp\/v2\/media?parent=15955"}],"wp:term":[{"taxonomy":"product_brand","embeddable":true,"href":"https:\/\/www.nightclubliquor.com\/fr\/wp-json\/wp\/v2\/product_brand?post=15955"},{"taxonomy":"product_cat","embeddable":true,"href":"https:\/\/www.nightclubliquor.com\/fr\/wp-json\/wp\/v2\/product_cat?post=15955"},{"taxonomy":"product_tag","embeddable":true,"href":"https:\/\/www.nightclubliquor.com\/fr\/wp-json\/wp\/v2\/product_tag?post=15955"}],"curies":[{"name":"wp","href":"https:\/\/api.w.org\/{rel}","templated":true}]}}