{"id":16043,"date":"2023-07-25T10:00:29","date_gmt":"2023-07-25T10:00:29","guid":{"rendered":"https:\/\/nightclubliquor.com\/?post_type=product&#038;p=16043"},"modified":"2023-08-13T16:07:53","modified_gmt":"2023-08-13T16:07:53","slug":"remymartin-vsop-cognac-wholesale","status":"publish","type":"product","link":"https:\/\/www.nightclubliquor.com\/fr\/produit\/remymartin-vsop-cognac-wholesale\/","title":{"rendered":"RemyMartin VSOP Cognac Grossiste"},"content":{"rendered":"<div data-elementor-type=\"wp-post\" data-elementor-id=\"16043\" class=\"elementor elementor-16043\">\n\t\t\t\t\t\t<section class=\"elementor-section elementor-top-section elementor-element elementor-element-dbbecba elementor-section-boxed elementor-section-height-default elementor-section-height-default wd-section-disabled\" data-id=\"dbbecba\" data-element_type=\"section\">\n\t\t\t\t\t\t<div class=\"elementor-container elementor-column-gap-default\">\n\t\t\t\t\t<div class=\"elementor-column elementor-col-50 elementor-top-column elementor-element elementor-element-15df2c3\" data-id=\"15df2c3\" data-element_type=\"column\">\n\t\t\t<div class=\"elementor-widget-wrap elementor-element-populated\">\n\t\t\t\t\t\t<div class=\"elementor-element elementor-element-69c4ad4 elementor-widget elementor-widget-wd_text_block\" data-id=\"69c4ad4\" data-element_type=\"widget\" data-widget_type=\"wd_text_block.default\">\n\t\t\t\t<div class=\"elementor-widget-container\">\n\t\t\t\t\t\t\t<div class=\"wd-text-block reset-last-child text-left\">\n\t\t\t\n\t\t\t<h3 style=\"text-align: left;\"><strong>Quantit\u00e9 minimum d&#039;achat<\/strong> pour exp\u00e9dition: <strong>5<\/strong> <strong>Bo\u00eetes, ne pas vendre au d\u00e9tail et ne pas exp\u00e9dier par bouteille.<\/strong><\/h3>\n\t\t\t\t\t<\/div>\n\t\t\t\t\t\t<\/div>\n\t\t\t\t<\/div>\n\t\t\t\t<div class=\"elementor-element elementor-element-11c1ccb elementor-widget elementor-widget-wd_text_block\" data-id=\"11c1ccb\" data-element_type=\"widget\" data-widget_type=\"wd_text_block.default\">\n\t\t\t\t<div class=\"elementor-widget-container\">\n\t\t\t\t\t\t\t<div class=\"wd-text-block reset-last-child text-left\">\n\t\t\t\n\t\t\t<h3 style=\"text-align: left;\">R\u00e9myMartin VSOP<\/h3><p>VSOP PEUT \u00caTRE APPR\u00c9CI\u00c9 DE PLUSIEURS FA\u00c7ONS<br \/>L&#039;iconique cognac R\u00e9my Martin VSOP incarne le style signature de la Maison, avec une couleur or vibrante, r\u00e9v\u00e9lant des notes dominantes de vanille, d&#039;abricot m\u00fbr et de pomme au four.<\/p><p>R\u00e9my Martin VSOP est tr\u00e8s polyvalent gr\u00e2ce \u00e0 la complexit\u00e9 et \u00e0 l&#039;\u00e9l\u00e9gance de ses ar\u00f4mes.<\/p><p>Cette polyvalence le rend agr\u00e9able pur, on the rocks, glac\u00e9, ou en cocktail, comme un cocktail R\u00e9my Ginger.<\/p><p>Pour d\u00e9guster R\u00e9my Martin VSOP pur ou sur glace, nous vous conseillons un verre tumbler.<\/p>\n\t\t\t\t\t<\/div>\n\t\t\t\t\t\t<\/div>\n\t\t\t\t<\/div>\n\t\t\t\t\t<\/div>\n\t\t<\/div>\n\t\t\t\t<div class=\"elementor-column elementor-col-50 elementor-top-column elementor-element elementor-element-d05ac35\" data-id=\"d05ac35\" data-element_type=\"column\">\n\t\t\t<div class=\"elementor-widget-wrap elementor-element-populated\">\n\t\t\t\t\t\t<div class=\"elementor-element elementor-element-887e006 elementor-widget elementor-widget-wd_image_or_svg\" data-id=\"887e006\" data-element_type=\"widget\" data-widget_type=\"wd_image_or_svg.default\">\n\t\t\t\t<div class=\"elementor-widget-container\">\n\t\t\t\t\t\n\t\t<div class=\"wd-image text-left\">\n\t\t\t\t\t\t\t\t<img fetchpriority=\"high\" decoding=\"async\" width=\"800\" height=\"800\" src=\"https:\/\/www.nightclubliquor.com\/wp-content\/uploads\/2023\/07\/\u4eba\u5934\u9a6cVSOP7.jpg\" class=\"attachment-full size-full wp-image-16053\" alt=\"\" srcset=\"https:\/\/www.nightclubliquor.com\/wp-content\/uploads\/2023\/07\/\u4eba\u5934\u9a6cVSOP7.jpg 800w, https:\/\/www.nightclubliquor.com\/wp-content\/uploads\/2023\/07\/\u4eba\u5934\u9a6cVSOP7-300x300.jpg 300w, https:\/\/www.nightclubliquor.com\/wp-content\/uploads\/2023\/07\/\u4eba\u5934\u9a6cVSOP7-150x150.jpg 150w, https:\/\/www.nightclubliquor.com\/wp-content\/uploads\/2023\/07\/\u4eba\u5934\u9a6cVSOP7-768x768.jpg 768w, https:\/\/www.nightclubliquor.com\/wp-content\/uploads\/2023\/07\/\u4eba\u5934\u9a6cVSOP7-12x12.jpg 12w, https:\/\/www.nightclubliquor.com\/wp-content\/uploads\/2023\/07\/\u4eba\u5934\u9a6cVSOP7-430x430.jpg 430w, https:\/\/www.nightclubliquor.com\/wp-content\/uploads\/2023\/07\/\u4eba\u5934\u9a6cVSOP7-700x700.jpg 700w\" sizes=\"(max-width: 800px) 100vw, 800px\" \/>\t\t\t\t\t<\/div>\n\n\t\t\t\t\t\t<\/div>\n\t\t\t\t<\/div>\n\t\t\t\t\t<\/div>\n\t\t<\/div>\n\t\t\t\t\t<\/div>\n\t\t<\/section>\n\t\t\t\t<\/div>","protected":false},"excerpt":{"rendered":"<p><strong>Quantit\u00e9 minimum d&#039;achat<\/strong> pour exp\u00e9dition: <strong>5<\/strong> <strong>Bo\u00eetes, ne pas vendre au d\u00e9tail et ne pas exp\u00e9dier par bouteille.<\/strong><\/p>\n<p>L&#039;iconique cognac R\u00e9my Martin VSOP incarne le style signature de la Maison, avec une couleur or vibrante, r\u00e9v\u00e9lant des notes dominantes de vanille, d&#039;abricot m\u00fbr et de pomme cuite.<\/p>\n<p>R\u00e9my Martin VSOP est tr\u00e8s polyvalent gr\u00e2ce \u00e0 la complexit\u00e9 et \u00e0 l&#039;\u00e9l\u00e9gance de ses ar\u00f4mes.<\/p>","protected":false},"featured_media":16052,"comment_status":"open","ping_status":"closed","template":"","meta":[],"product_brand":[],"product_cat":[32],"product_tag":[96,95,99,79],"class_list":{"0":"post-16043","1":"product","2":"type-product","3":"status-publish","4":"has-post-thumbnail","6":"product_cat-cognac","7":"product_tag-remy-martin","8":"product_tag-remymartin","9":"product_tag-remymartin-vsop","10":"product_tag-vsop","11":"product_shipping_class-land-transportation","13":"first","14":"instock","15":"sale","16":"taxable","17":"shipping-taxable","18":"purchasable","19":"product-type-variable"},"yoast_head":"<!-- This site is optimized with the Yoast SEO Premium plugin v20.13 (Yoast SEO v26.6) - https:\/\/yoast.com\/wordpress\/plugins\/seo\/ -->\n<title>RemyMartin VSOP Cognac Wholesale - Guangzhou Sensnwine-Worldfamouswine|Nightclub liquors suppiler<\/title>\n<meta name=\"description\" content=\"RemyMartin VSOP Cognac Wholesale for nightclub liquors. The iconic R\u00e9my Martin VSOP cognac embodies the signature style of the House...\" \/>\n<meta name=\"robots\" content=\"index, follow, max-snippet:-1, max-image-preview:large, max-video-preview:-1\" \/>\n<link rel=\"canonical\" href=\"https:\/\/www.nightclubliquor.com\/fr\/produit\/remymartin-vsop-cognac-wholesale\/\" \/>\n<meta property=\"og:locale\" content=\"fr_CA\" \/>\n<meta property=\"og:type\" content=\"article\" \/>\n<meta property=\"og:title\" content=\"RemyMartin VSOP Cognac Wholesale Guangzhou Sensnwine-Worldfamouswine|Nightclub liquors suppiler\" \/>\n<meta property=\"og:description\" content=\"RemyMartin VSOP Cognac Wholesale for nightclub liquors. The iconic R\u00e9my Martin VSOP cognac embodies the signature style of the House...\" \/>\n<meta property=\"og:url\" content=\"https:\/\/www.nightclubliquor.com\/fr\/produit\/remymartin-vsop-cognac-wholesale\/\" \/>\n<meta property=\"og:site_name\" content=\"Guangzhou Sensnwine-Worldfamouswine|Nightclub liquors suppiler\" \/>\n<meta property=\"article:publisher\" content=\"https:\/\/www.facebook.com\/39wine.cn\" \/>\n<meta property=\"article:modified_time\" content=\"2023-08-13T16:07:53+00:00\" \/>\n<meta property=\"og:image\" content=\"https:\/\/www.nightclubliquor.com\/wp-content\/uploads\/2023\/07\/\u4eba\u5934\u9a6cVSOP6.jpg\" \/>\n\t<meta property=\"og:image:width\" content=\"800\" \/>\n\t<meta property=\"og:image:height\" content=\"800\" \/>\n\t<meta property=\"og:image:type\" content=\"image\/jpeg\" \/>\n<meta name=\"twitter:card\" content=\"summary_large_image\" \/>\n<meta name=\"twitter:title\" content=\"RemyMartin VSOP Cognac Wholesale Guangzhou Sensnwine-Worldfamouswine|Nightclub liquors suppiler\" \/>\n<meta name=\"twitter:site\" content=\"@sensnwine\" \/>\n<meta name=\"twitter:label1\" content=\"Estimation du temps de lecture\" \/>\n\t<meta name=\"twitter:data1\" content=\"1 minute\" \/>\n<script type=\"application\/ld+json\" class=\"yoast-schema-graph\">{\"@context\":\"https:\/\/schema.org\",\"@graph\":[{\"@type\":\"WebPage\",\"@id\":\"https:\/\/www.nightclubliquor.com\/product\/remymartin-vsop-cognac-wholesale\/\",\"url\":\"https:\/\/www.nightclubliquor.com\/product\/remymartin-vsop-cognac-wholesale\/\",\"name\":\"RemyMartin VSOP Cognac Wholesale - Guangzhou Sensnwine-Worldfamouswine|Nightclub liquors suppiler\",\"isPartOf\":{\"@id\":\"https:\/\/www.nightclubliquor.com\/en-us\/#website\"},\"primaryImageOfPage\":{\"@id\":\"https:\/\/www.nightclubliquor.com\/product\/remymartin-vsop-cognac-wholesale\/#primaryimage\"},\"image\":{\"@id\":\"https:\/\/www.nightclubliquor.com\/product\/remymartin-vsop-cognac-wholesale\/#primaryimage\"},\"thumbnailUrl\":\"https:\/\/www.nightclubliquor.com\/wp-content\/uploads\/2023\/07\/\u4eba\u5934\u9a6cVSOP6.jpg\",\"datePublished\":\"2023-07-25T10:00:29+00:00\",\"dateModified\":\"2023-08-13T16:07:53+00:00\",\"description\":\"RemyMartin VSOP Cognac Wholesale for nightclub liquors. The iconic R\u00e9my Martin VSOP cognac embodies the signature style of the House...\",\"breadcrumb\":{\"@id\":\"https:\/\/www.nightclubliquor.com\/product\/remymartin-vsop-cognac-wholesale\/#breadcrumb\"},\"inLanguage\":\"fr-CA\",\"potentialAction\":[{\"@type\":\"ReadAction\",\"target\":[\"https:\/\/www.nightclubliquor.com\/product\/remymartin-vsop-cognac-wholesale\/\"]}]},{\"@type\":\"ImageObject\",\"inLanguage\":\"fr-CA\",\"@id\":\"https:\/\/www.nightclubliquor.com\/product\/remymartin-vsop-cognac-wholesale\/#primaryimage\",\"url\":\"https:\/\/www.nightclubliquor.com\/wp-content\/uploads\/2023\/07\/\u4eba\u5934\u9a6cVSOP6.jpg\",\"contentUrl\":\"https:\/\/www.nightclubliquor.com\/wp-content\/uploads\/2023\/07\/\u4eba\u5934\u9a6cVSOP6.jpg\",\"width\":800,\"height\":800,\"caption\":\"RemyMartin VSOP for nightclub wholesale suppiler\"},{\"@type\":\"BreadcrumbList\",\"@id\":\"https:\/\/www.nightclubliquor.com\/product\/remymartin-vsop-cognac-wholesale\/#breadcrumb\",\"itemListElement\":[{\"@type\":\"ListItem\",\"position\":1,\"name\":\"Home\",\"item\":\"https:\/\/www.nightclubliquor.com\/\"},{\"@type\":\"ListItem\",\"position\":2,\"name\":\"Shop\",\"item\":\"https:\/\/www.nightclubliquor.com\/en-us\/shop\/\"},{\"@type\":\"ListItem\",\"position\":3,\"name\":\"RemyMartin VSOP Cognac Wholesale\"}]},{\"@type\":\"WebSite\",\"@id\":\"https:\/\/www.nightclubliquor.com\/en-us\/#website\",\"url\":\"https:\/\/www.nightclubliquor.com\/en-us\/\",\"name\":\"Guangzhou Sensnwine-Worldfamouswine|Nightclub Liquors Wholesale\",\"description\":\"Supply of primary source of nightclub liquors, Cognac, Whisky, Wine, Chinese Liquor\",\"alternateName\":\"Wholesale of famous brands of nightclub liquors\",\"potentialAction\":[{\"@type\":\"SearchAction\",\"target\":{\"@type\":\"EntryPoint\",\"urlTemplate\":\"https:\/\/www.nightclubliquor.com\/en-us\/?s={search_term_string}\"},\"query-input\":{\"@type\":\"PropertyValueSpecification\",\"valueRequired\":true,\"valueName\":\"search_term_string\"}}],\"inLanguage\":\"fr-CA\"}]}<\/script>\n<!-- \/ Yoast SEO Premium plugin. -->","yoast_head_json":{"title":"RemyMartin VSOP Cognac Wholesale - Guangzhou Sensnwine-Worldfamouswine|Fournisseur de liqueurs de bo\u00eete de nuit","description":"RemyMartin VSOP Cognac Wholesale for nightclub liquors. The iconic R\u00e9my Martin VSOP cognac embodies the signature style of the House...","robots":{"index":"index","follow":"follow","max-snippet":"max-snippet:-1","max-image-preview":"max-image-preview:large","max-video-preview":"max-video-preview:-1"},"canonical":"https:\/\/www.nightclubliquor.com\/fr\/produit\/remymartin-vsop-cognac-wholesale\/","og_locale":"fr_CA","og_type":"article","og_title":"RemyMartin VSOP Cognac Wholesale Guangzhou Sensnwine-Worldfamouswine|Nightclub liquors suppiler","og_description":"RemyMartin VSOP Cognac Wholesale for nightclub liquors. The iconic R\u00e9my Martin VSOP cognac embodies the signature style of the House...","og_url":"https:\/\/www.nightclubliquor.com\/fr\/produit\/remymartin-vsop-cognac-wholesale\/","og_site_name":"Guangzhou Sensnwine-Worldfamouswine|Nightclub liquors suppiler","article_publisher":"https:\/\/www.facebook.com\/39wine.cn","article_modified_time":"2023-08-13T16:07:53+00:00","og_image":[{"width":800,"height":800,"url":"https:\/\/www.nightclubliquor.com\/wp-content\/uploads\/2023\/07\/\u4eba\u5934\u9a6cVSOP6.jpg","type":"image\/jpeg"}],"twitter_card":"summary_large_image","twitter_title":"RemyMartin VSOP Cognac Wholesale Guangzhou Sensnwine-Worldfamouswine|Nightclub liquors suppiler","twitter_site":"@sensnwine","twitter_misc":{"Estimation du temps de lecture":"1 minute"},"schema":{"@context":"https:\/\/schema.org","@graph":[{"@type":"WebPage","@id":"https:\/\/www.nightclubliquor.com\/product\/remymartin-vsop-cognac-wholesale\/","url":"https:\/\/www.nightclubliquor.com\/product\/remymartin-vsop-cognac-wholesale\/","name":"RemyMartin VSOP Cognac Wholesale - Guangzhou Sensnwine-Worldfamouswine|Fournisseur de liqueurs de bo\u00eete de nuit","isPartOf":{"@id":"https:\/\/www.nightclubliquor.com\/en-us\/#website"},"primaryImageOfPage":{"@id":"https:\/\/www.nightclubliquor.com\/product\/remymartin-vsop-cognac-wholesale\/#primaryimage"},"image":{"@id":"https:\/\/www.nightclubliquor.com\/product\/remymartin-vsop-cognac-wholesale\/#primaryimage"},"thumbnailUrl":"https:\/\/www.nightclubliquor.com\/wp-content\/uploads\/2023\/07\/\u4eba\u5934\u9a6cVSOP6.jpg","datePublished":"2023-07-25T10:00:29+00:00","dateModified":"2023-08-13T16:07:53+00:00","description":"RemyMartin VSOP Cognac Wholesale for nightclub liquors. The iconic R\u00e9my Martin VSOP cognac embodies the signature style of the House...","breadcrumb":{"@id":"https:\/\/www.nightclubliquor.com\/product\/remymartin-vsop-cognac-wholesale\/#breadcrumb"},"inLanguage":"fr-CA","potentialAction":[{"@type":"ReadAction","target":["https:\/\/www.nightclubliquor.com\/product\/remymartin-vsop-cognac-wholesale\/"]}]},{"@type":"ImageObject","inLanguage":"fr-CA","@id":"https:\/\/www.nightclubliquor.com\/product\/remymartin-vsop-cognac-wholesale\/#primaryimage","url":"https:\/\/www.nightclubliquor.com\/wp-content\/uploads\/2023\/07\/\u4eba\u5934\u9a6cVSOP6.jpg","contentUrl":"https:\/\/www.nightclubliquor.com\/wp-content\/uploads\/2023\/07\/\u4eba\u5934\u9a6cVSOP6.jpg","width":800,"height":800,"caption":"RemyMartin VSOP for nightclub wholesale suppiler"},{"@type":"BreadcrumbList","@id":"https:\/\/www.nightclubliquor.com\/product\/remymartin-vsop-cognac-wholesale\/#breadcrumb","itemListElement":[{"@type":"ListItem","position":1,"name":"Home","item":"https:\/\/www.nightclubliquor.com\/"},{"@type":"ListItem","position":2,"name":"Shop","item":"https:\/\/www.nightclubliquor.com\/en-us\/shop\/"},{"@type":"ListItem","position":3,"name":"RemyMartin VSOP Cognac Wholesale"}]},{"@type":"WebSite","@id":"https:\/\/www.nightclubliquor.com\/en-us\/#website","url":"https:\/\/www.nightclubliquor.com\/en-us\/","name":"Guangzhou Sensnwine-Worldfamouswine|Nightclub Liquors Wholesale","description":"Fourniture de la principale source d&#039;alcools de bo\u00eete de nuit, Cognac, Whisky, Vin, Liqueur chinoise","alternateName":"Wholesale of famous brands of nightclub liquors","potentialAction":[{"@type":"SearchAction","target":{"@type":"EntryPoint","urlTemplate":"https:\/\/www.nightclubliquor.com\/en-us\/?s={search_term_string}"},"query-input":{"@type":"PropertyValueSpecification","valueRequired":true,"valueName":"search_term_string"}}],"inLanguage":"fr-CA"}]}},"_links":{"self":[{"href":"https:\/\/www.nightclubliquor.com\/fr\/wp-json\/wp\/v2\/product\/16043","targetHints":{"allow":["GET"]}}],"collection":[{"href":"https:\/\/www.nightclubliquor.com\/fr\/wp-json\/wp\/v2\/product"}],"about":[{"href":"https:\/\/www.nightclubliquor.com\/fr\/wp-json\/wp\/v2\/types\/product"}],"replies":[{"embeddable":true,"href":"https:\/\/www.nightclubliquor.com\/fr\/wp-json\/wp\/v2\/comments?post=16043"}],"version-history":[{"count":10,"href":"https:\/\/www.nightclubliquor.com\/fr\/wp-json\/wp\/v2\/product\/16043\/revisions"}],"predecessor-version":[{"id":16235,"href":"https:\/\/www.nightclubliquor.com\/fr\/wp-json\/wp\/v2\/product\/16043\/revisions\/16235"}],"wp:featuredmedia":[{"embeddable":true,"href":"https:\/\/www.nightclubliquor.com\/fr\/wp-json\/wp\/v2\/media\/16052"}],"wp:attachment":[{"href":"https:\/\/www.nightclubliquor.com\/fr\/wp-json\/wp\/v2\/media?parent=16043"}],"wp:term":[{"taxonomy":"product_brand","embeddable":true,"href":"https:\/\/www.nightclubliquor.com\/fr\/wp-json\/wp\/v2\/product_brand?post=16043"},{"taxonomy":"product_cat","embeddable":true,"href":"https:\/\/www.nightclubliquor.com\/fr\/wp-json\/wp\/v2\/product_cat?post=16043"},{"taxonomy":"product_tag","embeddable":true,"href":"https:\/\/www.nightclubliquor.com\/fr\/wp-json\/wp\/v2\/product_tag?post=16043"}],"curies":[{"name":"wp","href":"https:\/\/api.w.org\/{rel}","templated":true}]}}