{"id":16059,"date":"2023-07-25T10:16:07","date_gmt":"2023-07-25T10:16:07","guid":{"rendered":"https:\/\/nightclubliquor.com\/?post_type=product&#038;p=16059"},"modified":"2023-08-13T16:06:50","modified_gmt":"2023-08-13T16:06:50","slug":"remymartin-club-cognac-wholesale","status":"publish","type":"product","link":"https:\/\/www.nightclubliquor.com\/fr\/produit\/remymartin-club-cognac-wholesale\/","title":{"rendered":"R\u00e9myMartin CLUB Cognac Grossiste"},"content":{"rendered":"<div data-elementor-type=\"wp-post\" data-elementor-id=\"16059\" class=\"elementor elementor-16059\">\n\t\t\t\t\t\t<section class=\"elementor-section elementor-top-section elementor-element elementor-element-dbbecba elementor-section-boxed elementor-section-height-default elementor-section-height-default wd-section-disabled\" data-id=\"dbbecba\" data-element_type=\"section\">\n\t\t\t\t\t\t<div class=\"elementor-container elementor-column-gap-default\">\n\t\t\t\t\t<div class=\"elementor-column elementor-col-50 elementor-top-column elementor-element elementor-element-15df2c3\" data-id=\"15df2c3\" data-element_type=\"column\">\n\t\t\t<div class=\"elementor-widget-wrap elementor-element-populated\">\n\t\t\t\t\t\t<div class=\"elementor-element elementor-element-69c4ad4 elementor-widget elementor-widget-wd_text_block\" data-id=\"69c4ad4\" data-element_type=\"widget\" data-widget_type=\"wd_text_block.default\">\n\t\t\t\t<div class=\"elementor-widget-container\">\n\t\t\t\t\t\t\t<div class=\"wd-text-block reset-last-child text-left\">\n\t\t\t\n\t\t\t<h3 style=\"text-align: left;\"><strong>Quantit\u00e9 minimum d&#039;achat<\/strong> pour exp\u00e9dition: <strong>5<\/strong> <strong>Bo\u00eetes, ne pas vendre au d\u00e9tail et ne pas exp\u00e9dier par bouteille.<\/strong><\/h3>\n\t\t\t\t\t<\/div>\n\t\t\t\t\t\t<\/div>\n\t\t\t\t<\/div>\n\t\t\t\t<div class=\"elementor-element elementor-element-11c1ccb elementor-widget elementor-widget-wd_text_block\" data-id=\"11c1ccb\" data-element_type=\"widget\" data-widget_type=\"wd_text_block.default\">\n\t\t\t\t<div class=\"elementor-widget-container\">\n\t\t\t\t\t\t\t<div class=\"wd-text-block reset-last-child text-left\">\n\t\t\t\n\t\t\t<h3 style=\"text-align: left;\">R\u00e9myMartin CLUB<\/h3><p>PROFITEZ DU CLUB R\u00c9MY MARTIN<br \/>PUR, SUR GLACE, SURGEL\u00c9, EN COCKTAIL OU EN ACCOMPAGNEMENT DE TH\u00c9<br \/>R\u00e9myMartin Club glac\u00e9 est une fa\u00e7on diff\u00e9rente de profiter du R\u00e9my Martin Club la nuit. Avec les saveurs intenses et la texture riche du Cognac Fine Champagne r\u00e9v\u00e9l\u00e9es \u00e0 -18\u00b0C. Le Club Frozen est mieux servi dans un verre \u00e0 shooter, de pr\u00e9f\u00e9rence des verres \u00e9galement congel\u00e9s pour profiter d&#039;un nouveau rituel m\u00e9morable.<\/p><p>Cela renforce la puissance et la rondeur de Club, r\u00e9v\u00e8le une finale intense et longue aux multiples facettes et r\u00e9v\u00e8le une palette compl\u00e8te de saveurs : les fruits confits (abricots, figues), les \u00e9pices (gingembre, cannelle) et les ar\u00f4mes de noix de Club.<\/p>\n\t\t\t\t\t<\/div>\n\t\t\t\t\t\t<\/div>\n\t\t\t\t<\/div>\n\t\t\t\t\t<\/div>\n\t\t<\/div>\n\t\t\t\t<div class=\"elementor-column elementor-col-50 elementor-top-column elementor-element elementor-element-d05ac35\" data-id=\"d05ac35\" data-element_type=\"column\">\n\t\t\t<div class=\"elementor-widget-wrap elementor-element-populated\">\n\t\t\t\t\t\t<div class=\"elementor-element elementor-element-887e006 elementor-widget elementor-widget-wd_image_or_svg\" data-id=\"887e006\" data-element_type=\"widget\" data-widget_type=\"wd_image_or_svg.default\">\n\t\t\t\t<div class=\"elementor-widget-container\">\n\t\t\t\t\t\n\t\t<div class=\"wd-image text-left\">\n\t\t\t\t\t\t\t\t<img fetchpriority=\"high\" decoding=\"async\" width=\"780\" height=\"780\" src=\"https:\/\/www.nightclubliquor.com\/wp-content\/uploads\/2023\/07\/\u4eba\u5934\u9a6c\u7279\u7ea72.jpg\" class=\"attachment-full size-full wp-image-16067\" alt=\"\" srcset=\"https:\/\/www.nightclubliquor.com\/wp-content\/uploads\/2023\/07\/\u4eba\u5934\u9a6c\u7279\u7ea72.jpg 780w, https:\/\/www.nightclubliquor.com\/wp-content\/uploads\/2023\/07\/\u4eba\u5934\u9a6c\u7279\u7ea72-300x300.jpg 300w, https:\/\/www.nightclubliquor.com\/wp-content\/uploads\/2023\/07\/\u4eba\u5934\u9a6c\u7279\u7ea72-150x150.jpg 150w, https:\/\/www.nightclubliquor.com\/wp-content\/uploads\/2023\/07\/\u4eba\u5934\u9a6c\u7279\u7ea72-768x768.jpg 768w, https:\/\/www.nightclubliquor.com\/wp-content\/uploads\/2023\/07\/\u4eba\u5934\u9a6c\u7279\u7ea72-12x12.jpg 12w, https:\/\/www.nightclubliquor.com\/wp-content\/uploads\/2023\/07\/\u4eba\u5934\u9a6c\u7279\u7ea72-430x430.jpg 430w, https:\/\/www.nightclubliquor.com\/wp-content\/uploads\/2023\/07\/\u4eba\u5934\u9a6c\u7279\u7ea72-700x700.jpg 700w\" sizes=\"(max-width: 780px) 100vw, 780px\" \/>\t\t\t\t\t<\/div>\n\n\t\t\t\t\t\t<\/div>\n\t\t\t\t<\/div>\n\t\t\t\t\t<\/div>\n\t\t<\/div>\n\t\t\t\t\t<\/div>\n\t\t<\/section>\n\t\t\t\t<\/div>","protected":false},"excerpt":{"rendered":"<p><strong>Quantit\u00e9 minimum d&#039;achat<\/strong> pour exp\u00e9dition: <strong>5<\/strong> <strong>Bo\u00eetes, ne pas vendre au d\u00e9tail et ne pas exp\u00e9dier par bouteille.<\/strong><\/p>\n<p>Le RemyMartin Club congel\u00e9 est une fa\u00e7on diff\u00e9rente de profiter du R\uffe9my Martin Club la nuit. Avec les saveurs intenses et la texture riche du Cognac Fine Champagne qui se r\u00e9v\u00e8le mieux \u00e0 -18\uffb0C. Le Club Frozen est mieux servi dans un verre \u00e0 shooter, de pr\u00e9f\u00e9rence des verres \u00e9galement congel\u00e9s pour profiter d&#039;un nouveau rituel m\u00e9morable.<\/p>","protected":false},"featured_media":16065,"comment_status":"open","ping_status":"closed","template":"","meta":[],"product_brand":[],"product_cat":[32],"product_tag":[96,95,99,79],"class_list":{"0":"post-16059","1":"product","2":"type-product","3":"status-publish","4":"has-post-thumbnail","6":"product_cat-cognac","7":"product_tag-remy-martin","8":"product_tag-remymartin","9":"product_tag-remymartin-vsop","10":"product_tag-vsop","11":"product_shipping_class-land-transportation","13":"first","14":"instock","15":"sale","16":"taxable","17":"shipping-taxable","18":"purchasable","19":"product-type-variable"},"yoast_head":"<!-- This site is optimized with the Yoast SEO Premium plugin v20.13 (Yoast SEO v26.6) - https:\/\/yoast.com\/wordpress\/plugins\/seo\/ -->\n<title>RemyMartin CLUB Cognac Wholesale - Guangzhou Sensnwine-Worldfamouswine|Nightclub liquors suppiler<\/title>\n<meta name=\"description\" content=\"RemyMartin CLUB Cognac Wholesale for nightclub liquors. RemyMartin Club frozen is a different way to enjoy R\u00e9my Martin Club at night. With the intense...\" \/>\n<meta name=\"robots\" content=\"index, follow, max-snippet:-1, max-image-preview:large, max-video-preview:-1\" \/>\n<link rel=\"canonical\" href=\"https:\/\/www.nightclubliquor.com\/fr\/produit\/remymartin-club-cognac-wholesale\/\" \/>\n<meta property=\"og:locale\" content=\"fr_CA\" \/>\n<meta property=\"og:type\" content=\"article\" \/>\n<meta property=\"og:title\" content=\"RemyMartin CLUB Cognac Wholesale Guangzhou Sensnwine-Worldfamouswine|Nightclub liquors suppiler\" \/>\n<meta property=\"og:description\" content=\"RemyMartin CLUB Cognac Wholesale for nightclub liquors. RemyMartin Club frozen is a different way to enjoy R\u00e9my Martin Club at night. With the intense...\" \/>\n<meta property=\"og:url\" content=\"https:\/\/www.nightclubliquor.com\/fr\/produit\/remymartin-club-cognac-wholesale\/\" \/>\n<meta property=\"og:site_name\" content=\"Guangzhou Sensnwine-Worldfamouswine|Nightclub liquors suppiler\" \/>\n<meta property=\"article:publisher\" content=\"https:\/\/www.facebook.com\/39wine.cn\" \/>\n<meta property=\"article:modified_time\" content=\"2023-08-13T16:06:50+00:00\" \/>\n<meta property=\"og:image\" content=\"https:\/\/www.nightclubliquor.com\/wp-content\/uploads\/2023\/07\/\u4eba\u5934\u9a6cclub\u7279\u7ea7\u526f\u672c.jpg\" \/>\n\t<meta property=\"og:image:width\" content=\"800\" \/>\n\t<meta property=\"og:image:height\" content=\"800\" \/>\n\t<meta property=\"og:image:type\" content=\"image\/jpeg\" \/>\n<meta name=\"twitter:card\" content=\"summary_large_image\" \/>\n<meta name=\"twitter:title\" content=\"RemyMartin CLUB Cognac Wholesale Guangzhou Sensnwine-Worldfamouswine|Nightclub liquors suppiler\" \/>\n<meta name=\"twitter:site\" content=\"@sensnwine\" \/>\n<meta name=\"twitter:label1\" content=\"Estimation du temps de lecture\" \/>\n\t<meta name=\"twitter:data1\" content=\"1 minute\" \/>\n<script type=\"application\/ld+json\" class=\"yoast-schema-graph\">{\"@context\":\"https:\/\/schema.org\",\"@graph\":[{\"@type\":\"WebPage\",\"@id\":\"https:\/\/www.nightclubliquor.com\/zh-cn\/product\/remymartin-club-cognac-wholesale\/\",\"url\":\"https:\/\/www.nightclubliquor.com\/zh-cn\/product\/remymartin-club-cognac-wholesale\/\",\"name\":\"RemyMartin CLUB Cognac Wholesale - Guangzhou Sensnwine-Worldfamouswine|Nightclub liquors suppiler\",\"isPartOf\":{\"@id\":\"https:\/\/www.nightclubliquor.com\/en-us\/#website\"},\"primaryImageOfPage\":{\"@id\":\"https:\/\/www.nightclubliquor.com\/zh-cn\/product\/remymartin-club-cognac-wholesale\/#primaryimage\"},\"image\":{\"@id\":\"https:\/\/www.nightclubliquor.com\/zh-cn\/product\/remymartin-club-cognac-wholesale\/#primaryimage\"},\"thumbnailUrl\":\"https:\/\/www.nightclubliquor.com\/wp-content\/uploads\/2023\/07\/\u4eba\u5934\u9a6cclub\u7279\u7ea7\u526f\u672c.jpg\",\"datePublished\":\"2023-07-25T10:16:07+00:00\",\"dateModified\":\"2023-08-13T16:06:50+00:00\",\"description\":\"RemyMartin CLUB Cognac Wholesale for nightclub liquors. RemyMartin Club frozen is a different way to enjoy R\u00e9my Martin Club at night. With the intense...\",\"breadcrumb\":{\"@id\":\"https:\/\/www.nightclubliquor.com\/zh-cn\/product\/remymartin-club-cognac-wholesale\/#breadcrumb\"},\"inLanguage\":\"fr-CA\",\"potentialAction\":[{\"@type\":\"ReadAction\",\"target\":[\"https:\/\/www.nightclubliquor.com\/zh-cn\/product\/remymartin-club-cognac-wholesale\/\"]}]},{\"@type\":\"ImageObject\",\"inLanguage\":\"fr-CA\",\"@id\":\"https:\/\/www.nightclubliquor.com\/zh-cn\/product\/remymartin-club-cognac-wholesale\/#primaryimage\",\"url\":\"https:\/\/www.nightclubliquor.com\/wp-content\/uploads\/2023\/07\/\u4eba\u5934\u9a6cclub\u7279\u7ea7\u526f\u672c.jpg\",\"contentUrl\":\"https:\/\/www.nightclubliquor.com\/wp-content\/uploads\/2023\/07\/\u4eba\u5934\u9a6cclub\u7279\u7ea7\u526f\u672c.jpg\",\"width\":800,\"height\":800,\"caption\":\"RemyMartin Club for nightclubs wholesale suppiler\"},{\"@type\":\"BreadcrumbList\",\"@id\":\"https:\/\/www.nightclubliquor.com\/zh-cn\/product\/remymartin-club-cognac-wholesale\/#breadcrumb\",\"itemListElement\":[{\"@type\":\"ListItem\",\"position\":1,\"name\":\"Home\",\"item\":\"https:\/\/www.nightclubliquor.com\/\"},{\"@type\":\"ListItem\",\"position\":2,\"name\":\"Shop\",\"item\":\"https:\/\/www.nightclubliquor.com\/en-us\/shop\/\"},{\"@type\":\"ListItem\",\"position\":3,\"name\":\"RemyMartin CLUB Cognac Wholesale\"}]},{\"@type\":\"WebSite\",\"@id\":\"https:\/\/www.nightclubliquor.com\/en-us\/#website\",\"url\":\"https:\/\/www.nightclubliquor.com\/en-us\/\",\"name\":\"Guangzhou Sensnwine-Worldfamouswine|Nightclub Liquors Wholesale\",\"description\":\"Supply of primary source of nightclub liquors, Cognac, Whisky, Wine, Chinese Liquor\",\"alternateName\":\"Wholesale of famous brands of nightclub liquors\",\"potentialAction\":[{\"@type\":\"SearchAction\",\"target\":{\"@type\":\"EntryPoint\",\"urlTemplate\":\"https:\/\/www.nightclubliquor.com\/en-us\/?s={search_term_string}\"},\"query-input\":{\"@type\":\"PropertyValueSpecification\",\"valueRequired\":true,\"valueName\":\"search_term_string\"}}],\"inLanguage\":\"fr-CA\"}]}<\/script>\n<!-- \/ Yoast SEO Premium plugin. -->","yoast_head_json":{"title":"RemyMartin CLUB Cognac Wholesale - Guangzhou Sensnwine-Worldfamouswine|Fournisseur de liqueurs de bo\u00eete de nuit","description":"RemyMartin CLUB Cognac Wholesale for nightclub liquors. RemyMartin Club frozen is a different way to enjoy R\u00e9my Martin Club at night. With the intense...","robots":{"index":"index","follow":"follow","max-snippet":"max-snippet:-1","max-image-preview":"max-image-preview:large","max-video-preview":"max-video-preview:-1"},"canonical":"https:\/\/www.nightclubliquor.com\/fr\/produit\/remymartin-club-cognac-wholesale\/","og_locale":"fr_CA","og_type":"article","og_title":"RemyMartin CLUB Cognac Wholesale Guangzhou Sensnwine-Worldfamouswine|Nightclub liquors suppiler","og_description":"RemyMartin CLUB Cognac Wholesale for nightclub liquors. RemyMartin Club frozen is a different way to enjoy R\u00e9my Martin Club at night. With the intense...","og_url":"https:\/\/www.nightclubliquor.com\/fr\/produit\/remymartin-club-cognac-wholesale\/","og_site_name":"Guangzhou Sensnwine-Worldfamouswine|Nightclub liquors suppiler","article_publisher":"https:\/\/www.facebook.com\/39wine.cn","article_modified_time":"2023-08-13T16:06:50+00:00","og_image":[{"width":800,"height":800,"url":"https:\/\/www.nightclubliquor.com\/wp-content\/uploads\/2023\/07\/\u4eba\u5934\u9a6cclub\u7279\u7ea7\u526f\u672c.jpg","type":"image\/jpeg"}],"twitter_card":"summary_large_image","twitter_title":"RemyMartin CLUB Cognac Wholesale Guangzhou Sensnwine-Worldfamouswine|Nightclub liquors suppiler","twitter_site":"@sensnwine","twitter_misc":{"Estimation du temps de lecture":"1 minute"},"schema":{"@context":"https:\/\/schema.org","@graph":[{"@type":"WebPage","@id":"https:\/\/www.nightclubliquor.com\/zh-cn\/product\/remymartin-club-cognac-wholesale\/","url":"https:\/\/www.nightclubliquor.com\/zh-cn\/product\/remymartin-club-cognac-wholesale\/","name":"RemyMartin CLUB Cognac Wholesale - Guangzhou Sensnwine-Worldfamouswine|Fournisseur de liqueurs de bo\u00eete de nuit","isPartOf":{"@id":"https:\/\/www.nightclubliquor.com\/en-us\/#website"},"primaryImageOfPage":{"@id":"https:\/\/www.nightclubliquor.com\/zh-cn\/product\/remymartin-club-cognac-wholesale\/#primaryimage"},"image":{"@id":"https:\/\/www.nightclubliquor.com\/zh-cn\/product\/remymartin-club-cognac-wholesale\/#primaryimage"},"thumbnailUrl":"https:\/\/www.nightclubliquor.com\/wp-content\/uploads\/2023\/07\/\u4eba\u5934\u9a6cclub\u7279\u7ea7\u526f\u672c.jpg","datePublished":"2023-07-25T10:16:07+00:00","dateModified":"2023-08-13T16:06:50+00:00","description":"RemyMartin CLUB Cognac Wholesale for nightclub liquors. RemyMartin Club frozen is a different way to enjoy R\u00e9my Martin Club at night. With the intense...","breadcrumb":{"@id":"https:\/\/www.nightclubliquor.com\/zh-cn\/product\/remymartin-club-cognac-wholesale\/#breadcrumb"},"inLanguage":"fr-CA","potentialAction":[{"@type":"ReadAction","target":["https:\/\/www.nightclubliquor.com\/zh-cn\/product\/remymartin-club-cognac-wholesale\/"]}]},{"@type":"ImageObject","inLanguage":"fr-CA","@id":"https:\/\/www.nightclubliquor.com\/zh-cn\/product\/remymartin-club-cognac-wholesale\/#primaryimage","url":"https:\/\/www.nightclubliquor.com\/wp-content\/uploads\/2023\/07\/\u4eba\u5934\u9a6cclub\u7279\u7ea7\u526f\u672c.jpg","contentUrl":"https:\/\/www.nightclubliquor.com\/wp-content\/uploads\/2023\/07\/\u4eba\u5934\u9a6cclub\u7279\u7ea7\u526f\u672c.jpg","width":800,"height":800,"caption":"RemyMartin Club for nightclubs wholesale suppiler"},{"@type":"BreadcrumbList","@id":"https:\/\/www.nightclubliquor.com\/zh-cn\/product\/remymartin-club-cognac-wholesale\/#breadcrumb","itemListElement":[{"@type":"ListItem","position":1,"name":"Home","item":"https:\/\/www.nightclubliquor.com\/"},{"@type":"ListItem","position":2,"name":"Shop","item":"https:\/\/www.nightclubliquor.com\/en-us\/shop\/"},{"@type":"ListItem","position":3,"name":"RemyMartin CLUB Cognac Wholesale"}]},{"@type":"WebSite","@id":"https:\/\/www.nightclubliquor.com\/en-us\/#website","url":"https:\/\/www.nightclubliquor.com\/en-us\/","name":"Guangzhou Sensnwine-Worldfamouswine|Nightclub Liquors Wholesale","description":"Fourniture de la principale source d&#039;alcools de bo\u00eete de nuit, Cognac, Whisky, Vin, Liqueur chinoise","alternateName":"Wholesale of famous brands of nightclub liquors","potentialAction":[{"@type":"SearchAction","target":{"@type":"EntryPoint","urlTemplate":"https:\/\/www.nightclubliquor.com\/en-us\/?s={search_term_string}"},"query-input":{"@type":"PropertyValueSpecification","valueRequired":true,"valueName":"search_term_string"}}],"inLanguage":"fr-CA"}]}},"_links":{"self":[{"href":"https:\/\/www.nightclubliquor.com\/fr\/wp-json\/wp\/v2\/product\/16059","targetHints":{"allow":["GET"]}}],"collection":[{"href":"https:\/\/www.nightclubliquor.com\/fr\/wp-json\/wp\/v2\/product"}],"about":[{"href":"https:\/\/www.nightclubliquor.com\/fr\/wp-json\/wp\/v2\/types\/product"}],"replies":[{"embeddable":true,"href":"https:\/\/www.nightclubliquor.com\/fr\/wp-json\/wp\/v2\/comments?post=16059"}],"version-history":[{"count":15,"href":"https:\/\/www.nightclubliquor.com\/fr\/wp-json\/wp\/v2\/product\/16059\/revisions"}],"predecessor-version":[{"id":16231,"href":"https:\/\/www.nightclubliquor.com\/fr\/wp-json\/wp\/v2\/product\/16059\/revisions\/16231"}],"wp:featuredmedia":[{"embeddable":true,"href":"https:\/\/www.nightclubliquor.com\/fr\/wp-json\/wp\/v2\/media\/16065"}],"wp:attachment":[{"href":"https:\/\/www.nightclubliquor.com\/fr\/wp-json\/wp\/v2\/media?parent=16059"}],"wp:term":[{"taxonomy":"product_brand","embeddable":true,"href":"https:\/\/www.nightclubliquor.com\/fr\/wp-json\/wp\/v2\/product_brand?post=16059"},{"taxonomy":"product_cat","embeddable":true,"href":"https:\/\/www.nightclubliquor.com\/fr\/wp-json\/wp\/v2\/product_cat?post=16059"},{"taxonomy":"product_tag","embeddable":true,"href":"https:\/\/www.nightclubliquor.com\/fr\/wp-json\/wp\/v2\/product_tag?post=16059"}],"curies":[{"name":"wp","href":"https:\/\/api.w.org\/{rel}","templated":true}]}}