{"id":16093,"date":"2023-07-25T18:43:10","date_gmt":"2023-07-25T18:43:10","guid":{"rendered":"https:\/\/nightclubliquor.com\/?post_type=product&#038;p=16093"},"modified":"2023-08-13T16:04:38","modified_gmt":"2023-08-13T16:04:38","slug":"kweichow-moutai-flying-fairy-liquor-wholesale","status":"publish","type":"product","link":"https:\/\/www.nightclubliquor.com\/fr\/produit\/kweichow-moutai-flying-fairy-liquor-wholesale\/","title":{"rendered":"Kweichow Moutai Flying Fairy 53% (500ml) Vente en gros"},"content":{"rendered":"<div data-elementor-type=\"wp-post\" data-elementor-id=\"16093\" class=\"elementor elementor-16093\">\n\t\t\t\t\t\t<section class=\"elementor-section elementor-top-section elementor-element elementor-element-dbbecba elementor-section-boxed elementor-section-height-default elementor-section-height-default wd-section-disabled\" data-id=\"dbbecba\" data-element_type=\"section\">\n\t\t\t\t\t\t<div class=\"elementor-container elementor-column-gap-default\">\n\t\t\t\t\t<div class=\"elementor-column elementor-col-50 elementor-top-column elementor-element elementor-element-15df2c3\" data-id=\"15df2c3\" data-element_type=\"column\">\n\t\t\t<div class=\"elementor-widget-wrap elementor-element-populated\">\n\t\t\t\t\t\t<div class=\"elementor-element elementor-element-69c4ad4 elementor-widget elementor-widget-wd_text_block\" data-id=\"69c4ad4\" data-element_type=\"widget\" data-widget_type=\"wd_text_block.default\">\n\t\t\t\t<div class=\"elementor-widget-container\">\n\t\t\t\t\t\t\t<div class=\"wd-text-block reset-last-child text-left\">\n\t\t\t\n\t\t\t<h3 style=\"text-align: left;\"><strong>Quantit\u00e9 minimum d&#039;achat<\/strong> pour exp\u00e9dition: <strong>12<\/strong> <strong>Bo\u00eetes, ne pas vendre au d\u00e9tail et ne pas exp\u00e9dier par bouteille.<\/strong><\/h3>\n\t\t\t\t\t<\/div>\n\t\t\t\t\t\t<\/div>\n\t\t\t\t<\/div>\n\t\t\t\t<div class=\"elementor-element elementor-element-11c1ccb elementor-widget elementor-widget-wd_text_block\" data-id=\"11c1ccb\" data-element_type=\"widget\" data-widget_type=\"wd_text_block.default\">\n\t\t\t\t<div class=\"elementor-widget-container\">\n\t\t\t\t\t\t\t<div class=\"wd-text-block reset-last-child text-left\">\n\t\t\t\n\t\t\t<h1 style=\"text-align: left;\"><strong>Kweichow Mouta\u00ef<\/strong><\/h1><p><strong>L&#039;histoire de Mouta\u00ef<\/strong><br \/>Une liqueur chinoise avec une histoire de 2000 ans<br \/>L&#039;histoire de cette liqueur chinoise traditionnelle remonte \u00e0 plus de 2000 ans avec une \u00e9volution significative au cours de la dynastie Qing (1644-1912) lorsque les distillateurs chinois ont introduit des techniques avanc\u00e9es et uniques pour traiter ce type distinctif de liqueur.<\/p><p>Maotai est devenu la premi\u00e8re liqueur chinoise \u00e0 \u00eatre produite \u00e0 grande \u00e9chelle. Le gouvernement communiste a regroup\u00e9 de nombreuses distilleries locales en une seule entreprise publique, Kweichow Moutai (le nom est une ancienne romanisation de &quot;Guizhou Maotai&quot;).<\/p><p>Cette entreprise est situ\u00e9e dans la province du Guizhou, au sud-ouest de la Chine, o\u00f9 la distillerie d&#039;alcool a une tr\u00e8s longue tradition.<\/p>\n\t\t\t\t\t<\/div>\n\t\t\t\t\t\t<\/div>\n\t\t\t\t<\/div>\n\t\t\t\t<div class=\"elementor-element elementor-element-141ddd0 elementor-widget elementor-widget-wd_text_block\" data-id=\"141ddd0\" data-element_type=\"widget\" data-widget_type=\"wd_text_block.default\">\n\t\t\t\t<div class=\"elementor-widget-container\">\n\t\t\t\t\t\t\t<div class=\"wd-text-block reset-last-child text-left\">\n\t\t\t\n\t\t\t<p><strong>L&#039;esprit sup\u00e9rieur de la Chine<\/strong><br \/>Depuis son prix d&#039;or en 1915 \u00e0 l&#039;exposition Panama-Pacific \u00e0 San Francisco, Moutai partage le titre des 3 meilleures liqueurs distill\u00e9es au monde avec le cognac de France et le whisky des Highlands \u00e9cossais. C&#039;est cependant le seul des 3 qui distille de la levure pendant son processus de distillation (7 fois) et le seul \u00e0 utiliser des grains solides dans le processus de fermentation, ce qui rend cette liqueur encore plus sp\u00e9ciale et unique !<\/p><p>Avec raison, ce spiritueux haut de gamme et prim\u00e9 \u00e0 plusieurs reprises a \u00e9t\u00e9 nomm\u00e9 l&#039;alcool sup\u00e9rieur de Chine en 1951, deux ans apr\u00e8s la fondation de la R\u00e9publique populaire de Chine. Il est devenu le cadeau ultime pour les personnes sp\u00e9ciales et diverses c\u00e9l\u00e9brations. C&#039;est la seule boisson alcoolis\u00e9e pr\u00e9sent\u00e9e comme cadeau officiel par les ambassades chinoises dans les pays \u00e9trangers et est utilis\u00e9e \u00e0 de nombreuses occasions officielles avec des chefs d&#039;\u00c9tat \u00e9trangers.<\/p>\n\t\t\t\t\t<\/div>\n\t\t\t\t\t\t<\/div>\n\t\t\t\t<\/div>\n\t\t\t\t\t<\/div>\n\t\t<\/div>\n\t\t\t\t<div class=\"elementor-column elementor-col-50 elementor-top-column elementor-element elementor-element-d05ac35\" data-id=\"d05ac35\" data-element_type=\"column\">\n\t\t\t<div class=\"elementor-widget-wrap elementor-element-populated\">\n\t\t\t\t\t\t<div class=\"elementor-element elementor-element-3328355 elementor-widget elementor-widget-wd_image_or_svg\" data-id=\"3328355\" data-element_type=\"widget\" data-widget_type=\"wd_image_or_svg.default\">\n\t\t\t\t<div class=\"elementor-widget-container\">\n\t\t\t\t\t\n\t\t<div class=\"wd-image text-left\">\n\t\t\t\t\t\t\t\t<img fetchpriority=\"high\" decoding=\"async\" width=\"800\" height=\"800\" src=\"https:\/\/nightclubliquor.com\/wp-content\/uploads\/2023\/07\/\u98de\u5929\u8305\u53f053\u5ea605.jpg\" class=\"attachment-full size-full wp-image-16105\" alt=\"\" srcset=\"\" sizes=\"(max-width: 800px) 100vw, 800px\" data-srcset=\"\" \/>\t\t\t\t\t<\/div>\n\n\t\t\t\t\t\t<\/div>\n\t\t\t\t<\/div>\n\t\t\t\t<div class=\"elementor-element elementor-element-09a27b1 elementor-widget elementor-widget-wd_text_block\" data-id=\"09a27b1\" data-element_type=\"widget\" data-widget_type=\"wd_text_block.default\">\n\t\t\t\t<div class=\"elementor-widget-container\">\n\t\t\t\t\t\t\t<div class=\"wd-text-block reset-last-child text-left\">\n\t\t\t\n\t\t\t<h3 style=\"text-align: left;\">Tous ceux qui aiment vivre une exp\u00e9rience extraordinaire dans la vie devraient go\u00fbter cet alcool haut de gamme, en savourant et en appr\u00e9ciant l&#039;alcool historique et le plus populaire de Chine !<\/h3>\n\t\t\t\t\t<\/div>\n\t\t\t\t\t\t<\/div>\n\t\t\t\t<\/div>\n\t\t\t\t\t<\/div>\n\t\t<\/div>\n\t\t\t\t\t<\/div>\n\t\t<\/section>\n\t\t\t\t<\/div>","protected":false},"excerpt":{"rendered":"<h3><strong>Quantit\u00e9 minimum d&#039;achat<\/strong> pour exp\u00e9dition: <strong>Bo\u00eetes, ne pas vendre au d\u00e9tail et ne pas exp\u00e9dier par bouteille.<\/strong><\/h3>\n<p>Plus ancienne liqueur connue au monde, le baijiu Moutai au grain chinois est le tr\u00e9sor national de la Chine, une boisson alcoolis\u00e9e 53% aussi complexe que pure, avec plus de 150 notes de d\u00e9gustation dans 1 seul verre !<\/p>\n<p>&nbsp;<\/p>","protected":false},"featured_media":16099,"comment_status":"open","ping_status":"closed","template":"","meta":[],"product_brand":[],"product_cat":[29],"product_tag":[105,104,103],"class_list":{"0":"post-16093","1":"product","2":"type-product","3":"status-publish","4":"has-post-thumbnail","6":"product_cat-chinese-liquor","7":"product_tag-kwei-chow-moutai","8":"product_tag-kweichow-moutai","9":"product_tag-kweichow-moutai-flying-fairy","10":"product_shipping_class-land-transportation","12":"first","13":"instock","14":"sale","15":"featured","16":"taxable","17":"shipping-taxable","18":"product-type-variable","19":"has-default-attributes"},"yoast_head":"<!-- This site is optimized with the Yoast SEO Premium plugin v20.13 (Yoast SEO v26.6) - https:\/\/yoast.com\/wordpress\/plugins\/seo\/ -->\n<title>Kweichow Moutai Flying Fairy 53% (500ml) Wholesale - Guangzhou Sensnwine-Worldfamouswine|Nightclub liquors suppiler<\/title>\n<meta name=\"description\" content=\"Kweichow Moutai Flying Fairy Liquor is the world\u2019s most mysterious spirit is waiting for you to be discovered and tasted from China\u2026\" \/>\n<meta name=\"robots\" content=\"index, follow, max-snippet:-1, max-image-preview:large, max-video-preview:-1\" \/>\n<link rel=\"canonical\" href=\"https:\/\/www.nightclubliquor.com\/fr\/produit\/kweichow-moutai-flying-fairy-liquor-wholesale\/\" \/>\n<meta property=\"og:locale\" content=\"fr_CA\" \/>\n<meta property=\"og:type\" content=\"article\" \/>\n<meta property=\"og:title\" content=\"Kweichow Moutai Flying Fairy 53% (500ml) Wholesale\" \/>\n<meta property=\"og:description\" content=\"Kweichow Moutai Flying Fairy Liquor is the world\u2019s most mysterious spirit is waiting for you to be discovered and tasted from China\u2026\" \/>\n<meta property=\"og:url\" content=\"https:\/\/www.nightclubliquor.com\/fr\/produit\/kweichow-moutai-flying-fairy-liquor-wholesale\/\" \/>\n<meta property=\"og:site_name\" content=\"Guangzhou Sensnwine-Worldfamouswine|Nightclub liquors suppiler\" \/>\n<meta property=\"article:publisher\" content=\"https:\/\/www.facebook.com\/39wine.cn\" \/>\n<meta property=\"article:modified_time\" content=\"2023-08-13T16:04:38+00:00\" \/>\n<meta property=\"og:image\" content=\"https:\/\/www.nightclubliquor.com\/wp-content\/uploads\/2023\/07\/kweichow-moutai-500ml.webp\" \/>\n\t<meta property=\"og:image:width\" content=\"720\" \/>\n\t<meta property=\"og:image:height\" content=\"720\" \/>\n\t<meta property=\"og:image:type\" content=\"image\/webp\" \/>\n<meta name=\"twitter:card\" content=\"summary_large_image\" \/>\n<meta name=\"twitter:title\" content=\"Kweichow Moutai Flying Fairy 53% (500ml) Wholesale Guangzhou Sensnwine-Worldfamouswine|Nightclub liquors suppiler\" \/>\n<meta name=\"twitter:site\" content=\"@sensnwine\" \/>\n<meta name=\"twitter:label1\" content=\"Estimation du temps de lecture\" \/>\n\t<meta name=\"twitter:data1\" content=\"2 minutes\" \/>\n<script type=\"application\/ld+json\" class=\"yoast-schema-graph\">{\"@context\":\"https:\/\/schema.org\",\"@graph\":[{\"@type\":\"WebPage\",\"@id\":\"https:\/\/www.nightclubliquor.com\/zh-cn\/product\/kweichow-moutai-flying-fairy-liquor-wholesale\/\",\"url\":\"https:\/\/www.nightclubliquor.com\/zh-cn\/product\/kweichow-moutai-flying-fairy-liquor-wholesale\/\",\"name\":\"Kweichow Moutai Flying Fairy 53% (500ml) Wholesale - Guangzhou Sensnwine-Worldfamouswine|Nightclub liquors suppiler\",\"isPartOf\":{\"@id\":\"https:\/\/www.nightclubliquor.com\/en-us\/#website\"},\"primaryImageOfPage\":{\"@id\":\"https:\/\/www.nightclubliquor.com\/zh-cn\/product\/kweichow-moutai-flying-fairy-liquor-wholesale\/#primaryimage\"},\"image\":{\"@id\":\"https:\/\/www.nightclubliquor.com\/zh-cn\/product\/kweichow-moutai-flying-fairy-liquor-wholesale\/#primaryimage\"},\"thumbnailUrl\":\"https:\/\/www.nightclubliquor.com\/wp-content\/uploads\/2023\/07\/kweichow-moutai-500ml.webp\",\"datePublished\":\"2023-07-25T18:43:10+00:00\",\"dateModified\":\"2023-08-13T16:04:38+00:00\",\"description\":\"Kweichow Moutai Flying Fairy Liquor is the world\u2019s most mysterious spirit is waiting for you to be discovered and tasted from China\u2026\",\"breadcrumb\":{\"@id\":\"https:\/\/www.nightclubliquor.com\/zh-cn\/product\/kweichow-moutai-flying-fairy-liquor-wholesale\/#breadcrumb\"},\"inLanguage\":\"fr-CA\",\"potentialAction\":[{\"@type\":\"ReadAction\",\"target\":[\"https:\/\/www.nightclubliquor.com\/zh-cn\/product\/kweichow-moutai-flying-fairy-liquor-wholesale\/\"]}]},{\"@type\":\"ImageObject\",\"inLanguage\":\"fr-CA\",\"@id\":\"https:\/\/www.nightclubliquor.com\/zh-cn\/product\/kweichow-moutai-flying-fairy-liquor-wholesale\/#primaryimage\",\"url\":\"https:\/\/www.nightclubliquor.com\/wp-content\/uploads\/2023\/07\/kweichow-moutai-500ml.webp\",\"contentUrl\":\"https:\/\/www.nightclubliquor.com\/wp-content\/uploads\/2023\/07\/kweichow-moutai-500ml.webp\",\"width\":720,\"height\":720,\"caption\":\"Kweichow Moutai Flying Fairy 53% 500ml\"},{\"@type\":\"BreadcrumbList\",\"@id\":\"https:\/\/www.nightclubliquor.com\/zh-cn\/product\/kweichow-moutai-flying-fairy-liquor-wholesale\/#breadcrumb\",\"itemListElement\":[{\"@type\":\"ListItem\",\"position\":1,\"name\":\"Home\",\"item\":\"https:\/\/www.nightclubliquor.com\/\"},{\"@type\":\"ListItem\",\"position\":2,\"name\":\"Shop\",\"item\":\"https:\/\/www.nightclubliquor.com\/en-us\/shop\/\"},{\"@type\":\"ListItem\",\"position\":3,\"name\":\"Kweichow Moutai Flying Fairy 53% (500ml) Wholesale\"}]},{\"@type\":\"WebSite\",\"@id\":\"https:\/\/www.nightclubliquor.com\/en-us\/#website\",\"url\":\"https:\/\/www.nightclubliquor.com\/en-us\/\",\"name\":\"Guangzhou Sensnwine-Worldfamouswine|Nightclub Liquors Wholesale\",\"description\":\"Supply of primary source of nightclub liquors, Cognac, Whisky, Wine, Chinese Liquor\",\"alternateName\":\"Wholesale of famous brands of nightclub liquors\",\"potentialAction\":[{\"@type\":\"SearchAction\",\"target\":{\"@type\":\"EntryPoint\",\"urlTemplate\":\"https:\/\/www.nightclubliquor.com\/en-us\/?s={search_term_string}\"},\"query-input\":{\"@type\":\"PropertyValueSpecification\",\"valueRequired\":true,\"valueName\":\"search_term_string\"}}],\"inLanguage\":\"fr-CA\"}]}<\/script>\n<!-- \/ Yoast SEO Premium plugin. -->","yoast_head_json":{"title":"Kweichow Moutai Flying Fairy 53% (500ml) Wholesale - Guangzhou Sensnwine-Worldfamouswine|Nightclub liquors suppiler","description":"Kweichow Moutai Flying Fairy Liquor is the world\u2019s most mysterious spirit is waiting for you to be discovered and tasted from China\u2026","robots":{"index":"index","follow":"follow","max-snippet":"max-snippet:-1","max-image-preview":"max-image-preview:large","max-video-preview":"max-video-preview:-1"},"canonical":"https:\/\/www.nightclubliquor.com\/fr\/produit\/kweichow-moutai-flying-fairy-liquor-wholesale\/","og_locale":"fr_CA","og_type":"article","og_title":"Kweichow Moutai Flying Fairy 53% (500ml) Wholesale","og_description":"Kweichow Moutai Flying Fairy Liquor is the world\u2019s most mysterious spirit is waiting for you to be discovered and tasted from China\u2026","og_url":"https:\/\/www.nightclubliquor.com\/fr\/produit\/kweichow-moutai-flying-fairy-liquor-wholesale\/","og_site_name":"Guangzhou Sensnwine-Worldfamouswine|Nightclub liquors suppiler","article_publisher":"https:\/\/www.facebook.com\/39wine.cn","article_modified_time":"2023-08-13T16:04:38+00:00","og_image":[{"width":720,"height":720,"url":"https:\/\/www.nightclubliquor.com\/wp-content\/uploads\/2023\/07\/kweichow-moutai-500ml.webp","type":"image\/webp"}],"twitter_card":"summary_large_image","twitter_title":"Kweichow Moutai Flying Fairy 53% (500ml) Wholesale Guangzhou Sensnwine-Worldfamouswine|Nightclub liquors suppiler","twitter_site":"@sensnwine","twitter_misc":{"Estimation du temps de lecture":"2 minutes"},"schema":{"@context":"https:\/\/schema.org","@graph":[{"@type":"WebPage","@id":"https:\/\/www.nightclubliquor.com\/zh-cn\/product\/kweichow-moutai-flying-fairy-liquor-wholesale\/","url":"https:\/\/www.nightclubliquor.com\/zh-cn\/product\/kweichow-moutai-flying-fairy-liquor-wholesale\/","name":"Kweichow Moutai Flying Fairy 53% (500ml) Wholesale - Guangzhou Sensnwine-Worldfamouswine|Nightclub liquors suppiler","isPartOf":{"@id":"https:\/\/www.nightclubliquor.com\/en-us\/#website"},"primaryImageOfPage":{"@id":"https:\/\/www.nightclubliquor.com\/zh-cn\/product\/kweichow-moutai-flying-fairy-liquor-wholesale\/#primaryimage"},"image":{"@id":"https:\/\/www.nightclubliquor.com\/zh-cn\/product\/kweichow-moutai-flying-fairy-liquor-wholesale\/#primaryimage"},"thumbnailUrl":"https:\/\/www.nightclubliquor.com\/wp-content\/uploads\/2023\/07\/kweichow-moutai-500ml.webp","datePublished":"2023-07-25T18:43:10+00:00","dateModified":"2023-08-13T16:04:38+00:00","description":"Kweichow Moutai Flying Fairy Liquor is the world\u2019s most mysterious spirit is waiting for you to be discovered and tasted from China\u2026","breadcrumb":{"@id":"https:\/\/www.nightclubliquor.com\/zh-cn\/product\/kweichow-moutai-flying-fairy-liquor-wholesale\/#breadcrumb"},"inLanguage":"fr-CA","potentialAction":[{"@type":"ReadAction","target":["https:\/\/www.nightclubliquor.com\/zh-cn\/product\/kweichow-moutai-flying-fairy-liquor-wholesale\/"]}]},{"@type":"ImageObject","inLanguage":"fr-CA","@id":"https:\/\/www.nightclubliquor.com\/zh-cn\/product\/kweichow-moutai-flying-fairy-liquor-wholesale\/#primaryimage","url":"https:\/\/www.nightclubliquor.com\/wp-content\/uploads\/2023\/07\/kweichow-moutai-500ml.webp","contentUrl":"https:\/\/www.nightclubliquor.com\/wp-content\/uploads\/2023\/07\/kweichow-moutai-500ml.webp","width":720,"height":720,"caption":"Kweichow Moutai Flying Fairy 53% 500ml"},{"@type":"BreadcrumbList","@id":"https:\/\/www.nightclubliquor.com\/zh-cn\/product\/kweichow-moutai-flying-fairy-liquor-wholesale\/#breadcrumb","itemListElement":[{"@type":"ListItem","position":1,"name":"Home","item":"https:\/\/www.nightclubliquor.com\/"},{"@type":"ListItem","position":2,"name":"Shop","item":"https:\/\/www.nightclubliquor.com\/en-us\/shop\/"},{"@type":"ListItem","position":3,"name":"Kweichow Moutai Flying Fairy 53% (500ml) Wholesale"}]},{"@type":"WebSite","@id":"https:\/\/www.nightclubliquor.com\/en-us\/#website","url":"https:\/\/www.nightclubliquor.com\/en-us\/","name":"Guangzhou Sensnwine-Worldfamouswine|Nightclub Liquors Wholesale","description":"Fourniture de la principale source d&#039;alcools de bo\u00eete de nuit, Cognac, Whisky, Vin, Liqueur chinoise","alternateName":"Wholesale of famous brands of nightclub liquors","potentialAction":[{"@type":"SearchAction","target":{"@type":"EntryPoint","urlTemplate":"https:\/\/www.nightclubliquor.com\/en-us\/?s={search_term_string}"},"query-input":{"@type":"PropertyValueSpecification","valueRequired":true,"valueName":"search_term_string"}}],"inLanguage":"fr-CA"}]}},"_links":{"self":[{"href":"https:\/\/www.nightclubliquor.com\/fr\/wp-json\/wp\/v2\/product\/16093","targetHints":{"allow":["GET"]}}],"collection":[{"href":"https:\/\/www.nightclubliquor.com\/fr\/wp-json\/wp\/v2\/product"}],"about":[{"href":"https:\/\/www.nightclubliquor.com\/fr\/wp-json\/wp\/v2\/types\/product"}],"replies":[{"embeddable":true,"href":"https:\/\/www.nightclubliquor.com\/fr\/wp-json\/wp\/v2\/comments?post=16093"}],"version-history":[{"count":16,"href":"https:\/\/www.nightclubliquor.com\/fr\/wp-json\/wp\/v2\/product\/16093\/revisions"}],"predecessor-version":[{"id":16223,"href":"https:\/\/www.nightclubliquor.com\/fr\/wp-json\/wp\/v2\/product\/16093\/revisions\/16223"}],"wp:featuredmedia":[{"embeddable":true,"href":"https:\/\/www.nightclubliquor.com\/fr\/wp-json\/wp\/v2\/media\/16099"}],"wp:attachment":[{"href":"https:\/\/www.nightclubliquor.com\/fr\/wp-json\/wp\/v2\/media?parent=16093"}],"wp:term":[{"taxonomy":"product_brand","embeddable":true,"href":"https:\/\/www.nightclubliquor.com\/fr\/wp-json\/wp\/v2\/product_brand?post=16093"},{"taxonomy":"product_cat","embeddable":true,"href":"https:\/\/www.nightclubliquor.com\/fr\/wp-json\/wp\/v2\/product_cat?post=16093"},{"taxonomy":"product_tag","embeddable":true,"href":"https:\/\/www.nightclubliquor.com\/fr\/wp-json\/wp\/v2\/product_tag?post=16093"}],"curies":[{"name":"wp","href":"https:\/\/api.w.org\/{rel}","templated":true}]}}