{"id":16118,"date":"2023-07-26T08:10:11","date_gmt":"2023-07-26T08:10:11","guid":{"rendered":"https:\/\/nightclubliquor.com\/?post_type=product&#038;p=16118"},"modified":"2023-08-13T16:33:56","modified_gmt":"2023-08-13T16:33:56","slug":"yamazaki-18-year-old-whisky-wholesale","status":"publish","type":"product","link":"https:\/\/www.nightclubliquor.com\/fr\/produit\/yamazaki-18-year-old-whisky-wholesale\/","title":{"rendered":"Yamazaki 18 ans hisky japonais Vente en gros - 70cl 43%"},"content":{"rendered":"<div data-elementor-type=\"wp-post\" data-elementor-id=\"16118\" class=\"elementor elementor-16118\">\n\t\t\t\t\t\t<section class=\"elementor-section elementor-top-section elementor-element elementor-element-dbbecba elementor-section-boxed elementor-section-height-default elementor-section-height-default wd-section-disabled\" data-id=\"dbbecba\" data-element_type=\"section\">\n\t\t\t\t\t\t<div class=\"elementor-container elementor-column-gap-default\">\n\t\t\t\t\t<div class=\"elementor-column elementor-col-50 elementor-top-column elementor-element elementor-element-15df2c3\" data-id=\"15df2c3\" data-element_type=\"column\">\n\t\t\t<div class=\"elementor-widget-wrap elementor-element-populated\">\n\t\t\t\t\t\t<div class=\"elementor-element elementor-element-69c4ad4 elementor-widget elementor-widget-wd_text_block\" data-id=\"69c4ad4\" data-element_type=\"widget\" data-widget_type=\"wd_text_block.default\">\n\t\t\t\t<div class=\"elementor-widget-container\">\n\t\t\t\t\t\t\t<div class=\"wd-text-block reset-last-child text-left\">\n\t\t\t\n\t\t\t<h3 style=\"text-align: left;\"><strong>Quantit\u00e9 minimum d&#039;achat<\/strong> pour exp\u00e9dition: <strong>5<\/strong> <strong>Bo\u00eetes, ne pas vendre au d\u00e9tail et ne pas exp\u00e9dier par bouteille.<\/strong><\/h3>\n\t\t\t\t\t<\/div>\n\t\t\t\t\t\t<\/div>\n\t\t\t\t<\/div>\n\t\t\t\t<div class=\"elementor-element elementor-element-11c1ccb elementor-widget elementor-widget-wd_text_block\" data-id=\"11c1ccb\" data-element_type=\"widget\" data-widget_type=\"wd_text_block.default\">\n\t\t\t\t<div class=\"elementor-widget-container\">\n\t\t\t\t\t\t\t<div class=\"wd-text-block reset-last-child text-left\">\n\t\t\t\n\t\t\t<h1>Whisky japonais Yamazaki 18 ans d&#039;\u00e2ge - 70cl 43%<\/h1><p>Le c\u00e9l\u00e8bre whisky single malt japonais de 18 ans d&#039;\u00e2ge, un merveilleux exemple de ce dont le whisky japonais est capable.<br \/>\u00c9tant l&#039;un des produits les plus populaires de Suntory, vous savez que vous avez de la qualit\u00e9 lorsque vous avez Yamazaki.<br \/>Yamazaki est le single malt phare de Suntory. L&#039;exp\u00e9rience surprenante, d\u00e9licate mais profonde d&#039;un single malt japonais est n\u00e9e \u00e0 Yamazaki.<br \/>Le whisky japonais single malt House of Suntory Yamazaki 18 ans a \u00e9t\u00e9 vieilli dans les meilleurs f\u00fbts de Sherry par Suntory.<br \/>Aujourd&#039;hui, Yamazaki n&#039;est pas seulement le single malt num\u00e9ro 1 au Japon, mais il est \u00e9galement appr\u00e9ci\u00e9 dans le monde entier.<\/p><p>&quot;Verser l&#039;eau chaude dans le whisky,<br \/>Le parfum monte soudainement<br \/>Dans la lumi\u00e8re d&#039;un matin froid et blanc.<\/p>\n\t\t\t\t\t<\/div>\n\t\t\t\t\t\t<\/div>\n\t\t\t\t<\/div>\n\t\t\t\t\t<\/div>\n\t\t<\/div>\n\t\t\t\t<div class=\"elementor-column elementor-col-50 elementor-top-column elementor-element elementor-element-d05ac35\" data-id=\"d05ac35\" data-element_type=\"column\">\n\t\t\t<div class=\"elementor-widget-wrap elementor-element-populated\">\n\t\t\t\t\t\t<div class=\"elementor-element elementor-element-3328355 elementor-widget elementor-widget-wd_image_or_svg\" data-id=\"3328355\" data-element_type=\"widget\" data-widget_type=\"wd_image_or_svg.default\">\n\t\t\t\t<div class=\"elementor-widget-container\">\n\t\t\t\t\t\n\t\t<div class=\"wd-image text-left\">\n\t\t\t\t\t\t\t\t<img fetchpriority=\"high\" decoding=\"async\" width=\"745\" height=\"709\" src=\"https:\/\/www.nightclubliquor.com\/wp-content\/uploads\/2023\/07\/yamazaki-18-1.jpg\" class=\"attachment-full size-full wp-image-16125\" alt=\"\" srcset=\"https:\/\/www.nightclubliquor.com\/wp-content\/uploads\/2023\/07\/yamazaki-18-1.jpg 745w, https:\/\/www.nightclubliquor.com\/wp-content\/uploads\/2023\/07\/yamazaki-18-1-315x300.jpg 315w, https:\/\/www.nightclubliquor.com\/wp-content\/uploads\/2023\/07\/yamazaki-18-1-13x12.jpg 13w, https:\/\/www.nightclubliquor.com\/wp-content\/uploads\/2023\/07\/yamazaki-18-1-430x409.jpg 430w, https:\/\/www.nightclubliquor.com\/wp-content\/uploads\/2023\/07\/yamazaki-18-1-700x666.jpg 700w, https:\/\/www.nightclubliquor.com\/wp-content\/uploads\/2023\/07\/yamazaki-18-1-150x143.jpg 150w\" sizes=\"(max-width: 745px) 100vw, 745px\" \/>\t\t\t\t\t<\/div>\n\n\t\t\t\t\t\t<\/div>\n\t\t\t\t<\/div>\n\t\t\t\t\t<\/div>\n\t\t<\/div>\n\t\t\t\t\t<\/div>\n\t\t<\/section>\n\t\t\t\t<\/div>","protected":false},"excerpt":{"rendered":"<h3><strong>Quantit\u00e9 minimum d&#039;achat<\/strong> pour exp\u00e9dition: <strong>Bo\u00eetes, ne pas vendre au d\u00e9tail et ne pas exp\u00e9dier par bouteille.<\/strong><\/h3>\n<p>Le whisky japonais single malt House of Suntory Yamazaki 18 ans a \u00e9t\u00e9 vieilli dans les meilleurs f\u00fbts de Sherry par Suntory.<br \/>\nAujourd&#039;hui, Yamazaki n&#039;est pas seulement le single malt num\u00e9ro 1 au Japon, mais il est \u00e9galement appr\u00e9ci\u00e9 dans le monde entier.<\/p>\n<p>&nbsp;<\/p>","protected":false},"featured_media":16121,"comment_status":"open","ping_status":"closed","template":"","meta":[],"product_brand":[],"product_cat":[20],"product_tag":[107,106,110,109,108],"class_list":{"0":"post-16118","1":"product","2":"type-product","3":"status-publish","4":"has-post-thumbnail","6":"product_cat-whisky","7":"product_tag-suntory","8":"product_tag-suntory-yamazaki-18","9":"product_tag-whisky","10":"product_tag-yamazaki","11":"product_tag-yamazaki-18","12":"product_shipping_class-land-transportation","14":"first","15":"instock","16":"sale","17":"featured","18":"taxable","19":"shipping-taxable","20":"purchasable","21":"product-type-variable"},"yoast_head":"<!-- This site is optimized with the Yoast SEO Premium plugin v20.13 (Yoast SEO v26.6) - https:\/\/yoast.com\/wordpress\/plugins\/seo\/ -->\n<title>Yamazaki 18 Year Old Japanese hisky Wholesale- 70cl 43% - Guangzhou Sensnwine-Worldfamouswine|Nightclub liquors suppiler<\/title>\n<meta name=\"description\" content=\"Wholesale with 70cl 43%. The House of Suntory Yamazaki 18 Year Old single malt Japanese whisky has been aged in the finest Sherry casks by Suntory....\" \/>\n<meta name=\"robots\" content=\"index, follow, max-snippet:-1, max-image-preview:large, max-video-preview:-1\" \/>\n<link rel=\"canonical\" href=\"https:\/\/www.nightclubliquor.com\/fr\/produit\/yamazaki-18-year-old-whisky-wholesale\/\" \/>\n<meta property=\"og:locale\" content=\"fr_CA\" \/>\n<meta property=\"og:type\" content=\"article\" \/>\n<meta property=\"og:title\" content=\"Yamazaki 18 Year Old Japanese hisky Wholesale- 70cl 43% Guangzhou Sensnwine-Worldfamouswine|Nightclub liquors suppiler\" \/>\n<meta property=\"og:description\" content=\"The House of Suntory Yamazaki 18 Year Old single malt Japanese whisky has been aged in the finest Sherry casks by Suntory.Today, Yamazaki is not only the no 1. Single malt in Japan but it is also enjoyed worldwide.\" \/>\n<meta property=\"og:url\" content=\"https:\/\/www.nightclubliquor.com\/fr\/produit\/yamazaki-18-year-old-whisky-wholesale\/\" \/>\n<meta property=\"og:site_name\" content=\"Guangzhou Sensnwine-Worldfamouswine|Nightclub liquors suppiler\" \/>\n<meta property=\"article:publisher\" content=\"https:\/\/www.facebook.com\/39wine.cn\" \/>\n<meta property=\"article:modified_time\" content=\"2023-08-13T16:33:56+00:00\" \/>\n<meta property=\"og:image\" content=\"https:\/\/www.nightclubliquor.com\/wp-content\/uploads\/2023\/07\/\u5c71\u5d0e18\u5e742.jpg\" \/>\n\t<meta property=\"og:image:width\" content=\"1000\" \/>\n\t<meta property=\"og:image:height\" content=\"1000\" \/>\n\t<meta property=\"og:image:type\" content=\"image\/jpeg\" \/>\n<meta name=\"twitter:card\" content=\"summary_large_image\" \/>\n<meta name=\"twitter:title\" content=\"Yamazaki 18 Year Old Japanese hisky Wholesale- 70cl 43% Guangzhou Sensnwine-Worldfamouswine|Nightclub liquors suppiler\" \/>\n<meta name=\"twitter:description\" content=\"The House of Suntory Yamazaki 18 Year Old single malt Japanese whisky has been aged in the finest Sherry casks by Suntory.Today, Yamazaki is not only the no 1. Single malt in Japan but it is also enjoyed worldwide.\" \/>\n<meta name=\"twitter:site\" content=\"@sensnwine\" \/>\n<meta name=\"twitter:label1\" content=\"Estimation du temps de lecture\" \/>\n\t<meta name=\"twitter:data1\" content=\"1 minute\" \/>\n<script type=\"application\/ld+json\" class=\"yoast-schema-graph\">{\"@context\":\"https:\/\/schema.org\",\"@graph\":[{\"@type\":\"WebPage\",\"@id\":\"https:\/\/www.nightclubliquor.com\/product\/yamazaki-18-year-old-whisky-wholesale\/\",\"url\":\"https:\/\/www.nightclubliquor.com\/product\/yamazaki-18-year-old-whisky-wholesale\/\",\"name\":\"Yamazaki 18 Year Old Japanese hisky Wholesale- 70cl 43% - Guangzhou Sensnwine-Worldfamouswine|Nightclub liquors suppiler\",\"isPartOf\":{\"@id\":\"https:\/\/www.nightclubliquor.com\/en-us\/#website\"},\"primaryImageOfPage\":{\"@id\":\"https:\/\/www.nightclubliquor.com\/product\/yamazaki-18-year-old-whisky-wholesale\/#primaryimage\"},\"image\":{\"@id\":\"https:\/\/www.nightclubliquor.com\/product\/yamazaki-18-year-old-whisky-wholesale\/#primaryimage\"},\"thumbnailUrl\":\"https:\/\/www.nightclubliquor.com\/wp-content\/uploads\/2023\/07\/\u5c71\u5d0e18\u5e742.jpg\",\"datePublished\":\"2023-07-26T08:10:11+00:00\",\"dateModified\":\"2023-08-13T16:33:56+00:00\",\"description\":\"Wholesale with 70cl 43%. The House of Suntory Yamazaki 18 Year Old single malt Japanese whisky has been aged in the finest Sherry casks by Suntory....\",\"breadcrumb\":{\"@id\":\"https:\/\/www.nightclubliquor.com\/product\/yamazaki-18-year-old-whisky-wholesale\/#breadcrumb\"},\"inLanguage\":\"fr-CA\",\"potentialAction\":[{\"@type\":\"ReadAction\",\"target\":[\"https:\/\/www.nightclubliquor.com\/product\/yamazaki-18-year-old-whisky-wholesale\/\"]}]},{\"@type\":\"ImageObject\",\"inLanguage\":\"fr-CA\",\"@id\":\"https:\/\/www.nightclubliquor.com\/product\/yamazaki-18-year-old-whisky-wholesale\/#primaryimage\",\"url\":\"https:\/\/www.nightclubliquor.com\/wp-content\/uploads\/2023\/07\/\u5c71\u5d0e18\u5e742.jpg\",\"contentUrl\":\"https:\/\/www.nightclubliquor.com\/wp-content\/uploads\/2023\/07\/\u5c71\u5d0e18\u5e742.jpg\",\"width\":1000,\"height\":1000,\"caption\":\"wholesale of yamazaki 18 year old japanese single malt whisky\"},{\"@type\":\"BreadcrumbList\",\"@id\":\"https:\/\/www.nightclubliquor.com\/product\/yamazaki-18-year-old-whisky-wholesale\/#breadcrumb\",\"itemListElement\":[{\"@type\":\"ListItem\",\"position\":1,\"name\":\"Home\",\"item\":\"https:\/\/www.nightclubliquor.com\/\"},{\"@type\":\"ListItem\",\"position\":2,\"name\":\"Shop\",\"item\":\"https:\/\/www.nightclubliquor.com\/en-us\/shop\/\"},{\"@type\":\"ListItem\",\"position\":3,\"name\":\"Yamazaki 18 Year Old Japanese hisky Wholesale- 70cl 43%\"}]},{\"@type\":\"WebSite\",\"@id\":\"https:\/\/www.nightclubliquor.com\/en-us\/#website\",\"url\":\"https:\/\/www.nightclubliquor.com\/en-us\/\",\"name\":\"Guangzhou Sensnwine-Worldfamouswine|Nightclub Liquors Wholesale\",\"description\":\"Supply of primary source of nightclub liquors, Cognac, Whisky, Wine, Chinese Liquor\",\"alternateName\":\"Wholesale of famous brands of nightclub liquors\",\"potentialAction\":[{\"@type\":\"SearchAction\",\"target\":{\"@type\":\"EntryPoint\",\"urlTemplate\":\"https:\/\/www.nightclubliquor.com\/en-us\/?s={search_term_string}\"},\"query-input\":{\"@type\":\"PropertyValueSpecification\",\"valueRequired\":true,\"valueName\":\"search_term_string\"}}],\"inLanguage\":\"fr-CA\"}]}<\/script>\n<!-- \/ Yoast SEO Premium plugin. -->","yoast_head_json":{"title":"Yamazaki 18 Year Old Japanese hisky Wholesale- 70cl 43% - Guangzhou Sensnwine-Worldfamouswine|Nightclub liquors suppiler","description":"Wholesale with 70cl 43%. The House of Suntory Yamazaki 18 Year Old single malt Japanese whisky has been aged in the finest Sherry casks by Suntory....","robots":{"index":"index","follow":"follow","max-snippet":"max-snippet:-1","max-image-preview":"max-image-preview:large","max-video-preview":"max-video-preview:-1"},"canonical":"https:\/\/www.nightclubliquor.com\/fr\/produit\/yamazaki-18-year-old-whisky-wholesale\/","og_locale":"fr_CA","og_type":"article","og_title":"Yamazaki 18 Year Old Japanese hisky Wholesale- 70cl 43% Guangzhou Sensnwine-Worldfamouswine|Nightclub liquors suppiler","og_description":"The House of Suntory Yamazaki 18 Year Old single malt Japanese whisky has been aged in the finest Sherry casks by Suntory.Today, Yamazaki is not only the no 1. Single malt in Japan but it is also enjoyed worldwide.","og_url":"https:\/\/www.nightclubliquor.com\/fr\/produit\/yamazaki-18-year-old-whisky-wholesale\/","og_site_name":"Guangzhou Sensnwine-Worldfamouswine|Nightclub liquors suppiler","article_publisher":"https:\/\/www.facebook.com\/39wine.cn","article_modified_time":"2023-08-13T16:33:56+00:00","og_image":[{"width":1000,"height":1000,"url":"https:\/\/www.nightclubliquor.com\/wp-content\/uploads\/2023\/07\/\u5c71\u5d0e18\u5e742.jpg","type":"image\/jpeg"}],"twitter_card":"summary_large_image","twitter_title":"Yamazaki 18 Year Old Japanese hisky Wholesale- 70cl 43% Guangzhou Sensnwine-Worldfamouswine|Nightclub liquors suppiler","twitter_description":"The House of Suntory Yamazaki 18 Year Old single malt Japanese whisky has been aged in the finest Sherry casks by Suntory.Today, Yamazaki is not only the no 1. Single malt in Japan but it is also enjoyed worldwide.","twitter_site":"@sensnwine","twitter_misc":{"Estimation du temps de lecture":"1 minute"},"schema":{"@context":"https:\/\/schema.org","@graph":[{"@type":"WebPage","@id":"https:\/\/www.nightclubliquor.com\/product\/yamazaki-18-year-old-whisky-wholesale\/","url":"https:\/\/www.nightclubliquor.com\/product\/yamazaki-18-year-old-whisky-wholesale\/","name":"Yamazaki 18 Year Old Japanese hisky Wholesale- 70cl 43% - Guangzhou Sensnwine-Worldfamouswine|Nightclub liquors suppiler","isPartOf":{"@id":"https:\/\/www.nightclubliquor.com\/en-us\/#website"},"primaryImageOfPage":{"@id":"https:\/\/www.nightclubliquor.com\/product\/yamazaki-18-year-old-whisky-wholesale\/#primaryimage"},"image":{"@id":"https:\/\/www.nightclubliquor.com\/product\/yamazaki-18-year-old-whisky-wholesale\/#primaryimage"},"thumbnailUrl":"https:\/\/www.nightclubliquor.com\/wp-content\/uploads\/2023\/07\/\u5c71\u5d0e18\u5e742.jpg","datePublished":"2023-07-26T08:10:11+00:00","dateModified":"2023-08-13T16:33:56+00:00","description":"Wholesale with 70cl 43%. The House of Suntory Yamazaki 18 Year Old single malt Japanese whisky has been aged in the finest Sherry casks by Suntory....","breadcrumb":{"@id":"https:\/\/www.nightclubliquor.com\/product\/yamazaki-18-year-old-whisky-wholesale\/#breadcrumb"},"inLanguage":"fr-CA","potentialAction":[{"@type":"ReadAction","target":["https:\/\/www.nightclubliquor.com\/product\/yamazaki-18-year-old-whisky-wholesale\/"]}]},{"@type":"ImageObject","inLanguage":"fr-CA","@id":"https:\/\/www.nightclubliquor.com\/product\/yamazaki-18-year-old-whisky-wholesale\/#primaryimage","url":"https:\/\/www.nightclubliquor.com\/wp-content\/uploads\/2023\/07\/\u5c71\u5d0e18\u5e742.jpg","contentUrl":"https:\/\/www.nightclubliquor.com\/wp-content\/uploads\/2023\/07\/\u5c71\u5d0e18\u5e742.jpg","width":1000,"height":1000,"caption":"wholesale of yamazaki 18 year old japanese single malt whisky"},{"@type":"BreadcrumbList","@id":"https:\/\/www.nightclubliquor.com\/product\/yamazaki-18-year-old-whisky-wholesale\/#breadcrumb","itemListElement":[{"@type":"ListItem","position":1,"name":"Home","item":"https:\/\/www.nightclubliquor.com\/"},{"@type":"ListItem","position":2,"name":"Shop","item":"https:\/\/www.nightclubliquor.com\/en-us\/shop\/"},{"@type":"ListItem","position":3,"name":"Yamazaki 18 Year Old Japanese hisky Wholesale- 70cl 43%"}]},{"@type":"WebSite","@id":"https:\/\/www.nightclubliquor.com\/en-us\/#website","url":"https:\/\/www.nightclubliquor.com\/en-us\/","name":"Guangzhou Sensnwine-Worldfamouswine|Nightclub Liquors Wholesale","description":"Fourniture de la principale source d&#039;alcools de bo\u00eete de nuit, Cognac, Whisky, Vin, Liqueur chinoise","alternateName":"Wholesale of famous brands of nightclub liquors","potentialAction":[{"@type":"SearchAction","target":{"@type":"EntryPoint","urlTemplate":"https:\/\/www.nightclubliquor.com\/en-us\/?s={search_term_string}"},"query-input":{"@type":"PropertyValueSpecification","valueRequired":true,"valueName":"search_term_string"}}],"inLanguage":"fr-CA"}]}},"_links":{"self":[{"href":"https:\/\/www.nightclubliquor.com\/fr\/wp-json\/wp\/v2\/product\/16118","targetHints":{"allow":["GET"]}}],"collection":[{"href":"https:\/\/www.nightclubliquor.com\/fr\/wp-json\/wp\/v2\/product"}],"about":[{"href":"https:\/\/www.nightclubliquor.com\/fr\/wp-json\/wp\/v2\/types\/product"}],"replies":[{"embeddable":true,"href":"https:\/\/www.nightclubliquor.com\/fr\/wp-json\/wp\/v2\/comments?post=16118"}],"version-history":[{"count":17,"href":"https:\/\/www.nightclubliquor.com\/fr\/wp-json\/wp\/v2\/product\/16118\/revisions"}],"predecessor-version":[{"id":16274,"href":"https:\/\/www.nightclubliquor.com\/fr\/wp-json\/wp\/v2\/product\/16118\/revisions\/16274"}],"wp:featuredmedia":[{"embeddable":true,"href":"https:\/\/www.nightclubliquor.com\/fr\/wp-json\/wp\/v2\/media\/16121"}],"wp:attachment":[{"href":"https:\/\/www.nightclubliquor.com\/fr\/wp-json\/wp\/v2\/media?parent=16118"}],"wp:term":[{"taxonomy":"product_brand","embeddable":true,"href":"https:\/\/www.nightclubliquor.com\/fr\/wp-json\/wp\/v2\/product_brand?post=16118"},{"taxonomy":"product_cat","embeddable":true,"href":"https:\/\/www.nightclubliquor.com\/fr\/wp-json\/wp\/v2\/product_cat?post=16118"},{"taxonomy":"product_tag","embeddable":true,"href":"https:\/\/www.nightclubliquor.com\/fr\/wp-json\/wp\/v2\/product_tag?post=16118"}],"curies":[{"name":"wp","href":"https:\/\/api.w.org\/{rel}","templated":true}]}}