{"id":16146,"date":"2023-08-05T06:48:43","date_gmt":"2023-08-05T06:48:43","guid":{"rendered":"https:\/\/nightclubliquor.com\/?post_type=product&#038;p=16146"},"modified":"2023-08-13T16:01:58","modified_gmt":"2023-08-13T16:01:58","slug":"royal-salute-21-year-old-blended-scotch-whisky","status":"publish","type":"product","link":"https:\/\/www.nightclubliquor.com\/fr\/produit\/royal-salute-21-year-old-blended-scotch-whisky\/","title":{"rendered":"ROYAL SALUTE 21 ans Blended Scotch Whisky Vente en gros - 70cl 40%"},"content":{"rendered":"<div data-elementor-type=\"wp-post\" data-elementor-id=\"16146\" class=\"elementor elementor-16146\">\n\t\t\t\t\t\t<section class=\"elementor-section elementor-top-section elementor-element elementor-element-dbbecba elementor-section-boxed elementor-section-height-default elementor-section-height-default wd-section-disabled\" data-id=\"dbbecba\" data-element_type=\"section\">\n\t\t\t\t\t\t<div class=\"elementor-container elementor-column-gap-default\">\n\t\t\t\t\t<div class=\"elementor-column elementor-col-50 elementor-top-column elementor-element elementor-element-15df2c3\" data-id=\"15df2c3\" data-element_type=\"column\">\n\t\t\t<div class=\"elementor-widget-wrap elementor-element-populated\">\n\t\t\t\t\t\t<div class=\"elementor-element elementor-element-69c4ad4 elementor-widget elementor-widget-wd_text_block\" data-id=\"69c4ad4\" data-element_type=\"widget\" data-widget_type=\"wd_text_block.default\">\n\t\t\t\t<div class=\"elementor-widget-container\">\n\t\t\t\t\t\t\t<div class=\"wd-text-block reset-last-child text-left\">\n\t\t\t\n\t\t\t<h3 style=\"text-align: left;\"><strong>Quantit\u00e9 minimum d&#039;achat<\/strong> pour exp\u00e9dition: <strong>5<\/strong> <strong>Bo\u00eetes, ne pas vendre au d\u00e9tail et ne pas exp\u00e9dier par bouteille.<\/strong><\/h3>\n\t\t\t\t\t<\/div>\n\t\t\t\t\t\t<\/div>\n\t\t\t\t<\/div>\n\t\t\t\t<div class=\"elementor-element elementor-element-11c1ccb elementor-widget elementor-widget-wd_text_block\" data-id=\"11c1ccb\" data-element_type=\"widget\" data-widget_type=\"wd_text_block.default\">\n\t\t\t\t<div class=\"elementor-widget-container\">\n\t\t\t\t\t\t\t<div class=\"wd-text-block reset-last-child text-left\">\n\t\t\t\n\t\t\t<h1>ROYAL SALUTE 21 ans Blended Scotch Whisky Fournisseur en gros - 70cl 40%<\/h1><p>ROYAL SALUTE 21 ans Blended Scotch Whisky. Cr\u00e9\u00e9 \u00e0 l&#039;origine comme cadeau pour le couronnement de la reine pour c\u00e9l\u00e9brer le salut de 21 coups de canon qui l&#039;a honor\u00e9e en 1953. Il vient de faire peau neuve. Une nouvelle bouteille pr\u00e9sent\u00e9e dans une bo\u00eete souvenir. Chaque bouteille est pr\u00e9sent\u00e9e dans une bo\u00eete de marque Royal Salute. Il semble \u00e0 peu pr\u00e8s le m\u00eame jusqu&#039;\u00e0 ce qu&#039;il soit ouvert pour r\u00e9v\u00e9ler une illustration color\u00e9e d&#039;une m\u00e9nagerie royale cr\u00e9\u00e9e par l&#039;artiste Kristjana S. William.<\/p><p>Ce whisky riche et complexe est vieilli pendant 21 ans en f\u00fbts de ch\u00eane, puis mis en bouteille dans des flacons en porcelaine fabriqu\u00e9s \u00e0 la main. Royal Salute a \u00e9t\u00e9 lanc\u00e9 le 2 juin 1953, en hommage \u00e0 Sa Majest\u00e9 la reine Elizabeth II le jour de son couronnement. Le nom de ce Scotch Whisky exceptionnel vient du 21 Gun Royal Salute, qui est tir\u00e9 en signe de respect pour les dignitaires puissants. Lors de son couronnement, la couronne de la reine Elizabeth II \u00e9tait sertie de rubis, de saphirs et d&#039;\u00e9meraudes. Ces pierres pr\u00e9cieuses restent l&#039;inspiration pour les couleurs des flacons artisanaux de Royal Salute. M\u00e9lang\u00e9 et mis en bouteille par Chivas Brothers Ltd, Ecosse. Chaque bouteille est pr\u00e9sent\u00e9e dans une bo\u00eete de marque Royal Salute. Le produit pr\u00e9sent\u00e9 dans les images est le Sapphire Flagon (Blue). Ce produit n&#039;est plus disponible dans les bouteilles Emerald (vert) ou Ruby (rouge) Flagon, comme c&#039;\u00e9tait historiquement le cas.<\/p>\n\t\t\t\t\t<\/div>\n\t\t\t\t\t\t<\/div>\n\t\t\t\t<\/div>\n\t\t\t\t\t<\/div>\n\t\t<\/div>\n\t\t\t\t<div class=\"elementor-column elementor-col-50 elementor-top-column elementor-element elementor-element-d05ac35\" data-id=\"d05ac35\" data-element_type=\"column\">\n\t\t\t<div class=\"elementor-widget-wrap elementor-element-populated\">\n\t\t\t\t\t\t<div class=\"elementor-element elementor-element-3328355 elementor-widget elementor-widget-wd_image_or_svg\" data-id=\"3328355\" data-element_type=\"widget\" data-widget_type=\"wd_image_or_svg.default\">\n\t\t\t\t<div class=\"elementor-widget-container\">\n\t\t\t\t\t\n\t\t<div class=\"wd-image text-left\">\n\t\t\t\t\t\t\t\t<img fetchpriority=\"high\" decoding=\"async\" width=\"800\" height=\"800\" src=\"https:\/\/www.nightclubliquor.com\/wp-content\/uploads\/2023\/08\/royal-salute-21-year-old-scotch-whisky-5.png\" class=\"attachment-full size-full wp-image-16153\" alt=\"\" srcset=\"https:\/\/www.nightclubliquor.com\/wp-content\/uploads\/2023\/08\/royal-salute-21-year-old-scotch-whisky-5.png 800w, https:\/\/www.nightclubliquor.com\/wp-content\/uploads\/2023\/08\/royal-salute-21-year-old-scotch-whisky-5-300x300.png 300w, https:\/\/www.nightclubliquor.com\/wp-content\/uploads\/2023\/08\/royal-salute-21-year-old-scotch-whisky-5-150x150.png 150w, https:\/\/www.nightclubliquor.com\/wp-content\/uploads\/2023\/08\/royal-salute-21-year-old-scotch-whisky-5-768x768.png 768w, https:\/\/www.nightclubliquor.com\/wp-content\/uploads\/2023\/08\/royal-salute-21-year-old-scotch-whisky-5-12x12.png 12w, https:\/\/www.nightclubliquor.com\/wp-content\/uploads\/2023\/08\/royal-salute-21-year-old-scotch-whisky-5-430x430.png 430w, https:\/\/www.nightclubliquor.com\/wp-content\/uploads\/2023\/08\/royal-salute-21-year-old-scotch-whisky-5-700x700.png 700w\" sizes=\"(max-width: 800px) 100vw, 800px\" \/>\t\t\t\t\t<\/div>\n\n\t\t\t\t\t\t<\/div>\n\t\t\t\t<\/div>\n\t\t\t\t\t<\/div>\n\t\t<\/div>\n\t\t\t\t\t<\/div>\n\t\t<\/section>\n\t\t\t\t<\/div>","protected":false},"excerpt":{"rendered":"<h3><strong>Quantit\u00e9 minimum d&#039;achat<\/strong> pour exp\u00e9dition: <strong>Bo\u00eetes, ne pas vendre au d\u00e9tail et ne pas exp\u00e9dier par bouteille.<\/strong><\/h3>\n<p>ROYAL SALUTE 21 ans Blended Scotch Whisky. Cr\u00e9\u00e9 \u00e0 l&#039;origine comme cadeau pour le couronnement de la reine pour c\u00e9l\u00e9brer le salut de 21 coups de canon qui l&#039;a honor\u00e9e en 1953. Il vient de faire peau neuve. Une nouvelle bouteille pr\u00e9sent\u00e9e dans une bo\u00eete souvenir. Chaque bouteille est pr\u00e9sent\u00e9e dans une bo\u00eete de marque Royal Salute.<\/p>\n<p>&nbsp;<\/p>","protected":false},"featured_media":16149,"comment_status":"open","ping_status":"closed","template":"","meta":[],"product_brand":[],"product_cat":[20],"product_tag":[112,113,111,110],"class_list":{"0":"post-16146","1":"product","2":"type-product","3":"status-publish","4":"has-post-thumbnail","6":"product_cat-whisky","7":"product_tag-royal-salute-21","8":"product_tag-royal-salute-21-year-old","9":"product_tag-scotch-whisky","10":"product_tag-whisky","11":"product_shipping_class-land-transportation","13":"first","14":"instock","15":"sale","16":"featured","17":"taxable","18":"shipping-taxable","19":"purchasable","20":"product-type-variable"},"yoast_head":"<!-- This site is optimized with the Yoast SEO Premium plugin v20.13 (Yoast SEO v26.6) - https:\/\/yoast.com\/wordpress\/plugins\/seo\/ -->\n<title>ROYAL SALUTE 21 Year Old Blended Scotch Whisky Wholesale- 70cl 40% - Guangzhou Sensnwine-Worldfamouswine|Nightclub liquors suppiler<\/title>\n<meta name=\"description\" content=\"Wholesale supplier of ROYAL SALUTE 21 Year Old Scotch Whisky. Originally created as a gift for the Queen\u2019s Coronation to celebrate the 21-gun salute...\" \/>\n<meta name=\"robots\" content=\"index, follow, max-snippet:-1, max-image-preview:large, max-video-preview:-1\" \/>\n<link rel=\"canonical\" href=\"https:\/\/www.nightclubliquor.com\/fr\/produit\/royal-salute-21-year-old-blended-scotch-whisky\/\" \/>\n<meta property=\"og:locale\" content=\"fr_CA\" \/>\n<meta property=\"og:type\" content=\"article\" \/>\n<meta property=\"og:title\" content=\"ROYAL SALUTE 21 Year Old Blended Scotch Whisky Wholesale- 70cl 40% Guangzhou Sensnwine-Worldfamouswine|Nightclub liquors suppiler\" \/>\n<meta property=\"og:description\" content=\"The House of Suntory Yamazaki 18 Year Old single malt Japanese whisky has been aged in the finest Sherry casks by Suntory.Today, Yamazaki is not only the no 1. Single malt in Japan but it is also enjoyed worldwide.\" \/>\n<meta property=\"og:url\" content=\"https:\/\/www.nightclubliquor.com\/fr\/produit\/royal-salute-21-year-old-blended-scotch-whisky\/\" \/>\n<meta property=\"og:site_name\" content=\"Guangzhou Sensnwine-Worldfamouswine|Nightclub liquors suppiler\" \/>\n<meta property=\"article:publisher\" content=\"https:\/\/www.facebook.com\/39wine.cn\" \/>\n<meta property=\"article:modified_time\" content=\"2023-08-13T16:01:58+00:00\" \/>\n<meta property=\"og:image\" content=\"https:\/\/www.nightclubliquor.com\/wp-content\/uploads\/2023\/08\/royal-salute-21-year-old-scotch-whisky-1.png\" \/>\n\t<meta property=\"og:image:width\" content=\"800\" \/>\n\t<meta property=\"og:image:height\" content=\"800\" \/>\n\t<meta property=\"og:image:type\" content=\"image\/png\" \/>\n<meta name=\"twitter:card\" content=\"summary_large_image\" \/>\n<meta name=\"twitter:title\" content=\"ROYAL SALUTE 21 Year Old Blended Scotch Whisky Wholesale- 70cl 40% Guangzhou Sensnwine-Worldfamouswine|Nightclub liquors suppiler\" \/>\n<meta name=\"twitter:description\" content=\"The House of Suntory Yamazaki 18 Year Old single malt Japanese whisky has been aged in the finest Sherry casks by Suntory.Today, Yamazaki is not only the no 1. Single malt in Japan but it is also enjoyed worldwide.\" \/>\n<meta name=\"twitter:site\" content=\"@sensnwine\" \/>\n<meta name=\"twitter:label1\" content=\"Estimation du temps de lecture\" \/>\n\t<meta name=\"twitter:data1\" content=\"2 minutes\" \/>\n<script type=\"application\/ld+json\" class=\"yoast-schema-graph\">{\"@context\":\"https:\/\/schema.org\",\"@graph\":[{\"@type\":\"WebPage\",\"@id\":\"https:\/\/www.nightclubliquor.com\/product\/royal-salute-21-year-old-blended-scotch-whisky\/\",\"url\":\"https:\/\/www.nightclubliquor.com\/product\/royal-salute-21-year-old-blended-scotch-whisky\/\",\"name\":\"ROYAL SALUTE 21 Year Old Blended Scotch Whisky Wholesale- 70cl 40% - Guangzhou Sensnwine-Worldfamouswine|Nightclub liquors suppiler\",\"isPartOf\":{\"@id\":\"https:\/\/www.nightclubliquor.com\/en-us\/#website\"},\"primaryImageOfPage\":{\"@id\":\"https:\/\/www.nightclubliquor.com\/product\/royal-salute-21-year-old-blended-scotch-whisky\/#primaryimage\"},\"image\":{\"@id\":\"https:\/\/www.nightclubliquor.com\/product\/royal-salute-21-year-old-blended-scotch-whisky\/#primaryimage\"},\"thumbnailUrl\":\"https:\/\/www.nightclubliquor.com\/wp-content\/uploads\/2023\/08\/royal-salute-21-year-old-scotch-whisky-1.png\",\"datePublished\":\"2023-08-05T06:48:43+00:00\",\"dateModified\":\"2023-08-13T16:01:58+00:00\",\"description\":\"Wholesale supplier of ROYAL SALUTE 21 Year Old Scotch Whisky. Originally created as a gift for the Queen\u2019s Coronation to celebrate the 21-gun salute...\",\"breadcrumb\":{\"@id\":\"https:\/\/www.nightclubliquor.com\/product\/royal-salute-21-year-old-blended-scotch-whisky\/#breadcrumb\"},\"inLanguage\":\"fr-CA\",\"potentialAction\":[{\"@type\":\"ReadAction\",\"target\":[\"https:\/\/www.nightclubliquor.com\/product\/royal-salute-21-year-old-blended-scotch-whisky\/\"]}]},{\"@type\":\"ImageObject\",\"inLanguage\":\"fr-CA\",\"@id\":\"https:\/\/www.nightclubliquor.com\/product\/royal-salute-21-year-old-blended-scotch-whisky\/#primaryimage\",\"url\":\"https:\/\/www.nightclubliquor.com\/wp-content\/uploads\/2023\/08\/royal-salute-21-year-old-scotch-whisky-1.png\",\"contentUrl\":\"https:\/\/www.nightclubliquor.com\/wp-content\/uploads\/2023\/08\/royal-salute-21-year-old-scotch-whisky-1.png\",\"width\":800,\"height\":800,\"caption\":\"ROYAL SALUTE 21 Year Old Blended Scotch Whisky. Originally created as a gift for the Queen\u2019s Coronation to celebrate the 21-gun salute that honoured her in 1953. It has just had a whopper of a makeover. A new bottle that presented in a keepsake box.\"},{\"@type\":\"BreadcrumbList\",\"@id\":\"https:\/\/www.nightclubliquor.com\/product\/royal-salute-21-year-old-blended-scotch-whisky\/#breadcrumb\",\"itemListElement\":[{\"@type\":\"ListItem\",\"position\":1,\"name\":\"Home\",\"item\":\"https:\/\/www.nightclubliquor.com\/\"},{\"@type\":\"ListItem\",\"position\":2,\"name\":\"Shop\",\"item\":\"https:\/\/www.nightclubliquor.com\/en-us\/shop\/\"},{\"@type\":\"ListItem\",\"position\":3,\"name\":\"ROYAL SALUTE 21 Year Old Blended Scotch Whisky Wholesale- 70cl 40%\"}]},{\"@type\":\"WebSite\",\"@id\":\"https:\/\/www.nightclubliquor.com\/en-us\/#website\",\"url\":\"https:\/\/www.nightclubliquor.com\/en-us\/\",\"name\":\"Guangzhou Sensnwine-Worldfamouswine|Nightclub Liquors Wholesale\",\"description\":\"Supply of primary source of nightclub liquors, Cognac, Whisky, Wine, Chinese Liquor\",\"alternateName\":\"Wholesale of famous brands of nightclub liquors\",\"potentialAction\":[{\"@type\":\"SearchAction\",\"target\":{\"@type\":\"EntryPoint\",\"urlTemplate\":\"https:\/\/www.nightclubliquor.com\/en-us\/?s={search_term_string}\"},\"query-input\":{\"@type\":\"PropertyValueSpecification\",\"valueRequired\":true,\"valueName\":\"search_term_string\"}}],\"inLanguage\":\"fr-CA\"}]}<\/script>\n<!-- \/ Yoast SEO Premium plugin. -->","yoast_head_json":{"title":"ROYAL SALUTE 21 Year Old Blended Scotch Whisky Wholesale- 70cl 40% - Guangzhou Sensnwine-Worldfamouswine|Nightclub liquors suppiler","description":"Wholesale supplier of ROYAL SALUTE 21 Year Old Scotch Whisky. Originally created as a gift for the Queen\u2019s Coronation to celebrate the 21-gun salute...","robots":{"index":"index","follow":"follow","max-snippet":"max-snippet:-1","max-image-preview":"max-image-preview:large","max-video-preview":"max-video-preview:-1"},"canonical":"https:\/\/www.nightclubliquor.com\/fr\/produit\/royal-salute-21-year-old-blended-scotch-whisky\/","og_locale":"fr_CA","og_type":"article","og_title":"ROYAL SALUTE 21 Year Old Blended Scotch Whisky Wholesale- 70cl 40% Guangzhou Sensnwine-Worldfamouswine|Nightclub liquors suppiler","og_description":"The House of Suntory Yamazaki 18 Year Old single malt Japanese whisky has been aged in the finest Sherry casks by Suntory.Today, Yamazaki is not only the no 1. Single malt in Japan but it is also enjoyed worldwide.","og_url":"https:\/\/www.nightclubliquor.com\/fr\/produit\/royal-salute-21-year-old-blended-scotch-whisky\/","og_site_name":"Guangzhou Sensnwine-Worldfamouswine|Nightclub liquors suppiler","article_publisher":"https:\/\/www.facebook.com\/39wine.cn","article_modified_time":"2023-08-13T16:01:58+00:00","og_image":[{"width":800,"height":800,"url":"https:\/\/www.nightclubliquor.com\/wp-content\/uploads\/2023\/08\/royal-salute-21-year-old-scotch-whisky-1.png","type":"image\/png"}],"twitter_card":"summary_large_image","twitter_title":"ROYAL SALUTE 21 Year Old Blended Scotch Whisky Wholesale- 70cl 40% Guangzhou Sensnwine-Worldfamouswine|Nightclub liquors suppiler","twitter_description":"The House of Suntory Yamazaki 18 Year Old single malt Japanese whisky has been aged in the finest Sherry casks by Suntory.Today, Yamazaki is not only the no 1. Single malt in Japan but it is also enjoyed worldwide.","twitter_site":"@sensnwine","twitter_misc":{"Estimation du temps de lecture":"2 minutes"},"schema":{"@context":"https:\/\/schema.org","@graph":[{"@type":"WebPage","@id":"https:\/\/www.nightclubliquor.com\/product\/royal-salute-21-year-old-blended-scotch-whisky\/","url":"https:\/\/www.nightclubliquor.com\/product\/royal-salute-21-year-old-blended-scotch-whisky\/","name":"ROYAL SALUTE 21 Year Old Blended Scotch Whisky Wholesale- 70cl 40% - Guangzhou Sensnwine-Worldfamouswine|Nightclub liquors suppiler","isPartOf":{"@id":"https:\/\/www.nightclubliquor.com\/en-us\/#website"},"primaryImageOfPage":{"@id":"https:\/\/www.nightclubliquor.com\/product\/royal-salute-21-year-old-blended-scotch-whisky\/#primaryimage"},"image":{"@id":"https:\/\/www.nightclubliquor.com\/product\/royal-salute-21-year-old-blended-scotch-whisky\/#primaryimage"},"thumbnailUrl":"https:\/\/www.nightclubliquor.com\/wp-content\/uploads\/2023\/08\/royal-salute-21-year-old-scotch-whisky-1.png","datePublished":"2023-08-05T06:48:43+00:00","dateModified":"2023-08-13T16:01:58+00:00","description":"Wholesale supplier of ROYAL SALUTE 21 Year Old Scotch Whisky. Originally created as a gift for the Queen\u2019s Coronation to celebrate the 21-gun salute...","breadcrumb":{"@id":"https:\/\/www.nightclubliquor.com\/product\/royal-salute-21-year-old-blended-scotch-whisky\/#breadcrumb"},"inLanguage":"fr-CA","potentialAction":[{"@type":"ReadAction","target":["https:\/\/www.nightclubliquor.com\/product\/royal-salute-21-year-old-blended-scotch-whisky\/"]}]},{"@type":"ImageObject","inLanguage":"fr-CA","@id":"https:\/\/www.nightclubliquor.com\/product\/royal-salute-21-year-old-blended-scotch-whisky\/#primaryimage","url":"https:\/\/www.nightclubliquor.com\/wp-content\/uploads\/2023\/08\/royal-salute-21-year-old-scotch-whisky-1.png","contentUrl":"https:\/\/www.nightclubliquor.com\/wp-content\/uploads\/2023\/08\/royal-salute-21-year-old-scotch-whisky-1.png","width":800,"height":800,"caption":"ROYAL SALUTE 21 Year Old Blended Scotch Whisky. Originally created as a gift for the Queen\u2019s Coronation to celebrate the 21-gun salute that honoured her in 1953. It has just had a whopper of a makeover. A new bottle that presented in a keepsake box."},{"@type":"BreadcrumbList","@id":"https:\/\/www.nightclubliquor.com\/product\/royal-salute-21-year-old-blended-scotch-whisky\/#breadcrumb","itemListElement":[{"@type":"ListItem","position":1,"name":"Home","item":"https:\/\/www.nightclubliquor.com\/"},{"@type":"ListItem","position":2,"name":"Shop","item":"https:\/\/www.nightclubliquor.com\/en-us\/shop\/"},{"@type":"ListItem","position":3,"name":"ROYAL SALUTE 21 Year Old Blended Scotch Whisky Wholesale- 70cl 40%"}]},{"@type":"WebSite","@id":"https:\/\/www.nightclubliquor.com\/en-us\/#website","url":"https:\/\/www.nightclubliquor.com\/en-us\/","name":"Guangzhou Sensnwine-Worldfamouswine|Nightclub Liquors Wholesale","description":"Fourniture de la principale source d&#039;alcools de bo\u00eete de nuit, Cognac, Whisky, Vin, Liqueur chinoise","alternateName":"Wholesale of famous brands of nightclub liquors","potentialAction":[{"@type":"SearchAction","target":{"@type":"EntryPoint","urlTemplate":"https:\/\/www.nightclubliquor.com\/en-us\/?s={search_term_string}"},"query-input":{"@type":"PropertyValueSpecification","valueRequired":true,"valueName":"search_term_string"}}],"inLanguage":"fr-CA"}]}},"_links":{"self":[{"href":"https:\/\/www.nightclubliquor.com\/fr\/wp-json\/wp\/v2\/product\/16146","targetHints":{"allow":["GET"]}}],"collection":[{"href":"https:\/\/www.nightclubliquor.com\/fr\/wp-json\/wp\/v2\/product"}],"about":[{"href":"https:\/\/www.nightclubliquor.com\/fr\/wp-json\/wp\/v2\/types\/product"}],"replies":[{"embeddable":true,"href":"https:\/\/www.nightclubliquor.com\/fr\/wp-json\/wp\/v2\/comments?post=16146"}],"version-history":[{"count":13,"href":"https:\/\/www.nightclubliquor.com\/fr\/wp-json\/wp\/v2\/product\/16146\/revisions"}],"predecessor-version":[{"id":16215,"href":"https:\/\/www.nightclubliquor.com\/fr\/wp-json\/wp\/v2\/product\/16146\/revisions\/16215"}],"wp:featuredmedia":[{"embeddable":true,"href":"https:\/\/www.nightclubliquor.com\/fr\/wp-json\/wp\/v2\/media\/16149"}],"wp:attachment":[{"href":"https:\/\/www.nightclubliquor.com\/fr\/wp-json\/wp\/v2\/media?parent=16146"}],"wp:term":[{"taxonomy":"product_brand","embeddable":true,"href":"https:\/\/www.nightclubliquor.com\/fr\/wp-json\/wp\/v2\/product_brand?post=16146"},{"taxonomy":"product_cat","embeddable":true,"href":"https:\/\/www.nightclubliquor.com\/fr\/wp-json\/wp\/v2\/product_cat?post=16146"},{"taxonomy":"product_tag","embeddable":true,"href":"https:\/\/www.nightclubliquor.com\/fr\/wp-json\/wp\/v2\/product_tag?post=16146"}],"curies":[{"name":"wp","href":"https:\/\/api.w.org\/{rel}","templated":true}]}}